{"id":1598,"date":"2021-05-17T20:43:31","date_gmt":"2021-05-17T18:43:31","guid":{"rendered":"https:\/\/lasottevillaise.com\/?page_id=1598"},"modified":"2023-10-13T14:49:48","modified_gmt":"2023-10-13T12:49:48","slug":"handi-gym-2","status":"publish","type":"page","link":"https:\/\/lasottevillaise.com\/index.php\/handi-gym-2\/","title":{"rendered":"Handi-Gym"},"content":{"rendered":"\n<p><\/p>\n\n\n\n<figure class=\"wp-block-table is-style-stripes\"><table><thead><tr><th class=\"has-text-align-center\" data-align=\"center\">Jours<\/th><th class=\"has-text-align-center\" data-align=\"center\">Horaires<\/th><th class=\"has-text-align-center\" data-align=\"center\">Encadrant<\/th><\/tr><\/thead><tbody><tr><td class=\"has-text-align-center\" data-align=\"center\"> <strong><span style=\"color:#ff0004\" class=\"tadv-color\">MARDI<\/span><\/strong> <\/td><td class=\"has-text-align-center\" data-align=\"center\"><strong>14h \u00e0 15h<\/strong><\/td><td class=\"has-text-align-center\" data-align=\"center\"><strong>Fran\u00e7ois<\/strong><\/td><\/tr><tr><td class=\"has-text-align-center\" data-align=\"center\"><strong><span style=\"color:#ff0004\" class=\"tadv-color\">JEUDI<\/span><\/strong><\/td><td class=\"has-text-align-center\" data-align=\"center\"><strong>10h00 \u00e0 11h00<\/strong><\/td><td class=\"has-text-align-center\" data-align=\"center\"><strong>Agnes<\/strong><\/td><\/tr><tr><td class=\"has-text-align-center\" data-align=\"center\"><strong><span style=\"color:#ff0004\" class=\"tadv-color\">VENDREDI<\/span><\/strong><\/td><td class=\"has-text-align-center\" data-align=\"center\"><strong>10h30 \u00e0 11h45<\/strong><\/td><td class=\"has-text-align-center\" data-align=\"center\"><strong>Agnes<\/strong><\/td><\/tr><\/tbody><\/table><\/figure>\n\n\n\n<p><\/p>\n","protected":false},"excerpt":{"rendered":"<p>Jours Horaires Encadrant MARDI 14h \u00e0 15h Fran\u00e7ois JEUDI 10h00 \u00e0 11h00 Agnes VENDREDI 10h30 \u00e0 11h45 Agnes<\/p>\n","protected":false},"author":1,"featured_media":0,"parent":0,"menu_order":0,"comment_status":"closed","ping_status":"closed","template":"","meta":{"footnotes":""},"jetpack_sharing_enabled":true,"acf":[],"_links":{"self":[{"href":"https:\/\/lasottevillaise.com\/index.php\/wp-json\/wp\/v2\/pages\/1598"}],"collection":[{"href":"https:\/\/lasottevillaise.com\/index.php\/wp-json\/wp\/v2\/pages"}],"about":[{"href":"https:\/\/lasottevillaise.com\/index.php\/wp-json\/wp\/v2\/types\/page"}],"author":[{"embeddable":true,"href":"https:\/\/lasottevillaise.com\/index.php\/wp-json\/wp\/v2\/users\/1"}],"replies":[{"embeddable":true,"href":"https:\/\/lasottevillaise.com\/index.php\/wp-json\/wp\/v2\/comments?post=1598"}],"version-history":[{"count":8,"href":"https:\/\/lasottevillaise.com\/index.php\/wp-json\/wp\/v2\/pages\/1598\/revisions"}],"predecessor-version":[{"id":3112,"href":"https:\/\/lasottevillaise.com\/index.php\/wp-json\/wp\/v2\/pages\/1598\/revisions\/3112"}],"wp:attachment":[{"href":"https:\/\/lasottevillaise.com\/index.php\/wp-json\/wp\/v2\/media?parent=1598"}],"curies":[{"name":"wp","href":"https:\/\/api.w.org\/{rel}","templated":true}]}}