{"id":213,"date":"2021-01-25T18:30:20","date_gmt":"2021-01-25T17:30:20","guid":{"rendered":"https:\/\/lasottevillaise.com\/?page_id=213"},"modified":"2025-06-11T16:44:24","modified_gmt":"2025-06-11T14:44:24","slug":"loisir-masculin","status":"publish","type":"page","link":"https:\/\/lasottevillaise.com\/index.php\/loisir-masculin\/","title":{"rendered":"\u00c9cole de Gym Masculine"},"content":{"rendered":"\t\t<div data-elementor-type=\"wp-page\" data-elementor-id=\"213\" class=\"elementor elementor-213\">\n\t\t\t\t\t\t<section class=\"elementor-section elementor-top-section elementor-element elementor-element-33293044 elementor-section-boxed elementor-section-height-default elementor-section-height-default wpr-particle-no wpr-jarallax-no wpr-parallax-no wpr-sticky-section-no\" data-id=\"33293044\" data-element_type=\"section\">\n\t\t\t\t\t\t<div class=\"elementor-container elementor-column-gap-default\">\n\t\t\t\t\t<div class=\"elementor-column elementor-col-100 elementor-top-column elementor-element elementor-element-1be7570\" data-id=\"1be7570\" data-element_type=\"column\">\n\t\t\t<div class=\"elementor-widget-wrap elementor-element-populated\">\n\t\t\t\t\t\t<div class=\"elementor-element elementor-element-52b3a535 elementor-widget elementor-widget-text-editor\" data-id=\"52b3a535\" data-element_type=\"widget\" data-widget_type=\"text-editor.default\">\n\t\t\t\t<div class=\"elementor-widget-container\">\n\t\t\t\t\t\t\t\t\t<p><\/p>\n<p class=\"has-medium-font-size\">\u00a0\u26a0<strong><span class=\"tadv-color\" style=\"color: #ff0004;\">Attention\u26a0 :<\/span><\/strong> <strong>Pour les nouveaux arrivants<\/strong> l&#8217;acc\u00e8s \u00e0 la comp\u00e9tition se fait uniquement avec l&#8217;accord de l&#8217;entraineur. Les nouveaux gymnastes doivent donc d&#8217;abord s&#8217;inscrire dans la cat\u00e9gorie &#8220;Loisir&#8221;. En revanche, si l&#8217;entraineur estime que l&#8217;envie et le niveau sont suffisants pour pouvoir acc\u00e9der \u00e0 la comp\u00e9tition un changement vers un groupe comp\u00e9titif sera possible en cours d&#8217;ann\u00e9e.<\/p>\n<p><\/p>\n<div class=\"wp-block-spacer\" style=\"height: 70px;\" aria-hidden=\"true\">\u00a0<\/div>\n<p><\/p>\n<div class=\"wp-block-buttons is-layout-flex wp-block-buttons-is-layout-flex\">\n<p><\/p>\n<div class=\"wp-block-button is-style-outline\"><a class=\"wp-block-button__link has-text-color wp-element-button\" style=\"border-radius: 50px; color: #ff0000;\"><strong><mark class=\"has-inline-color has-black-color\" style=\"background-color: rgba(0, 0, 0, 0);\"><span class=\"tadv-color\" style=\"color: #000000;\">D\u00e9couvertes<\/span> 5 ans<\/mark><\/strong><\/a><\/div>\n<p><\/p>\n<\/div>\n<p><\/p>\n<figure class=\"wp-block-table is-style-stripes has-medium-font-size\">\n<table>\n<thead>\n<tr>\n<th class=\"has-text-align-center\" data-align=\"center\">Jours<\/th>\n<th class=\"has-text-align-center\" data-align=\"center\">Horaires<\/th>\n<th class=\"has-text-align-center\" data-align=\"center\">Encadrant<\/th>\n<\/tr>\n<\/thead>\n<tbody>\n<tr>\n<td class=\"has-text-align-center\" data-align=\"center\"><strong><span class=\"tadv-color\" style=\"color: #ff0004;\">MERCREDI<\/span><\/strong><\/td>\n<td class=\"has-text-align-center\" data-align=\"center\"><strong>9h45 \u00e0 10h45<\/strong><\/td>\n<td class=\"has-text-align-center\" data-align=\"center\"><strong>Danny \/ Victor<\/strong><\/td>\n<\/tr>\n<tr>\n<td class=\"has-text-align-center\" data-align=\"center\"><strong><span class=\"tadv-color\" style=\"color: #ff0004;\">SAMEDI<\/span><\/strong><\/td>\n<td class=\"has-text-align-center\" data-align=\"center\"><strong>9h00 \u00e0 10h00<\/strong><\/td>\n<td class=\"has-text-align-center\" data-align=\"center\"><strong>Killian<\/strong><\/td>\n<\/tr>\n<\/tbody>\n<\/table>\n<\/figure>\n<p><\/p>\n<div class=\"wp-block-spacer\" style=\"height: 70px;\" aria-hidden=\"true\">\u00a0<\/div>\n<p><\/p>\n<div class=\"wp-block-buttons is-layout-flex wp-block-buttons-is-layout-flex\">\n<p><\/p>\n<div class=\"wp-block-button is-style-outline\"><a class=\"wp-block-button__link has-text-color wp-element-button\" style=\"border-radius: 50px; color: #ff0000;\"><strong><span class=\"tadv-color\" style=\"color: #000000;\">\u00c9cole de gym<\/span><mark class=\"has-inline-color has-black-color\" style=\"background-color: rgba(0, 0, 0, 0);\">\u00a06-7-8 ans<\/mark><\/strong><\/a><\/div>\n<p><\/p>\n<\/div>\n<p><\/p>\n<figure class=\"wp-block-table is-style-stripes has-medium-font-size\">\n<table>\n<thead>\n<tr>\n<th class=\"has-text-align-center\" data-align=\"center\">Jours<\/th>\n<th class=\"has-text-align-center\" data-align=\"center\">Horaires<\/th>\n<th class=\"has-text-align-center\" data-align=\"center\">Encadrant<\/th>\n<\/tr>\n<\/thead>\n<tbody>\n<tr>\n<td class=\"has-text-align-center\" data-align=\"center\"><strong><span class=\"tadv-color\" style=\"color: #ff0004;\">MERCREDI<\/span><\/strong><\/td>\n<td class=\"has-text-align-center\" data-align=\"center\"><strong>11h00 \u00e0 12h00<\/strong><\/td>\n<td class=\"has-text-align-center\" data-align=\"center\"><strong>Victor<\/strong><\/td>\n<\/tr>\n<tr>\n<td class=\"has-text-align-center\" data-align=\"center\"><span class=\"tadv-color\" style=\"color: #ff0004;\"><strong>MERCREDI<\/strong><\/span><\/td>\n<td class=\"has-text-align-center\" data-align=\"center\"><strong>17h00 \u00e0 18h00<\/strong><\/td>\n<td class=\"has-text-align-center\" data-align=\"center\"><b>Victor<\/b><\/td>\n<\/tr>\n<\/tbody>\n<\/table>\n<\/figure>\n<p><\/p>\n<div class=\"wp-block-spacer\" style=\"height: 70px;\" aria-hidden=\"true\">\u00a0<\/div>\n<p><\/p>\n<div class=\"wp-block-buttons is-layout-flex wp-block-buttons-is-layout-flex\">\n<p><\/p>\n<div class=\"wp-block-button is-style-outline\"><a class=\"wp-block-button__link has-text-color wp-element-button\" style=\"border-radius: 50px; color: #ff0000;\"><strong><mark class=\"has-inline-color has-black-color\" style=\"background-color: rgba(0, 0, 0, 0);\"><span class=\"tadv-color\" style=\"color: #000000;\">\u00c9cole de gym <\/span>9-10-11 ans<\/mark><\/strong><\/a><\/div>\n<p><\/p>\n<\/div>\n<p><\/p>\n<figure class=\"wp-block-table is-style-stripes has-medium-font-size\">\n<table>\n<thead>\n<tr>\n<th class=\"has-text-align-center\" data-align=\"center\">Jours<\/th>\n<th class=\"has-text-align-center\" data-align=\"center\">Horaires<\/th>\n<th class=\"has-text-align-center\" data-align=\"center\">Encadrant<\/th>\n<\/tr>\n<\/thead>\n<tbody>\n<tr>\n<td class=\"has-text-align-center\" data-align=\"center\"><strong><span class=\"tadv-color\" style=\"color: #ff0004;\">MERCREDI<\/span><\/strong><\/td>\n<td class=\"has-text-align-center\" data-align=\"center\"><strong>16h00 \u00e0 17h00<\/strong><\/td>\n<td class=\"has-text-align-center\" data-align=\"center\"><strong>Victor<br \/><\/strong><\/td>\n<\/tr>\n<\/tbody>\n<\/table>\n<\/figure>\n<p><strong><span style=\"font-size: 14pt;\">\u00a0 \u00a0 \u00a0 Ecole de Gym Acro 12 ans +<\/span><\/strong><\/p>\n<p><span style=\"font-size: 12pt;\"><strong>\u00a0 \u00a0 \u00a0 \u00a0 \u00a0 \u00a0 \u00a0 \u00a0 \u00a0 \u00a0 \u00a0 \u00a0 \u00a0 \u00a0 \u00a0 \u00a0 \u00a0 \u00a0 \u00a0 \u00a0<span style=\"font-size: 14pt;\"> Jours\u00a0<\/span> \u00a0 \u00a0 \u00a0 \u00a0 \u00a0 \u00a0 \u00a0 \u00a0 \u00a0 \u00a0 \u00a0 \u00a0 \u00a0 \u00a0 \u00a0 \u00a0 \u00a0 \u00a0 \u00a0 \u00a0 \u00a0 \u00a0 \u00a0 \u00a0 \u00a0 \u00a0 \u00a0 \u00a0 \u00a0 \u00a0 \u00a0 \u00a0 \u00a0 \u00a0 \u00a0 \u00a0 \u00a0 \u00a0 \u00a0 \u00a0 \u00a0 \u00a0 \u00a0 \u00a0 \u00a0 <span style=\"font-size: 14pt;\">\u00a0Horaires\u00a0 \u00a0<\/span> \u00a0 \u00a0 \u00a0 \u00a0 \u00a0 \u00a0 \u00a0 \u00a0 \u00a0 \u00a0 \u00a0 \u00a0 \u00a0 \u00a0 \u00a0 \u00a0 \u00a0 \u00a0 \u00a0 \u00a0 \u00a0 \u00a0 \u00a0 \u00a0 \u00a0 \u00a0 \u00a0 \u00a0 \u00a0 \u00a0 \u00a0 \u00a0 \u00a0 \u00a0 \u00a0 \u00a0 \u00a0 \u00a0 <span style=\"font-size: 14pt;\">\u00a0Encadrant<\/span><\/strong><\/span><\/p>\n<p>\u00a0 \u00a0 \u00a0 \u00a0 \u00a0 \u00a0 \u00a0 \u00a0 \u00a0 \u00a0 \u00a0 \u00a0 \u00a0 \u00a0 \u00a0 \u00a0<span style=\"font-size: 14pt;\"><strong><span style=\"color: #ff0000;\">\u00a0 \u00a0 MERCREDI\u00a0 \u00a0 \u00a0 \u00a0 \u00a0 \u00a0 \u00a0 \u00a0 \u00a0 \u00a0 \u00a0 \u00a0 \u00a0 \u00a0 \u00a0 \u00a0 \u00a0 \u00a0 \u00a0 \u00a0 \u00a0 \u00a0 \u00a0 \u00a0 \u00a0 \u00a0 \u00a0 \u00a0 \u00a0 \u00a0 \u00a0 \u00a0 \u00a0 <\/span><span style=\"color: #ff0000;\"><span style=\"color: #000000;\">\u00a018h00 \u00e0 19h00<\/span><\/span><\/strong><span style=\"color: #ff0000;\"><span style=\"color: #000000;\"><strong>\u00a0<\/strong> \u00a0 \u00a0 \u00a0 \u00a0 \u00a0 \u00a0 \u00a0 \u00a0 \u00a0 \u00a0 \u00a0 \u00a0 \u00a0 \u00a0 \u00a0 \u00a0 \u00a0 \u00a0 \u00a0 \u00a0 \u00a0 \u00a0 \u00a0 \u00a0 \u00a0 \u00a0 \u00a0 \u00a0 \u00a0 \u00a0 \u00a0 \u00a0 \u00a0 \u00a0 <strong>\u00a0Victor<\/strong><\/span><\/span><\/span><\/p>\n<p><span style=\"font-size: 12pt;\"><strong>\u00a0\u00a0<\/strong><\/span><\/p>\n<p>\u00a0<\/p>\n<p><\/p>\n<p><\/p>\t\t\t\t\t\t\t\t<\/div>\n\t\t\t\t<\/div>\n\t\t\t\t\t<\/div>\n\t\t<\/div>\n\t\t\t\t\t<\/div>\n\t\t<\/section>\n\t\t\t\t<\/div>\n\t\t","protected":false},"excerpt":{"rendered":"<p>\u00a0\u26a0Attention\u26a0 : Pour les nouveaux arrivants l&#8217;acc\u00e8s \u00e0 la comp\u00e9tition se fait uniquement avec l&#8217;accord de l&#8217;entraineur. Les nouveaux gymnastes doivent donc d&#8217;abord s&#8217;inscrire dans la cat\u00e9gorie &#8220;Loisir&#8221;. En revanche, si l&#8217;entraineur estime que l&#8217;envie et le niveau sont suffisants pour pouvoir acc\u00e9der \u00e0 la comp\u00e9tition un changement vers un groupe comp\u00e9titif sera possible en cours d&#8217;ann\u00e9e. Jours Horaires Encadrant MERCREDI 9h45 \u00e0 10h45 Danny \/ Victor SAMEDI 9h00 \u00e0 10h00 Killian Jours Horaires Encadrant MERCREDI 11h00 \u00e0 12h00 Victor MERCREDI 17h00 \u00e0 18h00 Victor Jours Horaires Encadrant MERCREDI 16h00 \u00e0 17h00 Victor \u00a0 \u00a0 \u00a0 Ecole de Gym Acro 12 ans + \u00a0 \u00a0 \u00a0 \u00a0 \u00a0 \u00a0 \u00a0 \u00a0 \u00a0 \u00a0 \u00a0 \u00a0 \u00a0 \u00a0 \u00a0 \u00a0 \u00a0 \u00a0 \u00a0 \u00a0 Jours\u00a0 \u00a0 \u00a0 \u00a0 \u00a0 \u00a0 \u00a0 \u00a0 \u00a0 \u00a0 \u00a0 \u00a0 \u00a0 \u00a0 \u00a0 \u00a0 \u00a0 \u00a0 \u00a0 \u00a0 \u00a0 \u00a0 \u00a0 \u00a0 \u00a0 \u00a0 \u00a0 \u00a0 \u00a0 \u00a0 \u00a0 \u00a0 \u00a0 \u00a0 \u00a0 \u00a0 \u00a0 \u00a0 \u00a0 \u00a0 \u00a0 \u00a0 \u00a0 \u00a0 \u00a0 \u00a0 \u00a0Horaires\u00a0 \u00a0 \u00a0 \u00a0 \u00a0 \u00a0 \u00a0 \u00a0 \u00a0 \u00a0 \u00a0 \u00a0 \u00a0 \u00a0 \u00a0 \u00a0 \u00a0 \u00a0 \u00a0 \u00a0 \u00a0 \u00a0 \u00a0 \u00a0 \u00a0 \u00a0 \u00a0 \u00a0 \u00a0 \u00a0 \u00a0 \u00a0 \u00a0 \u00a0 \u00a0 \u00a0 \u00a0 \u00a0 \u00a0 \u00a0 \u00a0Encadrant \u00a0 \u00a0 \u00a0 \u00a0 \u00a0 \u00a0 \u00a0 \u00a0 \u00a0 \u00a0 \u00a0 \u00a0 \u00a0 \u00a0 \u00a0 \u00a0\u00a0 \u00a0 MERCREDI\u00a0 \u00a0 \u00a0 \u00a0 \u00a0 \u00a0 \u00a0 \u00a0 \u00a0 \u00a0 \u00a0 \u00a0 \u00a0 \u00a0 \u00a0 \u00a0 \u00a0 \u00a0 \u00a0 \u00a0 \u00a0 \u00a0 \u00a0 \u00a0 \u00a0 \u00a0 \u00a0 \u00a0 \u00a0 \u00a0 \u00a0 \u00a0 \u00a0 \u00a018h00 \u00e0 19h00\u00a0 \u00a0 \u00a0 \u00a0 \u00a0 \u00a0 \u00a0 \u00a0 \u00a0 \u00a0 \u00a0 \u00a0 \u00a0 \u00a0 \u00a0 \u00a0 \u00a0 \u00a0 \u00a0 \u00a0 \u00a0 \u00a0 \u00a0 \u00a0 \u00a0 \u00a0 \u00a0 \u00a0 \u00a0 \u00a0 \u00a0 \u00a0 \u00a0 \u00a0 \u00a0 \u00a0Victor \u00a0\u00a0 \u00a0<\/p>\n","protected":false},"author":1,"featured_media":0,"parent":0,"menu_order":0,"comment_status":"closed","ping_status":"closed","template":"","meta":{"footnotes":""},"jetpack_sharing_enabled":true,"acf":[],"_links":{"self":[{"href":"https:\/\/lasottevillaise.com\/index.php\/wp-json\/wp\/v2\/pages\/213"}],"collection":[{"href":"https:\/\/lasottevillaise.com\/index.php\/wp-json\/wp\/v2\/pages"}],"about":[{"href":"https:\/\/lasottevillaise.com\/index.php\/wp-json\/wp\/v2\/types\/page"}],"author":[{"embeddable":true,"href":"https:\/\/lasottevillaise.com\/index.php\/wp-json\/wp\/v2\/users\/1"}],"replies":[{"embeddable":true,"href":"https:\/\/lasottevillaise.com\/index.php\/wp-json\/wp\/v2\/comments?post=213"}],"version-history":[{"count":32,"href":"https:\/\/lasottevillaise.com\/index.php\/wp-json\/wp\/v2\/pages\/213\/revisions"}],"predecessor-version":[{"id":4525,"href":"https:\/\/lasottevillaise.com\/index.php\/wp-json\/wp\/v2\/pages\/213\/revisions\/4525"}],"wp:attachment":[{"href":"https:\/\/lasottevillaise.com\/index.php\/wp-json\/wp\/v2\/media?parent=213"}],"curies":[{"name":"wp","href":"https:\/\/api.w.org\/{rel}","templated":true}]}}