{"id":215,"date":"2021-01-25T18:32:34","date_gmt":"2021-01-25T17:32:34","guid":{"rendered":"https:\/\/lasottevillaise.com\/?page_id=215"},"modified":"2025-07-01T10:35:53","modified_gmt":"2025-07-01T08:35:53","slug":"loisir-feminin","status":"publish","type":"page","link":"https:\/\/lasottevillaise.com\/index.php\/loisir-feminin\/","title":{"rendered":"\u00c9cole de Gym F\u00e9minin"},"content":{"rendered":"\t\t<div data-elementor-type=\"wp-page\" data-elementor-id=\"215\" class=\"elementor elementor-215\">\n\t\t\t\t\t\t<section class=\"elementor-section elementor-top-section elementor-element elementor-element-2d2e07b9 elementor-section-boxed elementor-section-height-default elementor-section-height-default wpr-particle-no wpr-jarallax-no wpr-parallax-no wpr-sticky-section-no\" data-id=\"2d2e07b9\" data-element_type=\"section\">\n\t\t\t\t\t\t<div class=\"elementor-container elementor-column-gap-default\">\n\t\t\t\t\t<div class=\"elementor-column elementor-col-100 elementor-top-column elementor-element elementor-element-663f1832\" data-id=\"663f1832\" data-element_type=\"column\">\n\t\t\t<div class=\"elementor-widget-wrap elementor-element-populated\">\n\t\t\t\t\t\t<div class=\"elementor-element elementor-element-27032874 elementor-widget elementor-widget-text-editor\" data-id=\"27032874\" data-element_type=\"widget\" data-widget_type=\"text-editor.default\">\n\t\t\t\t<div class=\"elementor-widget-container\">\n\t\t\t\t\t\t\t\t\t<p><\/p>\n<p class=\"has-medium-font-size\" style=\"text-align: left;\">\u26a0<strong><span class=\"tadv-color\" style=\"color: #ff0004;\">Attention\u26a0 :<\/span><\/strong> <strong>Pour les nouveaux arrivants<\/strong> l&#8217;acc\u00e8s \u00e0 la comp\u00e9tition se fait uniquement avec l&#8217;accord de l&#8217;entraineur. Les nouveaux gymnastes doivent donc d&#8217;abord s&#8217;inscrire dans la cat\u00e9gorie &#8220;Loisir&#8221;. En revanche, si l&#8217;entraineur estime que l&#8217;envie et le niveau sont suffisants pour pouvoir acc\u00e9der \u00e0 la comp\u00e9tition un changement vers un groupe comp\u00e9titif sera possible en cours d&#8217;ann\u00e9e.<\/p>\n<p><\/p>\n<p><\/p>\n<div class=\"wp-block-spacer\" style=\"height: 70px;\" aria-hidden=\"true\">&nbsp;<\/div>\n<p><\/p>\n<p><\/p>\n<p class=\"has-text-align-center has-text-color\" style=\"color: #ff0004; font-size: 25px;\"><strong><span style=\"text-decoration: underline;\">Gym Loisir pour les nouveaux adh\u00e9rent<\/span><\/strong><\/p>\n<p><\/p>\n<p><\/p>\n<p><\/p>\n<p><\/p>\n<p><\/p>\n<div class=\"wp-block-buttons is-layout-flex wp-block-buttons-is-layout-flex\">\n<p><\/p>\n<div class=\"wp-block-button is-style-outline\"><a class=\"wp-block-button__link has-text-color wp-element-button\" style=\"border-radius: 50px; color: #ff0000;\"><strong><span class=\"tadv-color\" style=\"color: #000000;\">Gym Loisir 5-6 <\/span><mark class=\"has-inline-color has-black-color\" style=\"background-color: rgba(0, 0, 0, 0);\">ans<\/mark><\/strong><\/a><\/div>\n<p><\/p>\n<p><\/p>\n<\/div>\n<p><\/p>\n<p><\/p>\n<figure class=\"wp-block-table is-style-stripes has-medium-font-size\">\n<table>\n<thead>\n<tr>\n<th class=\"has-text-align-center\" data-align=\"center\"><strong><span style=\"color: #ff0000;\">Jours<\/span><\/strong><\/th>\n<th class=\"has-text-align-center\" data-align=\"center\"><strong><span style=\"color: #ff0000;\">Horaires<\/span><\/strong><\/th>\n<th class=\"has-text-align-center\" data-align=\"center\"><strong><span style=\"color: #ff0000;\">Encadrant<\/span><\/strong><\/th>\n<\/tr>\n<tr>\n<th class=\"has-text-align-center\" data-align=\"center\">&nbsp;<\/th>\n<th class=\"has-text-align-center\" data-align=\"center\">&nbsp;<\/th>\n<th class=\"has-text-align-center\" data-align=\"center\">&nbsp;<\/th>\n<\/tr>\n<\/thead>\n<tbody>\n<tr>\n<td class=\"has-text-align-center\" data-align=\"center\"><strong><span style=\"color: #ff0000;\">LUNDI&nbsp;<\/span><\/strong><\/td>\n<td class=\"has-text-align-center\" data-align=\"center\">&nbsp; &nbsp;<strong> &nbsp;17h00 \u00e0 18h00&nbsp;<\/strong><\/td>\n<td class=\"has-text-align-center\" data-align=\"center\"><strong>Agn\u00e8s<\/strong><\/td>\n<\/tr>\n<tr>\n<td class=\"has-text-align-center\" data-align=\"center\"><span class=\"has-inline-color\" style=\"color: #f70000;\"><strong>MARDI<\/strong><\/span><\/td>\n<td class=\"has-text-align-center\" data-align=\"center\"><strong>&nbsp; &nbsp; &nbsp;17h00 \u00e0 18h00<\/strong><\/td>\n<td class=\"has-text-align-center\" data-align=\"center\"><strong>Agn\u00e8s<\/strong><\/td>\n<\/tr>\n<tr>\n<td class=\"has-text-align-center\" data-align=\"center\"><strong><span class=\"tadv-color\" style=\"color: #ff0004;\">MERCREDI<\/span><\/strong><\/td>\n<td class=\"has-text-align-center\" data-align=\"center\"><strong>&nbsp; &nbsp; 10h00 \u00e0 11h00<\/strong><\/td>\n<td class=\"has-text-align-center\" data-align=\"center\"><strong>Killian<\/strong><\/td>\n<\/tr>\n<tr>\n<td class=\"has-text-align-center\" data-align=\"center\"><strong><span class=\"tadv-color\" style=\"color: #ff0004;\">MERCREDI<\/span><\/strong><\/td>\n<td class=\"has-text-align-center\" data-align=\"center\"><strong>&nbsp; &nbsp; 13h30 \u00e0 14h30<\/strong><\/td>\n<td class=\"has-text-align-center\" data-align=\"center\"><strong>Agnes<\/strong><\/td>\n<\/tr>\n<tr>\n<td class=\"has-text-align-center\" data-align=\"center\"><strong><span class=\"tadv-color\" style=\"color: #ff0004;\">VENDREDI<\/span><\/strong><\/td>\n<td class=\"has-text-align-center\" data-align=\"center\"><strong>&nbsp; &nbsp; 17h15 \u00e0 18h15<\/strong><\/td>\n<td class=\"has-text-align-center\" data-align=\"center\"><strong>Killian<\/strong><\/td>\n<\/tr>\n<tr>\n<td class=\"has-text-align-center\" data-align=\"center\"><span class=\"has-inline-color\" style=\"color: #ff0000;\"><strong>SAMEDI<\/strong><\/span><\/td>\n<td class=\"has-text-align-center\" data-align=\"center\"><strong>&nbsp; &nbsp;14h00 \u00e0 15h00<\/strong><\/td>\n<td class=\"has-text-align-center\" data-align=\"center\"><b>Killian<\/b>&nbsp;<strong>\/ Agnes<\/strong><\/td>\n<\/tr>\n<\/tbody>\n<\/table>\n<\/figure>\n<p><\/p>\n<p><\/p>\n<div class=\"wp-block-spacer\" style=\"height: 70px;\" aria-hidden=\"true\">&nbsp;<\/div>\n<p><\/p>\n<p><\/p>\n<div class=\"wp-block-buttons is-layout-flex wp-block-buttons-is-layout-flex\">\n<p><\/p>\n<div class=\"wp-block-button is-style-outline\"><a class=\"wp-block-button__link has-text-color wp-element-button\" style=\"border-radius: 50px; color: #ff0000;\"><strong><span class=\"tadv-color\" style=\"color: #000000;\">Gym Loisir<\/span><mark class=\"has-inline-color has-black-color\" style=\"background-color: rgba(0, 0, 0, 0);\">&nbsp;7-8-9 ans<\/mark><\/strong><\/a><\/div>\n<p><\/p>\n<p><\/p>\n<\/div>\n<p><\/p>\n<p><\/p>\n<figure class=\"wp-block-table is-style-stripes has-medium-font-size\">\n<table>\n<thead>\n<tr>\n<th class=\"has-text-align-center\" data-align=\"center\">Jours<\/th>\n<th class=\"has-text-align-center\" data-align=\"center\">Horaires<\/th>\n<th class=\"has-text-align-center\" data-align=\"center\">Encadrant<\/th>\n<\/tr>\n<\/thead>\n<tbody>\n<tr>\n<td class=\"has-text-align-center\" data-align=\"center\"><strong><span class=\"tadv-color\" style=\"color: #ff0004;\">&nbsp;MARDI&nbsp;<\/span><\/strong><\/td>\n<td class=\"has-text-align-center\" data-align=\"center\"><strong>17h00 \u00e0 18h00 OU 18h00 \u00e0 19h00<\/strong><\/td>\n<td class=\"has-text-align-center\" data-align=\"center\"><strong>Killian<\/strong><\/td>\n<\/tr>\n<tr>\n<td class=\"has-text-align-center\" data-align=\"center\"><strong><span class=\"tadv-color\" style=\"color: #fe0004;\">MERCREDI<\/span><\/strong><\/td>\n<td class=\"has-text-align-center\" data-align=\"center\"><strong>11h00 \u00e0 12h00<\/strong><\/td>\n<td class=\"has-text-align-center\" data-align=\"center\"><strong>Killian<\/strong><\/td>\n<\/tr>\n<tr>\n<td class=\"has-text-align-center\" data-align=\"center\"><strong><span class=\"tadv-color\" style=\"color: #fe0004;\">MERCREDI<\/span><\/strong><\/td>\n<td class=\"has-text-align-center\" data-align=\"center\"><strong>13h30 \u00e0 14h30<\/strong><\/td>\n<td class=\"has-text-align-center\" data-align=\"center\"><strong>Killian<\/strong><\/td>\n<\/tr>\n<tr>\n<td class=\"has-text-align-center\" data-align=\"center\"><strong><span class=\"tadv-color\" style=\"color: #ff0004;\">MERCREDI<\/span><\/strong><\/td>\n<td class=\"has-text-align-center\" data-align=\"center\"><strong>16h30 \u00e0 17H30<\/strong><\/td>\n<td class=\"has-text-align-center\" data-align=\"center\"><strong>Agn\u00e8s <\/strong><\/td>\n<\/tr>\n<tr>\n<td class=\"has-text-align-center\" data-align=\"center\"><strong><span class=\"tadv-color\" style=\"color: #ff0004;\">SAMEDI<\/span><\/strong><\/td>\n<td class=\"has-text-align-center\" data-align=\"center\"><strong>15h00 \u00e0 16h00<\/strong><\/td>\n<td class=\"has-text-align-center\" data-align=\"center\"><strong>Agn\u00e8s\/Killian<\/strong><\/td>\n<\/tr>\n<\/tbody>\n<\/table>\n<\/figure>\n<p><\/p>\n<p><\/p>\n<div class=\"wp-block-spacer\" style=\"height: 70px;\" aria-hidden=\"true\">&nbsp;<\/div>\n<p><\/p>\n<p><\/p>\n<div class=\"wp-block-buttons is-layout-flex wp-block-buttons-is-layout-flex\">\n<p><\/p>\n<div class=\"wp-block-button is-style-outline\"><a class=\"wp-block-button__link has-text-color wp-element-button\" style=\"border-radius: 50px; color: #ff0000;\"><strong><mark class=\"has-inline-color has-black-color\" style=\"background-color: rgba(0, 0, 0, 0);\"><span class=\"tadv-color\" style=\"color: #000000;\">Gym Loisir <\/span>10-12<\/mark><\/strong>&nbsp;<strong><mark class=\"has-inline-color has-black-color\" style=\"background-color: rgba(0, 0, 0, 0);\">ans<\/mark><\/strong><\/a><\/div>\n<p><\/p>\n<p><\/p>\n<\/div>\n<p><\/p>\n<p><\/p>\n<figure class=\"wp-block-table is-style-stripes has-medium-font-size\">\n<table style=\"width: 98.1165%; height: 107px;\">\n<thead>\n<tr style=\"height: 24px;\">\n<th class=\"has-text-align-center\" style=\"height: 24px;\" data-align=\"center\">Jours<\/th>\n<th class=\"has-text-align-center\" style=\"height: 24px;\" data-align=\"center\">Horaires<\/th>\n<th class=\"has-text-align-center\" style=\"height: 24px;\" data-align=\"center\">Encadrant<\/th>\n<\/tr>\n<\/thead>\n<tbody>\n<tr style=\"height: 48px;\">\n<td class=\"has-text-align-center\" style=\"height: 67px;\" data-align=\"center\"><strong><span class=\"tadv-color\" style=\"color: #ff0004;\">LUNDI&nbsp;&nbsp;<\/span><\/strong><\/td>\n<td class=\"has-text-align-center\" style=\"height: 67px;\" data-align=\"center\"><strong>19h15 \u00e0 20h15<\/strong><\/td>\n<td class=\"has-text-align-center\" style=\"height: 67px;\" data-align=\"center\"><strong>Agn\u00e8s<\/strong><\/td>\n<\/tr>\n<tr style=\"height: 61px;\">\n<td class=\"has-text-align-center\" style=\"height: 16px;\" data-align=\"center\">\n<p><strong><span style=\"color: #ff0000;\">MARDI<\/span><\/strong><\/p>\n<p><strong><span style=\"color: #ff0000;\">MERCRED<\/span><span style=\"color: #ff0000;\">I<\/span><\/strong><\/p>\n<\/td>\n<td class=\"has-text-align-center\" style=\"height: 16px;\" data-align=\"center\">\n<p><strong>18h00 \u00e0 19h00<\/strong><\/p>\n<p><strong>14h30 \u00e0 15h30<\/strong><\/p>\n<\/td>\n<td class=\"has-text-align-center\" style=\"height: 16px;\" data-align=\"center\">\n<p><strong>Agn\u00e8s<\/strong><\/p>\n<p><strong>Agn\u00e8s<\/strong><\/p>\n<\/td>\n<\/tr>\n<\/tbody>\n<\/table>\n<\/figure>\n<p><\/p>\n<p><\/p>\n<div class=\"wp-block-spacer\" style=\"height: 70px;\" aria-hidden=\"true\">&nbsp;<\/div>\n<p><\/p>\n<p><\/p>\n<p class=\"has-text-align-center has-text-color\" style=\"color: #ff0004; font-size: 25px;\"><strong><span style=\"text-decoration: underline;\">\u00c9cole de gym pour les adh\u00e9rents qui ont + de 2 ans d&#8217;anciennet\u00e9<\/span><\/strong><\/p>\n<p><\/p>\n<p><\/p>\n<div class=\"wp-block-spacer\" style=\"height: 40px;\" aria-hidden=\"true\">&nbsp;<\/div>\n<p><\/p>\n<p><\/p>\n<div class=\"wp-block-buttons is-layout-flex wp-block-buttons-is-layout-flex\">\n<p><\/p>\n<div class=\"wp-block-button is-style-outline\"><a class=\"wp-block-button__link has-text-color wp-element-button\" style=\"border-radius: 50px; color: #ff0000;\"><strong><mark class=\"has-inline-color has-black-color\" style=\"background-color: rgba(0, 0, 0, 0);\"><span class=\"tadv-color\" style=\"color: #000000;\">\u00c9cole de Gym<\/span>&nbsp;7-8-9 ans<\/mark><\/strong><\/a><\/div>\n<p><\/p>\n<p><\/p>\n<\/div>\n<p><\/p>\n<p><\/p>\n<figure class=\"wp-block-table is-style-stripes has-medium-font-size\">\n<table style=\"width: 195%; height: 267px;\">\n<thead>\n<tr style=\"height: 24px;\">\n<th class=\"has-text-align-center\" style=\"width: 35.4839%; height: 24px;\" data-align=\"center\">Jours<\/th>\n<th class=\"has-text-align-center\" style=\"width: 28.6738%; height: 24px;\" data-align=\"center\">Horaires<\/th>\n<th class=\"has-text-align-center\" style=\"width: 32.2581%; height: 24px;\" data-align=\"center\">Encadrant<\/th>\n<\/tr>\n<\/thead>\n<tbody>\n<tr style=\"height: 75px;\">\n<td class=\"has-text-align-center\" style=\"width: 35.4839%; height: 75px;\" data-align=\"center\"><strong><span class=\"tadv-color\" style=\"color: #ff0004;\">LUNDI<\/span><\/strong><\/td>\n<td class=\"has-text-align-center\" style=\"width: 28.6738%; height: 75px;\" data-align=\"center\"><strong>17h00 \u00e0 18h00<\/strong><\/td>\n<td class=\"has-text-align-center\" style=\"width: 32.2581%; height: 75px;\" data-align=\"center\"><strong>Killian<\/strong><\/td>\n<\/tr>\n<tr style=\"height: 24px;\">\n<td class=\"has-text-align-center\" style=\"width: 35.4839%; height: 24px;\" data-align=\"center\"><br><\/td>\n<td class=\"has-text-align-center\" style=\"width: 28.6738%; height: 24px;\" data-align=\"center\">&nbsp;<\/td>\n<td class=\"has-text-align-center\" style=\"width: 32.2581%; height: 24px;\" data-align=\"center\">&nbsp;<\/td>\n<\/tr>\n<tr style=\"height: 48px;\">\n<td class=\"has-text-align-center\" style=\"width: 35.4839%; height: 48px;\" data-align=\"center\"><strong><span class=\"tadv-color\" style=\"color: #ff0004;\">MERCREDI<\/span><\/strong><\/td>\n<td class=\"has-text-align-center\" style=\"width: 28.6738%; height: 48px;\" data-align=\"center\"><strong>15h30 \u00e0 16h30<\/strong><\/td>\n<td class=\"has-text-align-center\" style=\"width: 32.2581%; height: 48px;\" data-align=\"center\"><strong>Agn\u00e8s OU St\u00e9phanie<\/strong><\/td>\n<\/tr>\n<tr style=\"height: 48px;\">\n<td class=\"has-text-align-center\" style=\"width: 35.4839%; height: 48px;\" data-align=\"center\"><strong><span class=\"tadv-color\" style=\"color: #ff0004;\">JEUDI<\/span><\/strong><\/td>\n<td class=\"has-text-align-center\" style=\"width: 28.6738%; height: 48px;\" data-align=\"center\"><strong>17h00 \u00e0 18h00<\/strong><\/td>\n<td class=\"has-text-align-center\" style=\"width: 32.2581%; height: 48px;\" data-align=\"center\"><strong>Agn\u00e8s<\/strong><\/td>\n<\/tr>\n<tr style=\"height: 48px;\">\n<td class=\"has-text-align-center\" style=\"width: 35.4839%; height: 48px;\" data-align=\"center\"><strong><span class=\"tadv-color\" style=\"color: #ff0004;\">VENDREDI<\/span><\/strong><\/td>\n<td class=\"has-text-align-center\" style=\"width: 28.6738%; height: 48px;\" data-align=\"center\"><strong>18h15 \u00e0 19h15<\/strong><\/td>\n<td class=\"has-text-align-center\" style=\"width: 32.2581%; height: 48px;\" data-align=\"center\"><strong>Killian<\/strong><\/td>\n<\/tr>\n<\/tbody>\n<\/table>\n<\/figure>\n<p><\/p>\n<p><\/p>\n<div class=\"wp-block-spacer\" style=\"height: 70px;\" aria-hidden=\"true\">&nbsp;<\/div>\n<p><\/p>\n<p><\/p>\n<div class=\"wp-block-buttons is-layout-flex wp-block-buttons-is-layout-flex\">\n<p><\/p>\n<div class=\"wp-block-button is-style-outline\"><a class=\"wp-block-button__link has-text-color wp-element-button\" style=\"border-radius: 50px; color: #ff0000;\"><strong><mark class=\"has-inline-color has-black-color\" style=\"background-color: rgba(0, 0, 0, 0);\"><span class=\"tadv-color\" style=\"color: #000000;\">\u00c9cole de Gym <\/span>10-12 ans<\/mark><\/strong><\/a><\/div>\n<p><\/p>\n<\/div>\n<p><\/p>\n<p><\/p>\n<figure class=\"wp-block-table is-style-stripes has-medium-font-size\">\n<table style=\"width: 95.9596%; height: 189px;\">\n<thead>\n<tr>\n<th class=\"has-text-align-center\" data-align=\"center\">Jours<\/th>\n<th class=\"has-text-align-center\" data-align=\"center\">Horaires<\/th>\n<th class=\"has-text-align-center\" data-align=\"center\">Encadrant<\/th>\n<\/tr>\n<\/thead>\n<tbody>\n<tr>\n<td class=\"has-text-align-center\" data-align=\"center\"><strong><span class=\"tadv-color\" style=\"color: #ff0004;\">MARDI<\/span><\/strong><\/td>\n<td class=\"has-text-align-center\" data-align=\"center\"><strong>19h00 \u00e0 20h00<\/strong><\/td>\n<td class=\"has-text-align-center\" data-align=\"center\"><strong>Agn\u00e8s<\/strong><\/td>\n<\/tr>\n<tr>\n<td class=\"has-text-align-center\" data-align=\"center\"><span class=\"has-inline-color\" style=\"color: #ff0000;\"><strong>MERCREDI<\/strong><\/span><\/td>\n<td class=\"has-text-align-center\" data-align=\"center\"><strong>14h30 \u00e0 15h30<\/strong><\/td>\n<td class=\"has-text-align-center\" data-align=\"center\"><strong>Killian<\/strong><\/td>\n<\/tr>\n<tr>\n<td class=\"has-text-align-center\" data-align=\"center\"><strong> <strong><span class=\"tadv-color\" style=\"color: #ff0004;\">JEUDI<\/span><\/strong> <\/strong><\/td>\n<td class=\"has-text-align-center\" data-align=\"center\"><strong>18h00 \u00e0 19h00<\/strong><\/td>\n<td class=\"has-text-align-center\" data-align=\"center\"><strong>Agnes<\/strong><\/td>\n<\/tr>\n<\/tbody>\n<\/table>\n<\/figure>\n<p><\/p>\n<p><\/p>\n<div class=\"wp-block-spacer\" style=\"height: 70px;\" aria-hidden=\"true\">&nbsp;<\/div>\n<p><\/p>\n<p><\/p>\n<div class=\"wp-block-buttons is-layout-flex wp-block-buttons-is-layout-flex\">\n<p><\/p>\n<h4 style=\"text-align: left;\"><strong>&nbsp; &nbsp;Ecole de Gym 13 ans +<\/strong><\/h4>\n<p><\/p>\n<\/div>\n<p><\/p>\n<p><\/p>\n<figure class=\"wp-block-table is-style-stripes has-medium-font-size\">\n<table>\n<thead>\n<tr>\n<th class=\"has-text-align-center\" data-align=\"center\">Jours<\/th>\n<th class=\"has-text-align-center\" data-align=\"center\">Horaires<\/th>\n<th class=\"has-text-align-center\" data-align=\"center\">Encadrant<\/th>\n<\/tr>\n<\/thead>\n<tbody>\n<tr>\n<td class=\"has-text-align-center\" data-align=\"center\"><strong><span class=\"has-inline-color\" style=\"color: #ff0000;\">MARDI<\/span><\/strong><\/td>\n<td class=\"has-text-align-center\" data-align=\"center\"><strong>19h00 \u00e0 20h00<\/strong><\/td>\n<td class=\"has-text-align-center\" data-align=\"center\"><b>Killian<\/b><\/td>\n<\/tr>\n<tr>\n<td class=\"has-text-align-center\" data-align=\"center\"><strong><span class=\"tadv-color\" style=\"color: #ff0004;\">JEUDI<\/span><\/strong><\/td>\n<td class=\"has-text-align-center\" data-align=\"center\"><strong>19h00 \u00e0 20h00<\/strong><\/td>\n<td class=\"has-text-align-center\" data-align=\"center\"><strong>Agn\u00e8s<\/strong><\/td>\n<\/tr>\n<\/tbody>\n<\/table>\n<\/figure>\n<p><\/p>\n<p><\/p>\n<div class=\"wp-block-spacer\" style=\"height: 70px;\" aria-hidden=\"true\">&nbsp;<\/div>\n<p><\/p>\n<p><\/p>\n<div class=\"wp-block-buttons is-layout-flex wp-block-buttons-is-layout-flex\">\n<p><\/p>\n<div class=\"wp-block-button is-style-outline\"><a class=\"wp-block-button__link has-text-color wp-element-button\" style=\"color: #ff0004;\"><strong><mark class=\"has-inline-color has-black-color\" style=\"background-color: rgba(0, 0, 0, 0);\">F\u00e9d\u00e9ral B 10-13 ans<\/mark><\/strong><\/a><\/div>\n<p><\/p>\n<p><\/p>\n<\/div>\n<p><\/p>\n<p><\/p>\n<figure class=\"wp-block-table is-style-stripes has-medium-font-size\">\n<table>\n<thead>\n<tr>\n<th class=\"has-text-align-center\" data-align=\"center\">Jours<\/th>\n<th class=\"has-text-align-center\" data-align=\"center\">Horaires<\/th>\n<th class=\"has-text-align-center\" data-align=\"center\">Encadrant<\/th>\n<\/tr>\n<\/thead>\n<tbody>\n<tr>\n<td class=\"has-text-align-center\" data-align=\"center\"><strong><mark class=\"has-inline-color\" style=\"background-color: rgba(0, 0, 0, 0); color: #ff0000;\">LUNDI<\/mark><\/strong><\/td>\n<td class=\"has-text-align-center\" data-align=\"center\"><strong>18h00 \u00e0 19h30<\/strong><\/td>\n<td class=\"has-text-align-center\" data-align=\"center\"><strong>Killian<\/strong><\/td>\n<\/tr>\n<tr>\n<td class=\"has-text-align-center\" data-align=\"center\"><strong><strong><span class=\"tadv-color\" style=\"color: #ff0004;\">MERCREDI<\/span><\/strong><\/strong><\/td>\n<td class=\"has-text-align-center\" data-align=\"center\"><strong>17h30 \u00e0 18h30<\/strong><\/td>\n<td class=\"has-text-align-center\" data-align=\"center\"><b>Killian<\/b><\/td>\n<\/tr>\n<\/tbody>\n<\/table>\n<p>Kill<\/p>\n<\/figure>\n<p><\/p>\t\t\t\t\t\t\t\t<\/div>\n\t\t\t\t<\/div>\n\t\t\t\t\t<\/div>\n\t\t<\/div>\n\t\t\t\t\t<\/div>\n\t\t<\/section>\n\t\t\t\t<\/div>\n\t\t","protected":false},"excerpt":{"rendered":"<p>\u26a0Attention\u26a0 : Pour les nouveaux arrivants l&#8217;acc\u00e8s \u00e0 la comp\u00e9tition se fait uniquement avec l&#8217;accord de l&#8217;entraineur. Les nouveaux gymnastes doivent donc d&#8217;abord s&#8217;inscrire dans la cat\u00e9gorie &#8220;Loisir&#8221;. En revanche, si l&#8217;entraineur estime que l&#8217;envie et le niveau sont suffisants pour pouvoir acc\u00e9der \u00e0 la comp\u00e9tition un changement vers un groupe comp\u00e9titif sera possible en cours d&#8217;ann\u00e9e. Gym Loisir pour les nouveaux adh\u00e9rent Jours Horaires Encadrant &nbsp; &nbsp; &nbsp; LUNDI&nbsp; &nbsp; &nbsp; &nbsp;17h00 \u00e0 18h00&nbsp; Agn\u00e8s MARDI &nbsp; &nbsp; &nbsp;17h00 \u00e0 18h00 Agn\u00e8s MERCREDI &nbsp; &nbsp; 10h00 \u00e0 11h00 Killian MERCREDI &nbsp; &nbsp; 13h30 \u00e0 14h30 Agnes VENDREDI &nbsp; &nbsp; 17h15 \u00e0 18h15 Killian SAMEDI &nbsp; &nbsp;14h00 \u00e0 15h00 Killian&nbsp;\/ Agnes Jours Horaires Encadrant &nbsp;MARDI&nbsp; 17h00 \u00e0 18h00 OU 18h00 \u00e0 19h00 Killian MERCREDI 11h00 \u00e0 12h00 Killian MERCREDI 13h30 \u00e0 14h30 Killian MERCREDI 16h30 \u00e0 17H30 Agn\u00e8s SAMEDI 15h00 \u00e0 16h00 Agn\u00e8s\/Killian Jours Horaires Encadrant LUNDI&nbsp;&nbsp; 19h15 \u00e0 20h15 Agn\u00e8s MARDI MERCREDI 18h00 \u00e0 19h00 14h30 \u00e0 15h30 Agn\u00e8s Agn\u00e8s \u00c9cole de gym pour les adh\u00e9rents qui ont + de 2 ans d&#8217;anciennet\u00e9 Jours Horaires Encadrant LUNDI 17h00 \u00e0 18h00 Killian &nbsp; &nbsp; MERCREDI 15h30 \u00e0 16h30 Agn\u00e8s OU St\u00e9phanie JEUDI 17h00 \u00e0 18h00 Agn\u00e8s VENDREDI 18h15 \u00e0 19h15 Killian Jours Horaires Encadrant MARDI 19h00 \u00e0 20h00 Agn\u00e8s MERCREDI 14h30 \u00e0 15h30 Killian JEUDI 18h00 \u00e0 19h00 Agnes Jours Horaires Encadrant MARDI 19h00 \u00e0 20h00 Killian JEUDI 19h00 \u00e0 20h00 Agn\u00e8s Jours Horaires Encadrant LUNDI 18h00 \u00e0 19h30 Killian MERCREDI 17h30 \u00e0 18h30 Killian Kill<\/p>\n","protected":false},"author":1,"featured_media":0,"parent":0,"menu_order":0,"comment_status":"closed","ping_status":"closed","template":"","meta":{"footnotes":""},"jetpack_sharing_enabled":true,"acf":[],"_links":{"self":[{"href":"https:\/\/lasottevillaise.com\/index.php\/wp-json\/wp\/v2\/pages\/215"}],"collection":[{"href":"https:\/\/lasottevillaise.com\/index.php\/wp-json\/wp\/v2\/pages"}],"about":[{"href":"https:\/\/lasottevillaise.com\/index.php\/wp-json\/wp\/v2\/types\/page"}],"author":[{"embeddable":true,"href":"https:\/\/lasottevillaise.com\/index.php\/wp-json\/wp\/v2\/users\/1"}],"replies":[{"embeddable":true,"href":"https:\/\/lasottevillaise.com\/index.php\/wp-json\/wp\/v2\/comments?post=215"}],"version-history":[{"count":76,"href":"https:\/\/lasottevillaise.com\/index.php\/wp-json\/wp\/v2\/pages\/215\/revisions"}],"predecessor-version":[{"id":4614,"href":"https:\/\/lasottevillaise.com\/index.php\/wp-json\/wp\/v2\/pages\/215\/revisions\/4614"}],"wp:attachment":[{"href":"https:\/\/lasottevillaise.com\/index.php\/wp-json\/wp\/v2\/media?parent=215"}],"curies":[{"name":"wp","href":"https:\/\/api.w.org\/{rel}","templated":true}]}}