{"id":220,"date":"2021-01-25T18:36:39","date_gmt":"2021-01-25T17:36:39","guid":{"rendered":"https:\/\/lasottevillaise.com\/?page_id=220"},"modified":"2026-05-13T11:37:30","modified_gmt":"2026-05-13T09:37:30","slug":"parkour-2","status":"publish","type":"page","link":"https:\/\/lasottevillaise.com\/index.php\/parkour-2\/","title":{"rendered":"Parkour (mixte)"},"content":{"rendered":"\t\t<div data-elementor-type=\"wp-page\" data-elementor-id=\"220\" class=\"elementor elementor-220\">\n\t\t\t\t\t\t<section class=\"elementor-section elementor-top-section elementor-element elementor-element-3351ab28 elementor-section-boxed elementor-section-height-default elementor-section-height-default wpr-particle-no wpr-jarallax-no wpr-parallax-no wpr-sticky-section-no\" data-id=\"3351ab28\" data-element_type=\"section\">\n\t\t\t\t\t\t<div class=\"elementor-container elementor-column-gap-default\">\n\t\t\t\t\t<div class=\"elementor-column elementor-col-100 elementor-top-column elementor-element elementor-element-5e03387d\" data-id=\"5e03387d\" data-element_type=\"column\">\n\t\t\t<div class=\"elementor-widget-wrap elementor-element-populated\">\n\t\t\t\t\t\t<div class=\"elementor-element elementor-element-54443d4f elementor-widget elementor-widget-text-editor\" data-id=\"54443d4f\" data-element_type=\"widget\" data-widget_type=\"text-editor.default\">\n\t\t\t\t<div class=\"elementor-widget-container\">\n\t\t\t\t\t\t\t\t\t<p><\/p>\n<div class=\"wp-block-buttons is-layout-flex wp-block-buttons-is-layout-flex\">\n<p><\/p>\n<div class=\"wp-block-button is-style-outline\"><a class=\"wp-block-button__link has-text-color wp-element-button\" style=\"color: #ff0004;\"><strong><span class=\"tadv-color\" style=\"color: #000000;\">Ados<\/span><\/strong><\/a><\/div>\n<p><\/p>\n<div class=\"wp-block-button is-style-outline\"><a class=\"wp-block-button__link has-white-color has-text-color wp-element-button\"><span class=\"tadv-color\" style=\"color: #000000;\"><strong>De 8 \u00e0 14 ans<\/strong>\u00a0<b>(2013 \u00e0 2018)<\/b><\/span><\/a><\/div>\n<p><\/p>\n<\/div>\n<p><\/p>\n<figure class=\"wp-block-table is-style-stripes has-medium-font-size\">\n<table>\n<thead>\n<tr>\n<th class=\"has-text-align-center\" data-align=\"center\">Jours<\/th>\n<th class=\"has-text-align-center\" data-align=\"center\">Horaires<\/th>\n<th class=\"has-text-align-center\" data-align=\"center\">Encadrant<\/th>\n<\/tr>\n<\/thead>\n<tbody>\n<tr>\n<td class=\"has-text-align-center\" data-align=\"center\"><strong><span class=\"tadv-color\" style=\"color: #ff0004;\">MERCREDI<\/span><\/strong><\/td>\n<td class=\"has-text-align-center\" data-align=\"center\"><strong>18h00 \u00e0 19h30<\/strong><\/td>\n<td class=\"has-text-align-center\" data-align=\"center\"><strong>Louis<\/strong><\/td>\n<\/tr>\n<tr>\n<td class=\"has-text-align-center\" data-align=\"center\"><strong><span class=\"tadv-color\" style=\"color: #ff0004;\">JEUDI<\/span><\/strong><\/td>\n<td class=\"has-text-align-center\" data-align=\"center\"><strong>18h00 \u00e0 19h30<\/strong><\/td>\n<td class=\"has-text-align-center\" data-align=\"center\"><strong>Louis<\/strong><\/td>\n<\/tr>\n<tr>\n<td class=\"has-text-align-center\" data-align=\"center\"><span class=\"tadv-color\" style=\"color: #cf2e2e;\"><strong><mark class=\"has-inline-color\" style=\"background-color: rgba(0, 0, 0, 0); color: #ff0000;\">SAMEDI<\/mark><\/strong><\/span><\/td>\n<td class=\"has-text-align-center\" data-align=\"center\"><strong>13h30 \u00e0 15h00<\/strong><\/td>\n<td class=\"has-text-align-center\" data-align=\"center\"><span style=\"color: var( --e-global-color-text ); font-family: var( --e-global-typography-text-font-family ), Sans-serif; letter-spacing: 0px; background-color: #f0f0f0;\"><b>Kilian<\/b><\/span><span style=\"font-size: 12pt;\"><strong><span style=\"color: var( --e-global-color-text ); font-family: var( --e-global-typography-text-font-family ), Sans-serif; letter-spacing: 0px; background-color: #ffffff;\"> Victor<\/span><\/strong><\/span><\/td>\n<\/tr>\n<\/tbody>\n<\/table>\n<\/figure>\n<p><\/p>\n<div class=\"wp-block-buttons is-layout-flex wp-block-buttons-is-layout-flex\">\n<p><\/p>\n<div class=\"wp-block-button is-style-outline\"><a class=\"wp-block-button__link has-text-color has-text-align-center wp-element-button\" style=\"color: #ff0004;\"><span class=\"tadv-color\" style=\"color: #000000;\"><strong>Adultes<\/strong><\/span><\/a><\/div>\n<p><\/p>\n<div class=\"wp-block-button is-style-outline\"><a class=\"wp-block-button__link has-white-color has-text-color wp-element-button\"><strong><span class=\"tadv-color\" style=\"color: #000000;\">De 15 ans et plus (\u00e0 partir de 2012)\u00a0<\/span><\/strong><\/a><\/div>\n<p><\/p>\n<\/div>\n<p><\/p>\n<figure class=\"wp-block-table is-style-stripes has-medium-font-size\">\n<table>\n<thead>\n<tr>\n<th class=\"has-text-align-center\" data-align=\"center\">Jours<\/th>\n<th class=\"has-text-align-center\" data-align=\"center\">Horaires<\/th>\n<th class=\"has-text-align-center\" data-align=\"center\">Encadrant<\/th>\n<\/tr>\n<\/thead>\n<tbody>\n<tr>\n<td class=\"has-text-align-center\" data-align=\"center\"><strong><span class=\"tadv-color\" style=\"color: #ff0004;\">MERCREDI<\/span><\/strong><\/td>\n<td class=\"has-text-align-center\" data-align=\"center\"><strong>19h30 \u00e0 21h00<\/strong><\/td>\n<td class=\"has-text-align-center\" data-align=\"center\"><strong>Louis<\/strong><\/td>\n<\/tr>\n<tr>\n<td class=\"has-text-align-center\" data-align=\"center\"><strong><span class=\"tadv-color\" style=\"color: #ff0004;\">JEUDI<\/span><\/strong><\/td>\n<td class=\"has-text-align-center\" data-align=\"center\"><strong>19h30 \u00e0 21h00<\/strong><\/td>\n<td class=\"has-text-align-center\" data-align=\"center\"><strong>Louis<\/strong><\/td>\n<\/tr>\n<\/tbody>\n<\/table>\n<\/figure>\n<p><\/p>\t\t\t\t\t\t\t\t<\/div>\n\t\t\t\t<\/div>\n\t\t\t\t\t<\/div>\n\t\t<\/div>\n\t\t\t\t\t<\/div>\n\t\t<\/section>\n\t\t\t\t<\/div>\n\t\t","protected":false},"excerpt":{"rendered":"<p>Jours Horaires Encadrant MERCREDI 18h00 \u00e0 19h30 Louis JEUDI 18h00 \u00e0 19h30 Louis SAMEDI 13h30 \u00e0 15h00 Kilian Victor Jours Horaires Encadrant MERCREDI 19h30 \u00e0 21h00 Louis JEUDI 19h30 \u00e0 21h00 Louis<\/p>\n","protected":false},"author":1,"featured_media":0,"parent":0,"menu_order":0,"comment_status":"closed","ping_status":"closed","template":"","meta":{"footnotes":""},"jetpack_sharing_enabled":true,"acf":[],"_links":{"self":[{"href":"https:\/\/lasottevillaise.com\/index.php\/wp-json\/wp\/v2\/pages\/220"}],"collection":[{"href":"https:\/\/lasottevillaise.com\/index.php\/wp-json\/wp\/v2\/pages"}],"about":[{"href":"https:\/\/lasottevillaise.com\/index.php\/wp-json\/wp\/v2\/types\/page"}],"author":[{"embeddable":true,"href":"https:\/\/lasottevillaise.com\/index.php\/wp-json\/wp\/v2\/users\/1"}],"replies":[{"embeddable":true,"href":"https:\/\/lasottevillaise.com\/index.php\/wp-json\/wp\/v2\/comments?post=220"}],"version-history":[{"count":33,"href":"https:\/\/lasottevillaise.com\/index.php\/wp-json\/wp\/v2\/pages\/220\/revisions"}],"predecessor-version":[{"id":4655,"href":"https:\/\/lasottevillaise.com\/index.php\/wp-json\/wp\/v2\/pages\/220\/revisions\/4655"}],"wp:attachment":[{"href":"https:\/\/lasottevillaise.com\/index.php\/wp-json\/wp\/v2\/media?parent=220"}],"curies":[{"name":"wp","href":"https:\/\/api.w.org\/{rel}","templated":true}]}}