{"id":224,"date":"2021-01-25T18:40:15","date_gmt":"2021-01-25T17:40:15","guid":{"rendered":"https:\/\/lasottevillaise.com\/?page_id=224"},"modified":"2025-06-11T17:10:57","modified_gmt":"2025-06-11T15:10:57","slug":"gym-adulte-2","status":"publish","type":"page","link":"https:\/\/lasottevillaise.com\/index.php\/gym-adulte-2\/","title":{"rendered":"Gym Agr\u00e8s Adulte"},"content":{"rendered":"\t\t<div data-elementor-type=\"wp-page\" data-elementor-id=\"224\" class=\"elementor elementor-224\">\n\t\t\t\t\t\t<section class=\"elementor-section elementor-top-section elementor-element elementor-element-5c272c75 elementor-section-boxed elementor-section-height-default elementor-section-height-default wpr-particle-no wpr-jarallax-no wpr-parallax-no wpr-sticky-section-no\" data-id=\"5c272c75\" data-element_type=\"section\">\n\t\t\t\t\t\t<div class=\"elementor-container elementor-column-gap-default\">\n\t\t\t\t\t<div class=\"elementor-column elementor-col-100 elementor-top-column elementor-element elementor-element-28335e6b\" data-id=\"28335e6b\" data-element_type=\"column\">\n\t\t\t<div class=\"elementor-widget-wrap elementor-element-populated\">\n\t\t\t\t\t\t<div class=\"elementor-element elementor-element-89ea276 elementor-widget elementor-widget-text-editor\" data-id=\"89ea276\" data-element_type=\"widget\" data-widget_type=\"text-editor.default\">\n\t\t\t\t<div class=\"elementor-widget-container\">\n\t\t\t\t\t\t\t\t\t<p><\/p>\n<p><\/p>\n<p><\/p>\n<figure class=\"wp-block-table is-style-stripes has-medium-font-size\">\n<table>\n<thead>\n<tr>\n<th class=\"has-text-align-center\" data-align=\"center\">Jours<\/th>\n<th class=\"has-text-align-center\" data-align=\"center\">Horaires<\/th>\n<th class=\"has-text-align-center\" data-align=\"center\">\u00c2ge<\/th>\n<th class=\"has-text-align-center\" data-align=\"center\">Encadrant<\/th>\n<\/tr>\n<\/thead>\n<tbody>\n<tr>\n<td class=\"has-text-align-center\" data-align=\"center\"><strong><span class=\"tadv-color\" style=\"color: #ff0004;\">LUNDI<\/span><\/strong><\/td>\n<td class=\"has-text-align-center\" data-align=\"center\"><strong>19h30 \u00e0 21h00<\/strong><\/td>\n<td class=\"has-text-align-center\" data-align=\"center\"><strong><span class=\"tadv-color\" style=\"color: #000000;\">18 ans et plus<\/span><\/strong><\/td>\n<td class=\"has-text-align-center\" data-align=\"center\"><strong>Angelo<\/strong><\/td>\n<\/tr>\n<tr>\n<td class=\"has-text-align-center\" data-align=\"center\"><strong><span class=\"tadv-color\" style=\"color: #ff0004;\">MERCREDI<\/span><\/strong><\/td>\n<td class=\"has-text-align-center\" data-align=\"center\"><strong>18h30 \u00e0 20h00<\/strong><\/td>\n<td class=\"has-text-align-center\" data-align=\"center\"><strong><span class=\"tadv-color\" style=\"color: #000000;\">18 ans et plus<\/span><\/strong><\/td>\n<td class=\"has-text-align-center\" data-align=\"center\"><strong>St\u00e9phanie\/Autonomie<\/strong><\/td>\n<\/tr>\n<tr>\n<td class=\"has-text-align-center\" data-align=\"center\"><span class=\"has-inline-color\" style=\"color: #ff0000;\"><strong>VENDREDI<\/strong><\/span><\/td>\n<td class=\"has-text-align-center\" data-align=\"center\"><strong>19h15 \u00e0 20h45<\/strong><\/td>\n<td class=\"has-text-align-center\" data-align=\"center\"><strong>18 ans et plus<\/strong><\/td>\n<td class=\"has-text-align-center\" data-align=\"center\"><strong>Killian<\/strong><\/td>\n<\/tr>\n<\/tbody>\n<\/table>\n<\/figure>\n<p><\/p>\n<p><\/p>\n<p><\/p>\t\t\t\t\t\t\t\t<\/div>\n\t\t\t\t<\/div>\n\t\t\t\t\t<\/div>\n\t\t<\/div>\n\t\t\t\t\t<\/div>\n\t\t<\/section>\n\t\t\t\t<\/div>\n\t\t","protected":false},"excerpt":{"rendered":"<p>Jours Horaires \u00c2ge Encadrant LUNDI 19h30 \u00e0 21h00 18 ans et plus Angelo MERCREDI 18h30 \u00e0 20h00 18 ans et plus St\u00e9phanie\/Autonomie VENDREDI 19h15 \u00e0 20h45 18 ans et plus Killian<\/p>\n","protected":false},"author":1,"featured_media":0,"parent":0,"menu_order":0,"comment_status":"closed","ping_status":"closed","template":"","meta":{"footnotes":""},"jetpack_sharing_enabled":true,"acf":[],"_links":{"self":[{"href":"https:\/\/lasottevillaise.com\/index.php\/wp-json\/wp\/v2\/pages\/224"}],"collection":[{"href":"https:\/\/lasottevillaise.com\/index.php\/wp-json\/wp\/v2\/pages"}],"about":[{"href":"https:\/\/lasottevillaise.com\/index.php\/wp-json\/wp\/v2\/types\/page"}],"author":[{"embeddable":true,"href":"https:\/\/lasottevillaise.com\/index.php\/wp-json\/wp\/v2\/users\/1"}],"replies":[{"embeddable":true,"href":"https:\/\/lasottevillaise.com\/index.php\/wp-json\/wp\/v2\/comments?post=224"}],"version-history":[{"count":14,"href":"https:\/\/lasottevillaise.com\/index.php\/wp-json\/wp\/v2\/pages\/224\/revisions"}],"predecessor-version":[{"id":4528,"href":"https:\/\/lasottevillaise.com\/index.php\/wp-json\/wp\/v2\/pages\/224\/revisions\/4528"}],"wp:attachment":[{"href":"https:\/\/lasottevillaise.com\/index.php\/wp-json\/wp\/v2\/media?parent=224"}],"curies":[{"name":"wp","href":"https:\/\/api.w.org\/{rel}","templated":true}]}}