{"id":2742,"date":"2022-10-19T12:25:56","date_gmt":"2022-10-19T10:25:56","guid":{"rendered":"https:\/\/lasottevillaise.com\/?page_id=2742"},"modified":"2025-01-23T15:41:13","modified_gmt":"2025-01-23T14:41:13","slug":"partenaires","status":"publish","type":"page","link":"https:\/\/lasottevillaise.com\/index.php\/partenaires\/","title":{"rendered":"Partenariat"},"content":{"rendered":"\t\t<div data-elementor-type=\"wp-page\" data-elementor-id=\"2742\" class=\"elementor elementor-2742\">\n\t\t\t\t\t\t<section class=\"elementor-section elementor-top-section elementor-element elementor-element-3220f806 elementor-section-boxed elementor-section-height-default elementor-section-height-default wpr-particle-no wpr-jarallax-no wpr-parallax-no wpr-sticky-section-no\" data-id=\"3220f806\" data-element_type=\"section\">\n\t\t\t\t\t\t<div class=\"elementor-container elementor-column-gap-default\">\n\t\t\t\t\t<div class=\"elementor-column elementor-col-100 elementor-top-column elementor-element elementor-element-3b55d671\" data-id=\"3b55d671\" data-element_type=\"column\">\n\t\t\t<div class=\"elementor-widget-wrap elementor-element-populated\">\n\t\t\t\t\t\t<div class=\"elementor-element elementor-element-499445fd elementor-widget elementor-widget-text-editor\" data-id=\"499445fd\" data-element_type=\"widget\" data-widget_type=\"text-editor.default\">\n\t\t\t\t<div class=\"elementor-widget-container\">\n\t\t\t\t\t\t\t\t\t<p><\/p>\n<div class=\"wp-block-spacer\" style=\"height: 30px;\" aria-hidden=\"true\">\u00a0<\/div>\n<p><\/p>\n<p class=\"has-medium-font-size\"><span style=\"font-family: georgia, palatino, serif; font-size: 12pt; color: #000000;\">Nous vous proposons plusieurs solutions de visibilit\u00e9 : digitale (r\u00e9seaux, site internet\u2026) ou lors de nos \u00e9v\u00e9nements.<\/span><\/p>\n<p><span style=\"font-family: georgia, palatino, serif; font-size: 12pt; color: #000000;\"><\/span><\/p>\n<p class=\"has-medium-font-size\"><span style=\"font-family: georgia, palatino, serif; font-size: 12pt; color: #000000;\">De nombreuses prestations de communication vous sont propos\u00e9es, vous permettant de valoriser votre entreprise afin de partager l&#8217;image et les valeurs de La Sottevillaise.<\/span><\/p>\n<p><span style=\"font-family: georgia, palatino, serif; font-size: 12pt; color: #000000;\"><\/span><\/p>\n<div class=\"wp-block-spacer\" style=\"height: 30px;\" aria-hidden=\"true\">\u00a0<\/div>\n<p><span style=\"font-family: georgia, palatino, serif; font-size: 12pt; color: #000000;\"><\/span><\/p>\n<p class=\"has-medium-font-size\"><span style=\"font-family: georgia, palatino, serif; font-size: 12pt; color: #000000;\">Vous pourrez :<\/span><\/p>\n<p><span style=\"font-family: georgia, palatino, serif; font-size: 12pt; color: #000000;\"><\/span><span style=\"font-family: georgia, palatino, serif; font-size: 12pt; color: #000000;\"><\/span><\/p>\n<p class=\"has-medium-font-size\"><span style=\"font-family: georgia, palatino, serif; font-size: 12pt; color: #000000;\">\u2b50R\u00e9aliser une op\u00e9ration de communication \u00e0 moindre co\u00fbt<\/span><\/p>\n<p><span style=\"font-family: georgia, palatino, serif; font-size: 12pt; color: #000000;\"><\/span><\/p>\n<p class=\"has-medium-font-size\"><span style=\"font-family: georgia, palatino, serif; font-size: 12pt; color: #000000;\">\u2b50Optimiser votre visibilit\u00e9 aupr\u00e8s de votre client\u00e8le<\/span><\/p>\n<p><span style=\"font-family: georgia, palatino, serif; font-size: 12pt; color: #000000;\"><\/span><\/p>\n<p class=\"has-medium-font-size\"><span style=\"font-family: georgia, palatino, serif; font-size: 12pt; color: #000000;\">\u2b50Associer votre entreprise \u00e0 nos r\u00e9ussites sportives<\/span><\/p>\n<p><span style=\"font-family: georgia, palatino, serif; font-size: 12pt; color: #000000;\"><\/span><\/p>\n<p class=\"has-medium-font-size\"><span style=\"font-family: georgia, palatino, serif; font-size: 12pt; color: #000000;\">\u2b50Valoriser votre image v\u00e9hicul\u00e9e par les valeurs sportives de notre club<\/span><\/p>\n<p><span style=\"font-family: georgia, palatino, serif; font-size: 12pt; color: #000000;\"><\/span><\/p>\n<p class=\"has-medium-font-size\"><span style=\"font-family: georgia, palatino, serif; font-size: 12pt; color: #000000;\">\u2b50Int\u00e9resser nos adh\u00e9rents \u00e0 vos produits et \u00e0 votre entreprise<\/span><\/p>\n<p><span style=\"font-family: georgia, palatino, serif; font-size: 12pt; color: #000000;\"><\/span><\/p>\n<p class=\"has-medium-font-size\"><span style=\"font-family: georgia, palatino, serif; font-size: 12pt; color: #000000;\">\u2b50Participer au d\u00e9veloppement d\u2019un club phare la r\u00e9gion normande<\/span><\/p>\n<p><span style=\"font-family: georgia, palatino, serif; font-size: 12pt; color: #000000;\"><\/span><\/p>\n<p class=\"has-medium-font-size\"><span style=\"font-family: georgia, palatino, serif; font-size: 12pt; color: #000000;\">\u2b50Acc\u00e9der \u00e0 plusieurs pack de partenariat \u00e0 partir de 100\u20ac<\/span><\/p>\n<p><span style=\"font-family: georgia, palatino, serif; font-size: 12pt; color: #000000;\"><\/span><\/p>\n<p class=\"has-medium-font-size\"><span style=\"font-family: georgia, palatino, serif; font-size: 12pt; color: #000000;\">\u2b50B\u00e9n\u00e9ficier d\u2019une d\u00e9duction d\u2019imp\u00f4t de 60% sur vos sommes vers\u00e9es en cas de m\u00e9c\u00e9nat, loi du 1er ao\u00fbt 2003<\/span><\/p>\n<p><span style=\"font-family: georgia, palatino, serif; font-size: 12pt; color: #000000;\"><\/span><\/p>\n<div class=\"wp-block-spacer\" style=\"height: 30px;\" aria-hidden=\"true\">\u00a0<\/div>\n<p><span style=\"font-family: georgia, palatino, serif; font-size: 12pt; color: #000000;\"><\/span><\/p>\n<p class=\"has-medium-font-size\"><span style=\"font-family: georgia, palatino, serif; font-size: 12pt; color: #000000;\">Il y a plus de 5000 passages par semaine dans le gymnase ce qui, vous assure une excellente visibilit\u00e9 pour votre entreprise. Profitez de nos diff\u00e9rents supports de communication pour atteindre un maximum de personnes. Saisissez les moments forts et soyez au plus proche de votre future client\u00e8le gr\u00e2ce \u00e0 l&#8217;organisation de nos \u00e9v\u00e8nements.<\/span><\/p>\n<p><span style=\"font-family: georgia, palatino, serif; font-size: 12pt; color: #000000;\"><\/span><\/p>\n<div class=\"wp-block-spacer\" style=\"height: 30px;\" aria-hidden=\"true\">\u00a0<\/div>\n<p><span style=\"font-family: georgia, palatino, serif; font-size: 12pt; color: #000000;\"><\/span><\/p>\n<p class=\"has-medium-font-size\"><span style=\"font-family: georgia, palatino, serif; font-size: 12pt; color: #000000;\">Pour obtenir une offre personnalis\u00e9e et rejoindre les partenaires de La Sottevillaise, contactez :<\/span><\/p>\n<ul>\n<li style=\"list-style-type: none;\">\n<ul><\/ul>\n<\/li>\n<\/ul>\n<ul>\n<li style=\"list-style-type: none;\">\n<ul>\n<li class=\"has-medium-font-size\"><span style=\"font-family: georgia, palatino, serif; color: #000000; font-size: 12pt;\"><strong>Frantz Gaillard, manager g\u00e9n\u00e9ral\u00a0 \/ lasottevillaise@gmail.com<\/strong><\/span><\/li>\n<\/ul>\n<\/li>\n<\/ul>\n<p><\/p>\n<p><!-- \/wp:list --><!-- wp:spacer {\"height\":\"70px\"} --><\/p>\n<div class=\"wp-block-spacer\" style=\"height: 70px;\" aria-hidden=\"true\">\u00a0<\/div>\n<p><!-- \/wp:spacer --><!-- wp:paragraph {\"align\":\"center\",\"fontSize\":\"large\"} --><\/p>\n<p class=\"has-text-align-center has-large-font-size\"><span style=\"font-family: georgia, palatino, serif; font-size: 18pt;\"><strong><mark class=\"has-inline-color\" style=\"background-color: rgba(0, 0, 0, 0); color: #ff0000;\">Nos partenaires<\/mark><\/strong><\/span><\/p>\n<p>\u00a0<\/p>\n<p>\u00a0<\/p>\n<p><!-- \/wp:paragraph --><!-- wp:image {\"id\":3371,\"sizeSlug\":\"large\",\"linkDestination\":\"none\"} --><\/p>\n<figure class=\"wp-block-image size-large\"><\/figure>\n<p><!-- \/wp:image --><\/p>\t\t\t\t\t\t\t\t<\/div>\n\t\t\t\t<\/div>\n\t\t\t\t<div class=\"elementor-element elementor-element-4f2ce78 elementor-widget elementor-widget-image\" data-id=\"4f2ce78\" data-element_type=\"widget\" data-widget_type=\"image.default\">\n\t\t\t\t<div class=\"elementor-widget-container\">\n\t\t\t\t\t\t\t\t\t\t\t\t\t\t\t<img fetchpriority=\"high\" decoding=\"async\" width=\"960\" height=\"455\" src=\"https:\/\/i0.wp.com\/lasottevillaise.com\/wp-content\/uploads\/2025\/01\/PHOTO-PARTENAIRE-C-ELLE-LA-BONNE.png?fit=960%2C455&amp;ssl=1\" class=\"attachment-large size-large wp-image-4391\" alt=\"\" srcset=\"https:\/\/i0.wp.com\/lasottevillaise.com\/wp-content\/uploads\/2025\/01\/PHOTO-PARTENAIRE-C-ELLE-LA-BONNE.png?w=1411&amp;ssl=1 1411w, https:\/\/i0.wp.com\/lasottevillaise.com\/wp-content\/uploads\/2025\/01\/PHOTO-PARTENAIRE-C-ELLE-LA-BONNE.png?resize=300%2C142&amp;ssl=1 300w, https:\/\/i0.wp.com\/lasottevillaise.com\/wp-content\/uploads\/2025\/01\/PHOTO-PARTENAIRE-C-ELLE-LA-BONNE.png?resize=1024%2C485&amp;ssl=1 1024w, https:\/\/i0.wp.com\/lasottevillaise.com\/wp-content\/uploads\/2025\/01\/PHOTO-PARTENAIRE-C-ELLE-LA-BONNE.png?resize=768%2C364&amp;ssl=1 768w, https:\/\/i0.wp.com\/lasottevillaise.com\/wp-content\/uploads\/2025\/01\/PHOTO-PARTENAIRE-C-ELLE-LA-BONNE.png?resize=1140%2C540&amp;ssl=1 1140w\" sizes=\"(max-width: 960px) 100vw, 960px\" \/>\t\t\t\t\t\t\t\t\t\t\t\t\t\t\t<\/div>\n\t\t\t\t<\/div>\n\t\t\t\t\t<\/div>\n\t\t<\/div>\n\t\t\t\t\t<\/div>\n\t\t<\/section>\n\t\t\t\t<section class=\"elementor-section elementor-top-section elementor-element elementor-element-560aaf1 elementor-section-boxed elementor-section-height-default elementor-section-height-default wpr-particle-no wpr-jarallax-no wpr-parallax-no wpr-sticky-section-no\" data-id=\"560aaf1\" data-element_type=\"section\">\n\t\t\t\t\t\t<div class=\"elementor-container elementor-column-gap-default\">\n\t\t\t\t\t<div class=\"elementor-column elementor-col-100 elementor-top-column elementor-element elementor-element-abb90e0\" data-id=\"abb90e0\" data-element_type=\"column\">\n\t\t\t<div class=\"elementor-widget-wrap\">\n\t\t\t\t\t\t\t<\/div>\n\t\t<\/div>\n\t\t\t\t\t<\/div>\n\t\t<\/section>\n\t\t\t\t<section class=\"elementor-section elementor-top-section elementor-element elementor-element-a393082 elementor-section-boxed elementor-section-height-default elementor-section-height-default wpr-particle-no wpr-jarallax-no wpr-parallax-no wpr-sticky-section-no\" data-id=\"a393082\" data-element_type=\"section\">\n\t\t\t\t\t\t<div class=\"elementor-container elementor-column-gap-default\">\n\t\t\t\t\t<div class=\"elementor-column elementor-col-100 elementor-top-column elementor-element elementor-element-af9a6ec\" data-id=\"af9a6ec\" data-element_type=\"column\">\n\t\t\t<div class=\"elementor-widget-wrap\">\n\t\t\t\t\t\t\t<\/div>\n\t\t<\/div>\n\t\t\t\t\t<\/div>\n\t\t<\/section>\n\t\t\t\t<\/div>\n\t\t","protected":false},"excerpt":{"rendered":"<p>Nous vous proposons plusieurs solutions de visibilit\u00e9 : digitale (r\u00e9seaux, site internet\u2026) ou lors de nos \u00e9v\u00e9nements. De nombreuses prestations de communication vous sont propos\u00e9es, vous permettant de valoriser votre entreprise afin de partager l&#8217;image et les valeurs de La Sottevillaise. Vous pourrez : \u2b50R\u00e9aliser une op\u00e9ration de communication \u00e0 moindre co\u00fbt \u2b50Optimiser votre visibilit\u00e9 aupr\u00e8s de votre client\u00e8le \u2b50Associer votre entreprise \u00e0 nos r\u00e9ussites sportives \u2b50Valoriser votre image v\u00e9hicul\u00e9e par les valeurs sportives de notre club \u2b50Int\u00e9resser nos adh\u00e9rents \u00e0 vos produits et \u00e0 votre entreprise \u2b50Participer au d\u00e9veloppement d\u2019un club phare la r\u00e9gion normande \u2b50Acc\u00e9der \u00e0 plusieurs pack de partenariat \u00e0 partir de 100\u20ac \u2b50B\u00e9n\u00e9ficier d\u2019une d\u00e9duction d\u2019imp\u00f4t de 60% sur vos sommes vers\u00e9es en cas de m\u00e9c\u00e9nat, loi du 1er ao\u00fbt 2003 Il y a plus de 5000 passages par semaine dans le gymnase ce qui, vous assure une excellente visibilit\u00e9 pour votre entreprise. Profitez de nos diff\u00e9rents supports de communication pour atteindre un maximum de personnes. Saisissez les moments forts et soyez au plus proche de votre future client\u00e8le gr\u00e2ce \u00e0 l&#8217;organisation de nos \u00e9v\u00e8nements. Pour obtenir une offre personnalis\u00e9e et rejoindre les partenaires de La Sottevillaise, contactez : \u00a0 Nos partenaires \u00a0 \u00a0<\/p>\n","protected":false},"author":1,"featured_media":0,"parent":0,"menu_order":0,"comment_status":"closed","ping_status":"closed","template":"","meta":{"footnotes":""},"jetpack_sharing_enabled":true,"acf":[],"_links":{"self":[{"href":"https:\/\/lasottevillaise.com\/index.php\/wp-json\/wp\/v2\/pages\/2742"}],"collection":[{"href":"https:\/\/lasottevillaise.com\/index.php\/wp-json\/wp\/v2\/pages"}],"about":[{"href":"https:\/\/lasottevillaise.com\/index.php\/wp-json\/wp\/v2\/types\/page"}],"author":[{"embeddable":true,"href":"https:\/\/lasottevillaise.com\/index.php\/wp-json\/wp\/v2\/users\/1"}],"replies":[{"embeddable":true,"href":"https:\/\/lasottevillaise.com\/index.php\/wp-json\/wp\/v2\/comments?post=2742"}],"version-history":[{"count":25,"href":"https:\/\/lasottevillaise.com\/index.php\/wp-json\/wp\/v2\/pages\/2742\/revisions"}],"predecessor-version":[{"id":4394,"href":"https:\/\/lasottevillaise.com\/index.php\/wp-json\/wp\/v2\/pages\/2742\/revisions\/4394"}],"wp:attachment":[{"href":"https:\/\/lasottevillaise.com\/index.php\/wp-json\/wp\/v2\/media?parent=2742"}],"curies":[{"name":"wp","href":"https:\/\/api.w.org\/{rel}","templated":true}]}}