{"id":3199,"date":"2023-10-18T16:00:32","date_gmt":"2023-10-18T14:00:32","guid":{"rendered":"https:\/\/lasottevillaise.com\/?page_id=3199"},"modified":"2023-11-23T10:51:34","modified_gmt":"2023-11-23T09:51:34","slug":"palmares","status":"publish","type":"page","link":"https:\/\/lasottevillaise.com\/index.php\/palmares\/","title":{"rendered":"Palmares"},"content":{"rendered":"\t\t<div data-elementor-type=\"wp-page\" data-elementor-id=\"3199\" class=\"elementor elementor-3199\">\n\t\t\t\t\t\t<section class=\"elementor-section elementor-top-section elementor-element elementor-element-2beab82 elementor-section-boxed elementor-section-height-default elementor-section-height-default wpr-particle-no wpr-jarallax-no wpr-parallax-no wpr-sticky-section-no\" data-id=\"2beab82\" data-element_type=\"section\">\n\t\t\t\t\t\t<div class=\"elementor-container elementor-column-gap-default\">\n\t\t\t\t\t<div class=\"elementor-column elementor-col-100 elementor-top-column elementor-element elementor-element-6279ec8\" data-id=\"6279ec8\" data-element_type=\"column\">\n\t\t\t<div class=\"elementor-widget-wrap elementor-element-populated\">\n\t\t\t\t\t\t<div class=\"elementor-element elementor-element-d431ba0 elementor-hidden-tablet elementor-hidden-mobile elementor-widget elementor-widget-spacer\" data-id=\"d431ba0\" data-element_type=\"widget\" data-widget_type=\"spacer.default\">\n\t\t\t\t<div class=\"elementor-widget-container\">\n\t\t\t\t\t\t\t<div class=\"elementor-spacer\">\n\t\t\t<div class=\"elementor-spacer-inner\"><\/div>\n\t\t<\/div>\n\t\t\t\t\t\t<\/div>\n\t\t\t\t<\/div>\n\t\t\t\t\t<\/div>\n\t\t<\/div>\n\t\t\t\t\t<\/div>\n\t\t<\/section>\n\t\t\t\t<section class=\"elementor-section elementor-top-section elementor-element elementor-element-6a5605a elementor-section-boxed elementor-section-height-default elementor-section-height-default wpr-particle-no wpr-jarallax-no wpr-parallax-no wpr-sticky-section-no\" data-id=\"6a5605a\" data-element_type=\"section\">\n\t\t\t\t\t\t<div class=\"elementor-container elementor-column-gap-default\">\n\t\t\t\t\t<div class=\"elementor-column elementor-col-100 elementor-top-column elementor-element elementor-element-69a87cf1\" data-id=\"69a87cf1\" data-element_type=\"column\">\n\t\t\t<div class=\"elementor-widget-wrap elementor-element-populated\">\n\t\t\t\t\t\t<div class=\"elementor-element elementor-element-9b6de15 elementor-widget elementor-widget-text-editor\" data-id=\"9b6de15\" data-element_type=\"widget\" data-widget_type=\"text-editor.default\">\n\t\t\t\t<div class=\"elementor-widget-container\">\n\t\t\t\t\t\t\t\t\t<p style=\"text-align: left;\"><strong><span style=\"font-family: georgia, palatino, serif; color: #000000; font-size: 18pt;\">Notre \u00e9quipe Haut Niveau TOP 12<\/span><\/strong><\/p><ul><li style=\"list-style-type: none;\"><ul><li style=\"list-style-type: none;\"><ul><li><span style=\"font-family: georgia, palatino, serif; font-size: 12pt; color: #000000;\">2023 : 8\u00e8me en Top 12<\/span><\/li><li><span style=\"color: #000000; font-family: georgia, palatino, serif; font-size: 12pt;\">2022 : <strong>1\u00e8re<\/strong> en Top 12<\/span><\/li><li><span style=\"color: #000000; font-family: georgia, palatino, serif; font-size: 12pt;\">2021 : 9\u00e8me en Top 12<\/span><\/li><li><span style=\"color: #000000; font-family: georgia, palatino, serif; font-size: 12pt;\">2020 : <strong>3\u00e8me<\/strong> en Top 12<\/span><\/li><li><span style=\"color: #000000; font-family: georgia, palatino, serif; font-size: 12pt;\">2019 : 10\u00e8me en Top 12<\/span><\/li><li><span style=\"color: #000000; font-family: georgia, palatino, serif; font-size: 12pt;\">2018 : <strong>2\u00e8me<\/strong> en Top 12<\/span><\/li><li><span style=\"color: #000000; font-family: georgia, palatino, serif; font-size: 12pt;\">2017 : <strong>3\u00e8me<\/strong> en Top 12<\/span><\/li><li><span style=\"color: #000000; font-family: georgia, palatino, serif; font-size: 12pt;\">2016 : 4\u00e8me en Top 12 \/ <strong>3\u00e8me<\/strong> en Coupe de France<\/span><\/li><li><span style=\"font-size: 12pt; color: #000000; font-family: georgia, palatino, serif;\">2015 : 4\u00e8me en Top 12 \/ <strong>3\u00e8me<\/strong> en Coupe de France<\/span><\/li><li><span style=\"font-size: 12pt; color: #000000; font-family: georgia, palatino, serif;\">2014 : <strong>2\u00e8me<\/strong> en Top 12 \/ <strong>3\u00e8me<\/strong> en Coupe de France<\/span><\/li><li><span style=\"color: #000000; font-family: georgia, palatino, serif; font-size: 12pt;\">2013 : 4\u00e8me en Top 12 \/ <strong>1\u00e8re<\/strong> en Coupe de France<\/span><\/li><li><span style=\"font-size: 12pt; color: #000000; font-family: georgia, palatino, serif;\">2012 : <strong>3\u00e8me<\/strong> en DN1 \/ 4\u00e8me en Coupe de France<\/span><\/li><li><span style=\"color: #000000; font-family: georgia, palatino, serif; font-size: 12pt;\">2011 : <strong>3\u00e8me<\/strong> en DN1 \/ <strong>1\u00e8re<\/strong> en Coupe de France<\/span><\/li><li><span style=\"font-size: 12pt; color: #000000; font-family: georgia, palatino, serif;\">2010 : 5\u00e8me en DN1 \/ Demi Finaliste en Coupe de France<\/span><\/li><li><span style=\"font-size: 12pt; color: #000000; font-family: georgia, palatino, serif;\">2009 : <strong>3\u00e8me<\/strong> en DN1 \/ <strong>2\u00e8me<\/strong> en Coupe de France<\/span><\/li><li><span style=\"color: #000000; font-family: georgia, palatino, serif; font-size: 12pt;\">2008 : <strong>2\u00e8me<\/strong> en DN1 \/ <strong>2\u00e8me<\/strong> en Coupe de France<\/span><\/li><li><span style=\"font-size: 12pt; color: #000000; font-family: georgia, palatino, serif;\">2007 : <strong>3\u00e8me<\/strong> en DN1 \/\u00a0 Demi Finaliste en Coupe de France<\/span><\/li><li><span style=\"font-size: 12pt; color: #000000; font-family: georgia, palatino, serif;\">2006 : 5\u00e8me en DN1 \/ <strong>3\u00e8me<\/strong> en Coupe de France<\/span><\/li><li><span style=\"font-size: 12pt; color: #000000; font-family: georgia, palatino, serif;\">2005 : 5\u00e8me en DN1 \/ <strong>2\u00e8me<\/strong> en Coupe de France<\/span><\/li><li><span style=\"font-size: 12pt; color: #000000; font-family: georgia, palatino, serif;\">2004 : 7\u00e8me en DN1 \/ Quart de Finaliste en Coupe de France<\/span><\/li><li><span style=\"color: #000000; font-family: georgia, palatino, serif; font-size: 12pt;\">2003 : <strong>2\u00e8me<\/strong> en DN2 \/ 4\u00e8me en Coupe de France<\/span><\/li><li><span style=\"font-size: 12pt; color: #000000; font-family: georgia, palatino, serif;\">2002 : 8\u00e8me en DN2 \/ Quart de Finaliste en Coupe de France<\/span><\/li><li><span style=\"font-size: 12pt; color: #000000; font-family: georgia, palatino, serif;\">2001 : <strong>3\u00e8me<\/strong> en DN2 \/ Quart de Finaliste en Coupe de France<\/span><\/li><li><span style=\"font-size: 12pt; color: #000000; font-family: georgia, palatino, serif;\">2000 : 8\u00e8me en DN2 \/ 8\u00e8me en Coupe de France<\/span><\/li><\/ul><\/li><\/ul><\/li><\/ul>\t\t\t\t\t\t\t\t<\/div>\n\t\t\t\t<\/div>\n\t\t\t\t\t<\/div>\n\t\t<\/div>\n\t\t\t\t\t<\/div>\n\t\t<\/section>\n\t\t\t\t<section class=\"elementor-section elementor-top-section elementor-element elementor-element-9f50f6a elementor-section-boxed elementor-section-height-default elementor-section-height-default wpr-particle-no wpr-jarallax-no wpr-parallax-no wpr-sticky-section-no\" data-id=\"9f50f6a\" data-element_type=\"section\">\n\t\t\t\t\t\t<div class=\"elementor-container elementor-column-gap-default\">\n\t\t\t\t\t<div class=\"elementor-column elementor-col-100 elementor-top-column elementor-element elementor-element-99cd26a\" data-id=\"99cd26a\" data-element_type=\"column\">\n\t\t\t<div class=\"elementor-widget-wrap elementor-element-populated\">\n\t\t\t\t\t\t<div class=\"elementor-element elementor-element-bb1a9c9 elementor-hidden-tablet elementor-hidden-mobile elementor-widget elementor-widget-spacer\" data-id=\"bb1a9c9\" data-element_type=\"widget\" data-widget_type=\"spacer.default\">\n\t\t\t\t<div class=\"elementor-widget-container\">\n\t\t\t\t\t\t\t<div class=\"elementor-spacer\">\n\t\t\t<div class=\"elementor-spacer-inner\"><\/div>\n\t\t<\/div>\n\t\t\t\t\t\t<\/div>\n\t\t\t\t<\/div>\n\t\t\t\t<div class=\"elementor-element elementor-element-e13c30f elementor-arrows-position-inside elementor-pagination-position-outside elementor-widget elementor-widget-image-carousel\" data-id=\"e13c30f\" data-element_type=\"widget\" data-settings=\"{&quot;slides_to_show&quot;:&quot;1&quot;,&quot;navigation&quot;:&quot;both&quot;,&quot;autoplay&quot;:&quot;yes&quot;,&quot;pause_on_hover&quot;:&quot;yes&quot;,&quot;pause_on_interaction&quot;:&quot;yes&quot;,&quot;autoplay_speed&quot;:5000,&quot;infinite&quot;:&quot;yes&quot;,&quot;effect&quot;:&quot;slide&quot;,&quot;speed&quot;:500}\" data-widget_type=\"image-carousel.default\">\n\t\t\t\t<div class=\"elementor-widget-container\">\n\t\t\t\t\t\t\t<div class=\"elementor-image-carousel-wrapper swiper\" role=\"region\" aria-roledescription=\"carousel\" aria-label=\"Carrousel d\u2019images\" dir=\"ltr\">\n\t\t\t<div class=\"elementor-image-carousel swiper-wrapper\" aria-live=\"off\">\n\t\t\t\t\t\t\t\t<div class=\"swiper-slide\" role=\"group\" aria-roledescription=\"slide\" aria-label=\"1 sur 5\"><figure class=\"swiper-slide-inner\"><img decoding=\"async\" class=\"swiper-slide-image\" src=\"https:\/\/i0.wp.com\/lasottevillaise.com\/wp-content\/uploads\/2023\/11\/Toppp.png?fit=1920%2C1080&amp;ssl=1\" alt=\"Toppp\" \/><\/figure><\/div><div class=\"swiper-slide\" role=\"group\" aria-roledescription=\"slide\" aria-label=\"2 sur 5\"><figure class=\"swiper-slide-inner\"><img decoding=\"async\" class=\"swiper-slide-image\" src=\"https:\/\/i0.wp.com\/lasottevillaise.com\/wp-content\/uploads\/2023\/11\/top-12.png?fit=1920%2C1080&amp;ssl=1\" alt=\"top 12\" \/><\/figure><\/div><div class=\"swiper-slide\" role=\"group\" aria-roledescription=\"slide\" aria-label=\"3 sur 5\"><figure class=\"swiper-slide-inner\"><img decoding=\"async\" class=\"swiper-slide-image\" src=\"https:\/\/i0.wp.com\/lasottevillaise.com\/wp-content\/uploads\/2023\/11\/top-1.png?fit=1920%2C1080&amp;ssl=1\" alt=\"top 1\" \/><\/figure><\/div><div class=\"swiper-slide\" role=\"group\" aria-roledescription=\"slide\" aria-label=\"4 sur 5\"><figure class=\"swiper-slide-inner\"><img decoding=\"async\" class=\"swiper-slide-image\" src=\"https:\/\/i0.wp.com\/lasottevillaise.com\/wp-content\/uploads\/2023\/11\/gege.png?fit=1920%2C1080&amp;ssl=1\" alt=\"g\u00e9g\u00e9\" \/><\/figure><\/div><div class=\"swiper-slide\" role=\"group\" aria-roledescription=\"slide\" aria-label=\"5 sur 5\"><figure class=\"swiper-slide-inner\"><img decoding=\"async\" class=\"swiper-slide-image\" src=\"https:\/\/i0.wp.com\/lasottevillaise.com\/wp-content\/uploads\/2023\/11\/SOtte.png?fit=1920%2C1080&amp;ssl=1\" alt=\"SOtte\" \/><\/figure><\/div>\t\t\t<\/div>\n\t\t\t\t\t\t\t\t\t\t\t\t<div class=\"elementor-swiper-button elementor-swiper-button-prev\" role=\"button\" tabindex=\"0\">\n\t\t\t\t\t\t<i aria-hidden=\"true\" class=\"eicon-chevron-left\"><\/i>\t\t\t\t\t<\/div>\n\t\t\t\t\t<div class=\"elementor-swiper-button elementor-swiper-button-next\" role=\"button\" tabindex=\"0\">\n\t\t\t\t\t\t<i aria-hidden=\"true\" class=\"eicon-chevron-right\"><\/i>\t\t\t\t\t<\/div>\n\t\t\t\t\n\t\t\t\t\t\t\t\t\t<div class=\"swiper-pagination\"><\/div>\n\t\t\t\t\t\t\t\t\t<\/div>\n\t\t\t\t\t\t<\/div>\n\t\t\t\t<\/div>\n\t\t\t\t\t<\/div>\n\t\t<\/div>\n\t\t\t\t\t<\/div>\n\t\t<\/section>\n\t\t\t\t<\/div>\n\t\t","protected":false},"excerpt":{"rendered":"<p>Notre \u00e9quipe Haut Niveau TOP 12 2023 : 8\u00e8me en Top 12 2022 : 1\u00e8re en Top 12 2021 : 9\u00e8me en Top 12 2020 : 3\u00e8me en Top 12 2019 : 10\u00e8me en Top 12 2018 : 2\u00e8me en Top 12 2017 : 3\u00e8me en Top 12 2016 : 4\u00e8me en Top 12 \/ 3\u00e8me en Coupe de France 2015 : 4\u00e8me en Top 12 \/ 3\u00e8me en Coupe de France 2014 : 2\u00e8me en Top 12 \/ 3\u00e8me en Coupe de France 2013 : 4\u00e8me en Top 12 \/ 1\u00e8re en Coupe de France 2012 : 3\u00e8me en DN1 \/ 4\u00e8me en Coupe de France 2011 : 3\u00e8me en DN1 \/ 1\u00e8re en Coupe de France 2010 : 5\u00e8me en DN1 \/ Demi Finaliste en Coupe de France 2009 : 3\u00e8me en DN1 \/ 2\u00e8me en Coupe de France 2008 : 2\u00e8me en DN1 \/ 2\u00e8me en Coupe de France 2007 : 3\u00e8me en DN1 \/\u00a0 Demi Finaliste en Coupe de France 2006 : 5\u00e8me en DN1 \/ 3\u00e8me en Coupe de France 2005 : 5\u00e8me en DN1 \/ 2\u00e8me en Coupe de France 2004 : 7\u00e8me en DN1 \/ Quart de Finaliste en Coupe de France 2003 : 2\u00e8me en DN2 \/ 4\u00e8me en Coupe de France 2002 : 8\u00e8me en DN2 \/ Quart de Finaliste en Coupe de France 2001 : 3\u00e8me en DN2 \/ Quart de Finaliste en Coupe de France 2000 : 8\u00e8me en DN2 \/ 8\u00e8me en Coupe de France<\/p>\n","protected":false},"author":1,"featured_media":0,"parent":0,"menu_order":0,"comment_status":"closed","ping_status":"closed","template":"","meta":{"footnotes":""},"jetpack_sharing_enabled":true,"acf":[],"_links":{"self":[{"href":"https:\/\/lasottevillaise.com\/index.php\/wp-json\/wp\/v2\/pages\/3199"}],"collection":[{"href":"https:\/\/lasottevillaise.com\/index.php\/wp-json\/wp\/v2\/pages"}],"about":[{"href":"https:\/\/lasottevillaise.com\/index.php\/wp-json\/wp\/v2\/types\/page"}],"author":[{"embeddable":true,"href":"https:\/\/lasottevillaise.com\/index.php\/wp-json\/wp\/v2\/users\/1"}],"replies":[{"embeddable":true,"href":"https:\/\/lasottevillaise.com\/index.php\/wp-json\/wp\/v2\/comments?post=3199"}],"version-history":[{"count":16,"href":"https:\/\/lasottevillaise.com\/index.php\/wp-json\/wp\/v2\/pages\/3199\/revisions"}],"predecessor-version":[{"id":3649,"href":"https:\/\/lasottevillaise.com\/index.php\/wp-json\/wp\/v2\/pages\/3199\/revisions\/3649"}],"wp:attachment":[{"href":"https:\/\/lasottevillaise.com\/index.php\/wp-json\/wp\/v2\/media?parent=3199"}],"curies":[{"name":"wp","href":"https:\/\/api.w.org\/{rel}","templated":true}]}}