{"id":3238,"date":"2023-10-19T11:21:34","date_gmt":"2023-10-19T09:21:34","guid":{"rendered":"https:\/\/lasottevillaise.com\/?page_id=3238"},"modified":"2024-11-19T12:24:55","modified_gmt":"2024-11-19T11:24:55","slug":"cameron-lie-bernard","status":"publish","type":"page","link":"https:\/\/lasottevillaise.com\/index.php\/cameron-lie-bernard\/","title":{"rendered":"Cameron-Lie Bernard"},"content":{"rendered":"\t\t<div data-elementor-type=\"wp-page\" data-elementor-id=\"3238\" class=\"elementor elementor-3238\">\n\t\t\t\t\t\t<section class=\"elementor-section elementor-top-section elementor-element elementor-element-f357067 elementor-section-boxed elementor-section-height-default elementor-section-height-default wpr-particle-no wpr-jarallax-no wpr-parallax-no wpr-sticky-section-no\" data-id=\"f357067\" data-element_type=\"section\">\n\t\t\t\t\t\t<div class=\"elementor-container elementor-column-gap-default\">\n\t\t\t\t\t<div class=\"elementor-column elementor-col-100 elementor-top-column elementor-element elementor-element-d48c74f\" data-id=\"d48c74f\" data-element_type=\"column\">\n\t\t\t<div class=\"elementor-widget-wrap\">\n\t\t\t\t\t\t\t<\/div>\n\t\t<\/div>\n\t\t\t\t\t<\/div>\n\t\t<\/section>\n\t\t\t\t<section class=\"elementor-section elementor-top-section elementor-element elementor-element-abc513c elementor-section-boxed elementor-section-height-default elementor-section-height-default wpr-particle-no wpr-jarallax-no wpr-parallax-no wpr-sticky-section-no\" data-id=\"abc513c\" data-element_type=\"section\">\n\t\t\t\t\t\t<div class=\"elementor-container elementor-column-gap-default\">\n\t\t\t\t\t<div class=\"elementor-column elementor-col-50 elementor-top-column elementor-element elementor-element-b7d5b21\" data-id=\"b7d5b21\" data-element_type=\"column\">\n\t\t\t<div class=\"elementor-widget-wrap elementor-element-populated\">\n\t\t\t\t\t\t<div class=\"elementor-element elementor-element-d7caf6c elementor-widget elementor-widget-image\" data-id=\"d7caf6c\" data-element_type=\"widget\" data-widget_type=\"image.default\">\n\t\t\t\t<div class=\"elementor-widget-container\">\n\t\t\t\t\t\t\t\t\t\t\t\t\t\t\t<img fetchpriority=\"high\" decoding=\"async\" width=\"1080\" height=\"1350\" src=\"https:\/\/i0.wp.com\/lasottevillaise.com\/wp-content\/uploads\/2023\/10\/1695039005061.jpg?fit=1080%2C1350&amp;ssl=1\" class=\"attachment-2048x2048 size-2048x2048 wp-image-3327\" alt=\"\" srcset=\"https:\/\/i0.wp.com\/lasottevillaise.com\/wp-content\/uploads\/2023\/10\/1695039005061.jpg?w=1080&amp;ssl=1 1080w, https:\/\/i0.wp.com\/lasottevillaise.com\/wp-content\/uploads\/2023\/10\/1695039005061.jpg?resize=240%2C300&amp;ssl=1 240w, https:\/\/i0.wp.com\/lasottevillaise.com\/wp-content\/uploads\/2023\/10\/1695039005061.jpg?resize=819%2C1024&amp;ssl=1 819w, https:\/\/i0.wp.com\/lasottevillaise.com\/wp-content\/uploads\/2023\/10\/1695039005061.jpg?resize=768%2C960&amp;ssl=1 768w\" sizes=\"(max-width: 960px) 100vw, 960px\" \/>\t\t\t\t\t\t\t\t\t\t\t\t\t\t\t<\/div>\n\t\t\t\t<\/div>\n\t\t\t\t\t<\/div>\n\t\t<\/div>\n\t\t\t\t<div class=\"elementor-column elementor-col-50 elementor-top-column elementor-element elementor-element-4caef27\" data-id=\"4caef27\" data-element_type=\"column\">\n\t\t\t<div class=\"elementor-widget-wrap elementor-element-populated\">\n\t\t\t\t\t\t<div class=\"elementor-element elementor-element-c461843 elementor-widget elementor-widget-text-editor\" data-id=\"c461843\" data-element_type=\"widget\" data-widget_type=\"text-editor.default\">\n\t\t\t\t<div class=\"elementor-widget-container\">\n\t\t\t\t\t\t\t\t\t<p style=\"text-align: left;\"><strong><span style=\"font-size: 18pt; font-family: georgia, palatino, serif;\"><span style=\"color: #000000; font-family: georgia, palatino, serif;\">Profil<\/span><\/span><\/strong><\/p><ul><li style=\"text-align: left;\"><span style=\"font-size: 12pt; font-family: georgia, palatino, serif;\"><span style=\"color: #000000; font-family: georgia, palatino, serif;\">Nationalit\u00e9 : fran\u00e7aise<\/span><\/span><\/li><li><span style=\"color: #000000; font-family: georgia, palatino, serif;\">Date de naissance : 22 septembre 1998<\/span><\/li><\/ul><p style=\"text-align: left;\"><span style=\"font-size: 18pt;\"><strong><span style=\"color: #000000; font-family: georgia, palatino, serif;\">\u00a0<\/span><\/strong><\/span><span style=\"font-size: 18pt;\"><strong><span style=\"color: #000000; font-family: georgia, palatino, serif;\">Palmar\u00e8s<\/span><\/strong><\/span><\/p><p><span style=\"font-size: 14pt;\"><strong>2024<\/strong><\/span><\/p><ul><li><span style=\"color: #000000; font-family: georgia, palatino, serif; font-size: 12pt;\">4<\/span><span style=\"color: #000000; font-family: georgia, palatino, serif; font-size: 12pt;\">\u00e8me aux barres parall\u00e8les\u00a0au\u00a0<span style=\"color: #000000; font-family: georgia, palatino, serif; font-size: 12pt;\">Championnat d\u2019Europe \u00e0 Rimini (Italie)<\/span><\/span><\/li><li><span style=\"color: #000000; font-family: georgia, palatino, serif; font-size: 12pt;\"><span style=\"color: #000000; font-family: georgia, palatino, serif; font-size: 12pt;\">1er <\/span>\u00a0aux barres parall\u00e8les \u00e0 la Coupe du Monde \u00e0 Varna (Bulgarie)<\/span><\/li><li><span style=\"color: #000000; font-family: georgia, palatino, serif; font-size: 12pt;\"><span style=\"color: #000000; font-family: georgia, palatino, serif; font-size: 12pt;\">5\u00e8me <\/span>\u00a0aux barres parall\u00e8les \u00e0 la Coupe du Monde\u00a0 au Caire (Egypte)<\/span><\/li><li>\u00a0<\/li><li><span style=\"color: #000000; font-family: georgia, palatino, serif;\">M\u00e9daill\u00e9 de bronze aux ar\u00e7ons au championnat de France Elite \u00e0 Lyon<\/span><\/li><\/ul><p style=\"text-align: left;\"><strong><span style=\"color: #000000; font-family: georgia, palatino, serif; font-size: 14pt;\">2023<\/span><\/strong><\/p><ul><li><span style=\"color: #000000; font-family: georgia, palatino, serif; font-size: 12pt;\">3<\/span><span style=\"color: #000000; font-family: georgia, palatino, serif; font-size: 12pt;\">\u00e8me aux barres parall\u00e8les et 8\u00e8me aux anneaux \u00e0 la Coupe du Monde de Paris<\/span><\/li><li><span style=\"color: #000000; font-family: georgia, palatino, serif; font-size: 12pt;\">3<\/span><span style=\"color: #000000; font-family: georgia, palatino, serif; font-size: 12pt;\">\u00e8me aux barres parall\u00e8les \u00e0 la Coupe du Monde de Bakou<\/span><\/li><li><span style=\"color: #000000; font-family: georgia, palatino, serif; font-size: 12pt;\">7<\/span><span style=\"color: #000000; font-family: georgia, palatino, serif; font-size: 12pt;\">\u00e8me par \u00e9quipe au <\/span><span style=\"color: #000000; font-family: georgia, palatino, serif; font-size: 12pt;\">Championnat d\u2019Europe d&#8217;Antalya (Turquie)\u00a0 et 5\u00e8me aux barres parall\u00e8les<\/span><\/li><\/ul><p style=\"text-align: left;\"><span style=\"font-size: 14pt;\"><strong><span style=\"color: #000000; font-family: georgia, palatino, serif;\">2022 <\/span><\/strong><\/span><\/p><ul><li><span style=\"color: #000000; font-family: georgia, palatino, serif; font-size: 12pt;\">Participation au Championnat du Monde de Liverpool<\/span><\/li><li><span style=\"color: #000000; font-family: georgia, palatino, serif; font-size: 12pt;\">7\u00e8me aux\u00a0 barres parall\u00e8les \u00e0 la Coupe du Monde de Paris<\/span><\/li><li><span style=\"color: #000000; font-family: georgia, palatino, serif; font-size: 12pt;\">5<\/span><span style=\"color: #000000; font-family: georgia, palatino, serif; font-size: 12pt;\">\u00e8me par \u00e9quipe au C<\/span><span style=\"color: #000000; font-family: georgia, palatino, serif; font-size: 12pt;\">hampionnat d\u2019Europe de Munich<\/span><\/li><li><span style=\"color: #000000; font-family: georgia, palatino, serif; font-size: 12pt;\">3<\/span><span style=\"color: #000000; font-family: georgia, palatino, serif; font-size: 12pt;\">\u00e8me aux barres parall\u00e8les et 3\u00e8me par \u00e9quipe aux J<\/span><span style=\"color: #000000; font-family: georgia, palatino, serif; font-size: 12pt;\">eux M\u00e9diterran\u00e9ens d&#8217;Oran\u00a0<\/span><\/li><li><span style=\"color: #000000; font-family: georgia, palatino, serif; font-size: 12pt;\">3<\/span><span style=\"color: #000000; font-family: georgia, palatino, serif; font-size: 12pt;\">\u00e8me aux anneaux et ar\u00e7ons aux <\/span><span style=\"color: #000000; font-family: georgia, palatino, serif; font-size: 12pt;\">France \u00c9lite d&#8217;\u00c9lancourt\u00a0<\/span><\/li><\/ul><p style=\"text-align: left;\"><strong><span style=\"color: #000000; font-family: georgia, palatino, serif; font-size: 14pt;\">2018 <\/span><\/strong><\/p><ul><li><span style=\"color: #000000; font-family: georgia, palatino, serif; font-size: 12pt;\">Vice-champion aux barres parall\u00e8les aux France \u00c9lite de Caen<\/span><\/li><\/ul><p style=\"text-align: left;\"><span style=\"font-size: 14pt;\"><strong><span style=\"color: #000000; font-family: georgia, palatino, serif;\">2017 <\/span><\/strong><\/span><\/p><ul><li><span style=\"color: #000000; font-family: georgia, palatino, serif; font-size: 12pt;\">Participation au Championnat d\u2019Europe Senior de Cluj (Roumanie)<\/span><\/li><\/ul>\t\t\t\t\t\t\t\t<\/div>\n\t\t\t\t<\/div>\n\t\t\t\t\t<\/div>\n\t\t<\/div>\n\t\t\t\t\t<\/div>\n\t\t<\/section>\n\t\t\t\t<section class=\"elementor-section elementor-top-section elementor-element elementor-element-288bfd8 elementor-section-boxed elementor-section-height-default elementor-section-height-default wpr-particle-no wpr-jarallax-no wpr-parallax-no wpr-sticky-section-no\" data-id=\"288bfd8\" data-element_type=\"section\">\n\t\t\t\t\t\t<div class=\"elementor-container elementor-column-gap-default\">\n\t\t\t\t\t<div class=\"elementor-column elementor-col-100 elementor-top-column elementor-element elementor-element-2035e71\" data-id=\"2035e71\" data-element_type=\"column\">\n\t\t\t<div class=\"elementor-widget-wrap elementor-element-populated\">\n\t\t\t\t\t\t<div class=\"elementor-element elementor-element-b71d8b7 elementor-widget elementor-widget-spacer\" data-id=\"b71d8b7\" data-element_type=\"widget\" data-widget_type=\"spacer.default\">\n\t\t\t\t<div class=\"elementor-widget-container\">\n\t\t\t\t\t\t\t<div class=\"elementor-spacer\">\n\t\t\t<div class=\"elementor-spacer-inner\"><\/div>\n\t\t<\/div>\n\t\t\t\t\t\t<\/div>\n\t\t\t\t<\/div>\n\t\t\t\t\t<\/div>\n\t\t<\/div>\n\t\t\t\t\t<\/div>\n\t\t<\/section>\n\t\t\t\t<section class=\"elementor-section elementor-top-section elementor-element elementor-element-f5d401f elementor-section-boxed elementor-section-height-default elementor-section-height-default wpr-particle-no wpr-jarallax-no wpr-parallax-no wpr-sticky-section-no\" data-id=\"f5d401f\" data-element_type=\"section\">\n\t\t\t\t\t\t<div class=\"elementor-container elementor-column-gap-default\">\n\t\t\t\t\t<div class=\"elementor-column elementor-col-100 elementor-top-column elementor-element elementor-element-6a56ab9\" data-id=\"6a56ab9\" data-element_type=\"column\">\n\t\t\t<div class=\"elementor-widget-wrap elementor-element-populated\">\n\t\t\t\t\t\t<div class=\"elementor-element elementor-element-d6556ed elementor-widget elementor-widget-text-editor\" data-id=\"d6556ed\" data-element_type=\"widget\" data-widget_type=\"text-editor.default\">\n\t\t\t\t<div class=\"elementor-widget-container\">\n\t\t\t\t\t\t\t\t\t<p><span style=\"font-size: 18pt;\"><strong><span style=\"font-family: georgia, palatino, serif; color: #000000;\">Biographie<\/span><\/strong><\/span><\/p><p><span style=\"font-family: georgia, palatino, serif; font-size: 12pt; color: #000000;\">Cameron-Lie Bernard est n\u00e9 le 22 septembre 1998. Il \u00e9volue au club de La Sottevillaise depuis l&#8217;\u00e2ge de 15 mois, aujourd\u2019hui il s&#8217;entra\u00eene \u00e0 l\u2019INSEP \u00e0 Paris et au club. S\u00e9bastien Doguet (ancien coach sottevillais) l&#8217;a emmen\u00e9 sur les premiers podiums nationaux \u00e0 l&#8217;\u00e2ge de 10 ans. Il a eu un passage de 6 ann\u00e9es au p\u00f4le de Lyon, o\u00f9 il a beaucoup progress\u00e9 gr\u00e2ce \u00e0 Laurent Maertens. De 2016 \u00e0 2017, il est sous la houlette de Frantz Gaillard puis maintenant avec Danny Rodrigues. Grand sp\u00e9cialiste des barres parall\u00e8les, il a su gagner sa place parmi l\u2019\u00e9quipe de France Senior (1\u00e8re s\u00e9lection en 2017 o\u00f9 il participe au championnat d\u2019Europe \u00e0 Cluj en Roumanie). &#8220;Cam&#8221; a gagn\u00e9 2 m\u00e9dailles de Bronze en coupe du monde aux barres parall\u00e8les en 2023 (Bakou et Paris). Sa premi\u00e8re m\u00e9daille internationale individuelle a \u00e9t\u00e9 obtenue aux jeux m\u00e9diterran\u00e9ens \u00e0 Oran en 2022 (M\u00e9daille de bronze aux parall\u00e8les). Sa force et sa technique lui permettent d\u2019\u00eatre un gymnaste complet car il travaille sur les 6 agr\u00e8s.<\/span><\/p>\t\t\t\t\t\t\t\t<\/div>\n\t\t\t\t<\/div>\n\t\t\t\t\t<\/div>\n\t\t<\/div>\n\t\t\t\t\t<\/div>\n\t\t<\/section>\n\t\t\t\t<section class=\"elementor-section elementor-top-section elementor-element elementor-element-cdd01e9 elementor-section-boxed elementor-section-height-default elementor-section-height-default wpr-particle-no wpr-jarallax-no wpr-parallax-no wpr-sticky-section-no\" data-id=\"cdd01e9\" data-element_type=\"section\">\n\t\t\t\t\t\t<div class=\"elementor-container elementor-column-gap-default\">\n\t\t\t\t\t<div class=\"elementor-column elementor-col-100 elementor-top-column elementor-element elementor-element-1e318ed\" data-id=\"1e318ed\" data-element_type=\"column\">\n\t\t\t<div class=\"elementor-widget-wrap elementor-element-populated\">\n\t\t\t\t\t\t<div class=\"elementor-element elementor-element-76bad29 elementor-hidden-tablet elementor-hidden-mobile elementor-widget elementor-widget-spacer\" data-id=\"76bad29\" data-element_type=\"widget\" data-widget_type=\"spacer.default\">\n\t\t\t\t<div class=\"elementor-widget-container\">\n\t\t\t\t\t\t\t<div class=\"elementor-spacer\">\n\t\t\t<div class=\"elementor-spacer-inner\"><\/div>\n\t\t<\/div>\n\t\t\t\t\t\t<\/div>\n\t\t\t\t<\/div>\n\t\t\t\t\t<\/div>\n\t\t<\/div>\n\t\t\t\t\t<\/div>\n\t\t<\/section>\n\t\t\t\t<section class=\"elementor-section elementor-top-section elementor-element elementor-element-033dff3 elementor-section-boxed elementor-section-height-default elementor-section-height-default wpr-particle-no wpr-jarallax-no wpr-parallax-no wpr-sticky-section-no\" data-id=\"033dff3\" data-element_type=\"section\">\n\t\t\t\t\t\t<div class=\"elementor-container elementor-column-gap-default\">\n\t\t\t\t\t<div class=\"elementor-column elementor-col-100 elementor-top-column elementor-element elementor-element-ebdcb32\" data-id=\"ebdcb32\" data-element_type=\"column\">\n\t\t\t<div class=\"elementor-widget-wrap elementor-element-populated\">\n\t\t\t\t\t\t<div class=\"elementor-element elementor-element-6b8f51f elementor-arrows-position-inside elementor-pagination-position-outside elementor-widget elementor-widget-image-carousel\" data-id=\"6b8f51f\" data-element_type=\"widget\" data-settings=\"{&quot;slides_to_show&quot;:&quot;1&quot;,&quot;navigation&quot;:&quot;both&quot;,&quot;autoplay&quot;:&quot;yes&quot;,&quot;pause_on_hover&quot;:&quot;yes&quot;,&quot;pause_on_interaction&quot;:&quot;yes&quot;,&quot;autoplay_speed&quot;:5000,&quot;infinite&quot;:&quot;yes&quot;,&quot;effect&quot;:&quot;slide&quot;,&quot;speed&quot;:500}\" data-widget_type=\"image-carousel.default\">\n\t\t\t\t<div class=\"elementor-widget-container\">\n\t\t\t\t\t\t\t<div class=\"elementor-image-carousel-wrapper swiper\" role=\"region\" aria-roledescription=\"carousel\" aria-label=\"Carrousel d\u2019images\" dir=\"ltr\">\n\t\t\t<div class=\"elementor-image-carousel swiper-wrapper\" aria-live=\"off\">\n\t\t\t\t\t\t\t\t<div class=\"swiper-slide\" role=\"group\" aria-roledescription=\"slide\" aria-label=\"1 sur 8\"><figure class=\"swiper-slide-inner\"><img decoding=\"async\" class=\"swiper-slide-image\" src=\"https:\/\/i0.wp.com\/lasottevillaise.com\/wp-content\/uploads\/2024\/01\/2-azr-z.png?fit=1920%2C1080&amp;ssl=1\" alt=\"2 azr+ z\" \/><\/figure><\/div><div class=\"swiper-slide\" role=\"group\" aria-roledescription=\"slide\" aria-label=\"2 sur 8\"><figure class=\"swiper-slide-inner\"><img decoding=\"async\" class=\"swiper-slide-image\" src=\"https:\/\/i0.wp.com\/lasottevillaise.com\/wp-content\/uploads\/2024\/01\/748965325964.png?fit=1920%2C1080&amp;ssl=1\" alt=\"748965325964\" \/><\/figure><\/div><div class=\"swiper-slide\" role=\"group\" aria-roledescription=\"slide\" aria-label=\"3 sur 8\"><figure class=\"swiper-slide-inner\"><img decoding=\"async\" class=\"swiper-slide-image\" src=\"https:\/\/i0.wp.com\/lasottevillaise.com\/wp-content\/uploads\/2024\/01\/eztvryecxz.png?fit=1920%2C1080&amp;ssl=1\" alt=\"eztvryecxz\" \/><\/figure><\/div><div class=\"swiper-slide\" role=\"group\" aria-roledescription=\"slide\" aria-label=\"4 sur 8\"><figure class=\"swiper-slide-inner\"><img decoding=\"async\" class=\"swiper-slide-image\" src=\"https:\/\/i0.wp.com\/lasottevillaise.com\/wp-content\/uploads\/2024\/01\/szlijkjhg.png?fit=1920%2C1080&amp;ssl=1\" alt=\"szlijkjhg\" \/><\/figure><\/div><div class=\"swiper-slide\" role=\"group\" aria-roledescription=\"slide\" aria-label=\"5 sur 8\"><figure class=\"swiper-slide-inner\"><img decoding=\"async\" class=\"swiper-slide-image\" src=\"https:\/\/i0.wp.com\/lasottevillaise.com\/wp-content\/uploads\/2024\/01\/t785e85e8de.png?fit=1920%2C1080&amp;ssl=1\" alt=\"t785e85e8de\" \/><\/figure><\/div><div class=\"swiper-slide\" role=\"group\" aria-roledescription=\"slide\" aria-label=\"6 sur 8\"><figure class=\"swiper-slide-inner\"><img decoding=\"async\" class=\"swiper-slide-image\" src=\"https:\/\/i0.wp.com\/lasottevillaise.com\/wp-content\/uploads\/2024\/01\/z7e0-t87z8-9.png?fit=1920%2C1080&amp;ssl=1\" alt=\"z7e0 t87z8 9\" \/><\/figure><\/div><div class=\"swiper-slide\" role=\"group\" aria-roledescription=\"slide\" aria-label=\"7 sur 8\"><figure class=\"swiper-slide-inner\"><img decoding=\"async\" class=\"swiper-slide-image\" src=\"https:\/\/i0.wp.com\/lasottevillaise.com\/wp-content\/uploads\/2024\/01\/za1-vr7at982a9.png?fit=1920%2C1080&amp;ssl=1\" alt=\"za1 vr7at982a9\" \/><\/figure><\/div><div class=\"swiper-slide\" role=\"group\" aria-roledescription=\"slide\" aria-label=\"8 sur 8\"><figure class=\"swiper-slide-inner\"><img decoding=\"async\" class=\"swiper-slide-image\" src=\"https:\/\/i0.wp.com\/lasottevillaise.com\/wp-content\/uploads\/2024\/01\/zb48av4198.png?fit=1920%2C1080&amp;ssl=1\" alt=\"zb48av4198\" \/><\/figure><\/div>\t\t\t<\/div>\n\t\t\t\t\t\t\t\t\t\t\t\t<div class=\"elementor-swiper-button elementor-swiper-button-prev\" role=\"button\" tabindex=\"0\">\n\t\t\t\t\t\t<i aria-hidden=\"true\" class=\"eicon-chevron-left\"><\/i>\t\t\t\t\t<\/div>\n\t\t\t\t\t<div class=\"elementor-swiper-button elementor-swiper-button-next\" role=\"button\" tabindex=\"0\">\n\t\t\t\t\t\t<i aria-hidden=\"true\" class=\"eicon-chevron-right\"><\/i>\t\t\t\t\t<\/div>\n\t\t\t\t\n\t\t\t\t\t\t\t\t\t<div class=\"swiper-pagination\"><\/div>\n\t\t\t\t\t\t\t\t\t<\/div>\n\t\t\t\t\t\t<\/div>\n\t\t\t\t<\/div>\n\t\t\t\t\t<\/div>\n\t\t<\/div>\n\t\t\t\t\t<\/div>\n\t\t<\/section>\n\t\t\t\t<\/div>\n\t\t","protected":false},"excerpt":{"rendered":"<p>Profil Nationalit\u00e9 : fran\u00e7aise Date de naissance : 22 septembre 1998 \u00a0Palmar\u00e8s 2024 4\u00e8me aux barres parall\u00e8les\u00a0au\u00a0Championnat d\u2019Europe \u00e0 Rimini (Italie) 1er \u00a0aux barres parall\u00e8les \u00e0 la Coupe du Monde \u00e0 Varna (Bulgarie) 5\u00e8me \u00a0aux barres parall\u00e8les \u00e0 la Coupe du Monde\u00a0 au Caire (Egypte) \u00a0 M\u00e9daill\u00e9 de bronze aux ar\u00e7ons au championnat de France Elite \u00e0 Lyon 2023 3\u00e8me aux barres parall\u00e8les et 8\u00e8me aux anneaux \u00e0 la Coupe du Monde de Paris 3\u00e8me aux barres parall\u00e8les \u00e0 la Coupe du Monde de Bakou 7\u00e8me par \u00e9quipe au Championnat d\u2019Europe d&#8217;Antalya (Turquie)\u00a0 et 5\u00e8me aux barres parall\u00e8les 2022 Participation au Championnat du Monde de Liverpool 7\u00e8me aux\u00a0 barres parall\u00e8les \u00e0 la Coupe du Monde de Paris 5\u00e8me par \u00e9quipe au Championnat d\u2019Europe de Munich 3\u00e8me aux barres parall\u00e8les et 3\u00e8me par \u00e9quipe aux Jeux M\u00e9diterran\u00e9ens d&#8217;Oran\u00a0 3\u00e8me aux anneaux et ar\u00e7ons aux France \u00c9lite d&#8217;\u00c9lancourt\u00a0 2018 Vice-champion aux barres parall\u00e8les aux France \u00c9lite de Caen 2017 Participation au Championnat d\u2019Europe Senior de Cluj (Roumanie) Biographie Cameron-Lie Bernard est n\u00e9 le 22 septembre 1998. Il \u00e9volue au club de La Sottevillaise depuis l&#8217;\u00e2ge de 15 mois, aujourd\u2019hui il s&#8217;entra\u00eene \u00e0 l\u2019INSEP \u00e0 Paris et au club. S\u00e9bastien Doguet (ancien coach sottevillais) l&#8217;a emmen\u00e9 sur les premiers podiums nationaux \u00e0 l&#8217;\u00e2ge de 10 ans. Il a eu un passage de 6 ann\u00e9es au p\u00f4le de Lyon, o\u00f9 il a beaucoup progress\u00e9 gr\u00e2ce \u00e0 Laurent Maertens. De 2016 \u00e0 2017, il est sous la houlette de Frantz Gaillard puis maintenant avec Danny Rodrigues. Grand sp\u00e9cialiste des barres parall\u00e8les, il a su gagner sa place parmi l\u2019\u00e9quipe de France Senior (1\u00e8re s\u00e9lection en 2017 o\u00f9 il participe au championnat d\u2019Europe \u00e0 Cluj en Roumanie). &#8220;Cam&#8221; a gagn\u00e9 2 m\u00e9dailles de Bronze en coupe du monde aux barres parall\u00e8les en 2023 (Bakou et Paris). Sa premi\u00e8re m\u00e9daille internationale individuelle a \u00e9t\u00e9 obtenue aux jeux m\u00e9diterran\u00e9ens \u00e0 Oran en 2022 (M\u00e9daille de bronze aux parall\u00e8les). Sa force et sa technique lui permettent d\u2019\u00eatre un gymnaste complet car il travaille sur les 6 agr\u00e8s.<\/p>\n","protected":false},"author":1,"featured_media":0,"parent":0,"menu_order":0,"comment_status":"closed","ping_status":"closed","template":"","meta":{"footnotes":""},"jetpack_sharing_enabled":true,"acf":[],"_links":{"self":[{"href":"https:\/\/lasottevillaise.com\/index.php\/wp-json\/wp\/v2\/pages\/3238"}],"collection":[{"href":"https:\/\/lasottevillaise.com\/index.php\/wp-json\/wp\/v2\/pages"}],"about":[{"href":"https:\/\/lasottevillaise.com\/index.php\/wp-json\/wp\/v2\/types\/page"}],"author":[{"embeddable":true,"href":"https:\/\/lasottevillaise.com\/index.php\/wp-json\/wp\/v2\/users\/1"}],"replies":[{"embeddable":true,"href":"https:\/\/lasottevillaise.com\/index.php\/wp-json\/wp\/v2\/comments?post=3238"}],"version-history":[{"count":43,"href":"https:\/\/lasottevillaise.com\/index.php\/wp-json\/wp\/v2\/pages\/3238\/revisions"}],"predecessor-version":[{"id":4337,"href":"https:\/\/lasottevillaise.com\/index.php\/wp-json\/wp\/v2\/pages\/3238\/revisions\/4337"}],"wp:attachment":[{"href":"https:\/\/lasottevillaise.com\/index.php\/wp-json\/wp\/v2\/media?parent=3238"}],"curies":[{"name":"wp","href":"https:\/\/api.w.org\/{rel}","templated":true}]}}