{"id":3240,"date":"2023-10-19T11:21:34","date_gmt":"2023-10-19T09:21:34","guid":{"rendered":"https:\/\/lasottevillaise.com\/?page_id=3240"},"modified":"2024-11-19T12:28:21","modified_gmt":"2024-11-19T11:28:21","slug":"artur-davtyan","status":"publish","type":"page","link":"https:\/\/lasottevillaise.com\/index.php\/artur-davtyan\/","title":{"rendered":"Artur Davtyan"},"content":{"rendered":"\t\t<div data-elementor-type=\"wp-page\" data-elementor-id=\"3240\" class=\"elementor elementor-3240\">\n\t\t\t\t\t\t<section class=\"elementor-section elementor-top-section elementor-element elementor-element-1da31b2 elementor-section-boxed elementor-section-height-default elementor-section-height-default wpr-particle-no wpr-jarallax-no wpr-parallax-no wpr-sticky-section-no\" data-id=\"1da31b2\" data-element_type=\"section\">\n\t\t\t\t\t\t<div class=\"elementor-container elementor-column-gap-default\">\n\t\t\t\t\t<div class=\"elementor-column elementor-col-100 elementor-top-column elementor-element elementor-element-5b2e61d\" data-id=\"5b2e61d\" data-element_type=\"column\">\n\t\t\t<div class=\"elementor-widget-wrap\">\n\t\t\t\t\t\t\t<\/div>\n\t\t<\/div>\n\t\t\t\t\t<\/div>\n\t\t<\/section>\n\t\t\t\t<section class=\"elementor-section elementor-top-section elementor-element elementor-element-0679c3d elementor-section-boxed elementor-section-height-default elementor-section-height-default wpr-particle-no wpr-jarallax-no wpr-parallax-no wpr-sticky-section-no\" data-id=\"0679c3d\" data-element_type=\"section\">\n\t\t\t\t\t\t<div class=\"elementor-container elementor-column-gap-default\">\n\t\t\t\t\t<div class=\"elementor-column elementor-col-50 elementor-top-column elementor-element elementor-element-4e03d43\" data-id=\"4e03d43\" data-element_type=\"column\">\n\t\t\t<div class=\"elementor-widget-wrap elementor-element-populated\">\n\t\t\t\t\t\t<div class=\"elementor-element elementor-element-1ae5e45 elementor-widget elementor-widget-image\" data-id=\"1ae5e45\" data-element_type=\"widget\" data-widget_type=\"image.default\">\n\t\t\t\t<div class=\"elementor-widget-container\">\n\t\t\t\t\t\t\t\t\t\t\t\t\t\t\t<img fetchpriority=\"high\" decoding=\"async\" width=\"681\" height=\"1024\" src=\"https:\/\/i0.wp.com\/lasottevillaise.com\/wp-content\/uploads\/2023\/10\/52609157081_f4ea2f115e_o.jpg?fit=681%2C1024&amp;ssl=1\" class=\"attachment-large size-large wp-image-3340\" alt=\"\" srcset=\"https:\/\/i0.wp.com\/lasottevillaise.com\/wp-content\/uploads\/2023\/10\/52609157081_f4ea2f115e_o.jpg?w=1331&amp;ssl=1 1331w, https:\/\/i0.wp.com\/lasottevillaise.com\/wp-content\/uploads\/2023\/10\/52609157081_f4ea2f115e_o.jpg?resize=200%2C300&amp;ssl=1 200w, https:\/\/i0.wp.com\/lasottevillaise.com\/wp-content\/uploads\/2023\/10\/52609157081_f4ea2f115e_o.jpg?resize=681%2C1024&amp;ssl=1 681w, https:\/\/i0.wp.com\/lasottevillaise.com\/wp-content\/uploads\/2023\/10\/52609157081_f4ea2f115e_o.jpg?resize=768%2C1154&amp;ssl=1 768w, https:\/\/i0.wp.com\/lasottevillaise.com\/wp-content\/uploads\/2023\/10\/52609157081_f4ea2f115e_o.jpg?resize=1022%2C1536&amp;ssl=1 1022w, https:\/\/i0.wp.com\/lasottevillaise.com\/wp-content\/uploads\/2023\/10\/52609157081_f4ea2f115e_o.jpg?resize=1140%2C1713&amp;ssl=1 1140w\" sizes=\"(max-width: 681px) 100vw, 681px\" \/>\t\t\t\t\t\t\t\t\t\t\t\t\t\t\t<\/div>\n\t\t\t\t<\/div>\n\t\t\t\t\t<\/div>\n\t\t<\/div>\n\t\t\t\t<div class=\"elementor-column elementor-col-50 elementor-top-column elementor-element elementor-element-43811b0\" data-id=\"43811b0\" data-element_type=\"column\">\n\t\t\t<div class=\"elementor-widget-wrap elementor-element-populated\">\n\t\t\t\t\t\t<div class=\"elementor-element elementor-element-517c455 elementor-widget elementor-widget-text-editor\" data-id=\"517c455\" data-element_type=\"widget\" data-widget_type=\"text-editor.default\">\n\t\t\t\t<div class=\"elementor-widget-container\">\n\t\t\t\t\t\t\t\t\t<p><span style=\"font-size: 18pt; font-family: georgia, palatino, serif; color: #000000;\"><strong>Profil<\/strong><\/span><\/p><ul><li><span style=\"font-family: georgia, palatino, serif; color: #000000;\">Nationalit\u00e9 : arm\u00e9nien<\/span><\/li><li><span style=\"font-family: georgia, palatino, serif; color: #000000;\">Date de naissance : 08 ao\u00fbt 1992<\/span><\/li><\/ul><ul><li><span style=\"color: #000000; font-family: georgia, palatino, serif;\">Participations \u00e0 9 championnats d\u2019Europe, 7 championnats du Monde et 4 JO : Londres, Rio, Tokyo et Paris<\/span><\/li><\/ul><p><span style=\"font-family: georgia, palatino, serif; color: #000000;\"><strong><span style=\"font-size: 18pt;\">Palmar\u00e8s\u00a0<\/span><\/strong><\/span><\/p><p><span style=\"font-family: georgia, palatino, serif; color: #000000;\"><strong><span style=\"font-size: 14pt;\">Jeux olympiques<\/span><\/strong><\/span><\/p><ul><li><span style=\"color: #000000; font-family: georgia, palatino, serif;\">M\u00e9daill\u00e9 de bronze au saut au JO de Tokyo en 2021<\/span><\/li><li><span style=\"color: #000000; font-family: georgia, palatino, serif;\">Vice-champion Olympique au saut au JO de Paris en 2024<\/span><\/li><\/ul><p><strong><span style=\"font-size: 14pt; font-family: georgia, palatino, serif; color: #000000;\">2023 <\/span><\/strong><\/p><ul><li><span style=\"color: #000000; font-family: georgia, palatino, serif; font-size: 12pt;\">6\u00e8me au saut et 16\u00e8me au CG (qualifi\u00e9 pour les JO 2024) au Championnat du Monde d&#8217;Anvers<\/span><\/li><li><span style=\"color: #000000; font-family: georgia, palatino, serif; font-size: 12pt;\">1er au saut et 3\u00e8me au cheval d\u2019ar\u00e7ons au Championnat d\u2019Europe d&#8217;Antalya (Turquie) <\/span><\/li><\/ul><p><strong><span style=\"color: #000000; font-family: georgia, palatino, serif; font-size: 14pt;\">2022 <\/span><\/strong><\/p><ul><li><span style=\"font-family: georgia, palatino, serif; color: #000000;\">Champion du Monde au saut \u00e0 Liverpool<\/span><\/li><li><span style=\"font-family: georgia, palatino, serif; color: #000000;\">Vice-champion d\u2019Europe au saut et 7\u00e8me aux ar\u00e7ons \u00e0 Munich <\/span><\/li><\/ul><p><span style=\"font-size: 14pt;\"><strong><span style=\"color: #000000; font-family: georgia, palatino, serif;\">World Cup<\/span><\/strong><\/span><\/p><ul><li><span style=\"color: #000000; font-family: georgia, palatino, serif; font-size: 12pt;\">2022 et 2023 6 victoires en world cup au saut<\/span><\/li><\/ul><p><strong><span style=\"font-family: georgia, palatino, serif; color: #000000; font-size: 14pt;\">Championnat d\u2019Europe <\/span><\/strong><\/p><ul><li><span style=\"font-size: 12pt; color: #000000; font-family: georgia, palatino, serif;\">1er aux ar\u00e7ons en 2021, 2\u00e8me au saut en 2016 et 3\u00e8me en 2013<\/span><\/li><\/ul>\t\t\t\t\t\t\t\t<\/div>\n\t\t\t\t<\/div>\n\t\t\t\t\t<\/div>\n\t\t<\/div>\n\t\t\t\t\t<\/div>\n\t\t<\/section>\n\t\t\t\t<section class=\"elementor-section elementor-top-section elementor-element elementor-element-b64f73d elementor-section-boxed elementor-section-height-default elementor-section-height-default wpr-particle-no wpr-jarallax-no wpr-parallax-no wpr-sticky-section-no\" data-id=\"b64f73d\" data-element_type=\"section\">\n\t\t\t\t\t\t<div class=\"elementor-container elementor-column-gap-default\">\n\t\t\t\t\t<div class=\"elementor-column elementor-col-100 elementor-top-column elementor-element elementor-element-90050d7\" data-id=\"90050d7\" data-element_type=\"column\">\n\t\t\t<div class=\"elementor-widget-wrap elementor-element-populated\">\n\t\t\t\t\t\t<div class=\"elementor-element elementor-element-a44c5c9 elementor-widget elementor-widget-spacer\" data-id=\"a44c5c9\" data-element_type=\"widget\" data-widget_type=\"spacer.default\">\n\t\t\t\t<div class=\"elementor-widget-container\">\n\t\t\t\t\t\t\t<div class=\"elementor-spacer\">\n\t\t\t<div class=\"elementor-spacer-inner\"><\/div>\n\t\t<\/div>\n\t\t\t\t\t\t<\/div>\n\t\t\t\t<\/div>\n\t\t\t\t\t<\/div>\n\t\t<\/div>\n\t\t\t\t\t<\/div>\n\t\t<\/section>\n\t\t\t\t<section class=\"elementor-section elementor-top-section elementor-element elementor-element-dcce77d elementor-section-boxed elementor-section-height-default elementor-section-height-default wpr-particle-no wpr-jarallax-no wpr-parallax-no wpr-sticky-section-no\" data-id=\"dcce77d\" data-element_type=\"section\">\n\t\t\t\t\t\t<div class=\"elementor-container elementor-column-gap-default\">\n\t\t\t\t\t<div class=\"elementor-column elementor-col-100 elementor-top-column elementor-element elementor-element-fa6c97f\" data-id=\"fa6c97f\" data-element_type=\"column\">\n\t\t\t<div class=\"elementor-widget-wrap elementor-element-populated\">\n\t\t\t\t\t\t<div class=\"elementor-element elementor-element-47b3f14 elementor-widget elementor-widget-text-editor\" data-id=\"47b3f14\" data-element_type=\"widget\" data-widget_type=\"text-editor.default\">\n\t\t\t\t<div class=\"elementor-widget-container\">\n\t\t\t\t\t\t\t\t\t<p><strong><span style=\"color: #000000; font-family: georgia, palatino, serif; font-size: 18pt;\">Biographie<\/span><\/strong><\/p><p><span style=\"font-family: georgia, palatino, serif; font-size: 12pt; color: #000000;\">Artur Davtyan, n\u00e9 le 8 ao\u00fbt 1992, est un gymnaste arm\u00e9nien de renom. Il a d\u00e9j\u00e0 particip\u00e9 \u00e0 trois \u00e9ditions des Jeux Olympiques (Londres 2012, Rio 2016 et Tokyo 2021). Il a brillamment remport\u00e9 la m\u00e9daille olympique de bronze au saut en 2021. Il a particip\u00e9 \u00e0 6 championnats d&#8217;Europe et 8 championnats du monde. Il devient champion du Monde au saut \u00e0 Liverpool en 2022 et pour la premi\u00e8re fois de l\u2019histoire de son pays, un arm\u00e9nien est en or. Au championnat d\u2019Europe, il a obtenu plusieurs m\u00e9dailles : Moscou 2013 3\u00e8me au saut, Bern 2016 2\u00e8me au saut, Basel 2021 1er au cheval d\u2019ar\u00e7ons et Munich 2022 2\u00e8me au saut. Aussi, Artur a accumul\u00e9 8 titres en coupe du monde dont 4 cons\u00e9cutifs en 2022-2023 ce qui n\u2019a jamais \u00e9t\u00e9 r\u00e9alis\u00e9. Actuellement, il poursuit son entra\u00eenement dans son pays d&#8217;origine et fait partie de l&#8217;\u00e9quipe Top 12 de La Sottevillaise depuis la saison 2020-2021. Le 23 d\u00e9cembre 2022, le pr\u00e9sident arm\u00e9nien Vahagn Khatchatourian a honor\u00e9 Artur en lui remettant une m\u00e9daille pour ses services rendus \u00e0 la patrie. De mani\u00e8re significative, le pr\u00e9sident a \u00e9galement promis de faire \u00e9riger un nouveau gymnase sp\u00e9cifique pour les arm\u00e9niens car ils montent en puissance depuis 7 ann\u00e9es. Artur Davtyan travaille pour gagner la m\u00e9daille d\u2019or au saut aux JO de Paris.<\/span><\/p>\t\t\t\t\t\t\t\t<\/div>\n\t\t\t\t<\/div>\n\t\t\t\t\t<\/div>\n\t\t<\/div>\n\t\t\t\t\t<\/div>\n\t\t<\/section>\n\t\t\t\t<section class=\"elementor-section elementor-top-section elementor-element elementor-element-46ffc9f elementor-section-boxed elementor-section-height-default elementor-section-height-default wpr-particle-no wpr-jarallax-no wpr-parallax-no wpr-sticky-section-no\" data-id=\"46ffc9f\" data-element_type=\"section\">\n\t\t\t\t\t\t<div class=\"elementor-container elementor-column-gap-default\">\n\t\t\t\t\t<div class=\"elementor-column elementor-col-100 elementor-top-column elementor-element elementor-element-e7a18dc\" data-id=\"e7a18dc\" data-element_type=\"column\">\n\t\t\t<div class=\"elementor-widget-wrap elementor-element-populated\">\n\t\t\t\t\t\t<div class=\"elementor-element elementor-element-9671396 elementor-hidden-tablet elementor-hidden-mobile elementor-widget elementor-widget-spacer\" data-id=\"9671396\" data-element_type=\"widget\" data-widget_type=\"spacer.default\">\n\t\t\t\t<div class=\"elementor-widget-container\">\n\t\t\t\t\t\t\t<div class=\"elementor-spacer\">\n\t\t\t<div class=\"elementor-spacer-inner\"><\/div>\n\t\t<\/div>\n\t\t\t\t\t\t<\/div>\n\t\t\t\t<\/div>\n\t\t\t\t\t<\/div>\n\t\t<\/div>\n\t\t\t\t\t<\/div>\n\t\t<\/section>\n\t\t\t\t<section class=\"elementor-section elementor-top-section elementor-element elementor-element-066305c elementor-section-boxed elementor-section-height-default elementor-section-height-default wpr-particle-no wpr-jarallax-no wpr-parallax-no wpr-sticky-section-no\" data-id=\"066305c\" data-element_type=\"section\">\n\t\t\t\t\t\t<div class=\"elementor-container elementor-column-gap-default\">\n\t\t\t\t\t<div class=\"elementor-column elementor-col-100 elementor-top-column elementor-element elementor-element-78fa49d\" data-id=\"78fa49d\" data-element_type=\"column\">\n\t\t\t<div class=\"elementor-widget-wrap elementor-element-populated\">\n\t\t\t\t\t\t<div class=\"elementor-element elementor-element-0b87497 elementor-arrows-position-inside elementor-pagination-position-outside elementor-widget elementor-widget-image-carousel\" data-id=\"0b87497\" data-element_type=\"widget\" data-settings=\"{&quot;slides_to_show&quot;:&quot;1&quot;,&quot;navigation&quot;:&quot;both&quot;,&quot;autoplay&quot;:&quot;yes&quot;,&quot;pause_on_hover&quot;:&quot;yes&quot;,&quot;pause_on_interaction&quot;:&quot;yes&quot;,&quot;autoplay_speed&quot;:5000,&quot;infinite&quot;:&quot;yes&quot;,&quot;effect&quot;:&quot;slide&quot;,&quot;speed&quot;:500}\" data-widget_type=\"image-carousel.default\">\n\t\t\t\t<div class=\"elementor-widget-container\">\n\t\t\t\t\t\t\t<div class=\"elementor-image-carousel-wrapper swiper\" role=\"region\" aria-roledescription=\"carousel\" aria-label=\"Carrousel d\u2019images\" dir=\"ltr\">\n\t\t\t<div class=\"elementor-image-carousel swiper-wrapper\" aria-live=\"off\">\n\t\t\t\t\t\t\t\t<div class=\"swiper-slide\" role=\"group\" aria-roledescription=\"slide\" aria-label=\"1 sur 5\"><figure class=\"swiper-slide-inner\"><img decoding=\"async\" class=\"swiper-slide-image\" src=\"https:\/\/i0.wp.com\/lasottevillaise.com\/wp-content\/uploads\/2024\/01\/btre18t-b65.png?fit=1920%2C1080&amp;ssl=1\" alt=\"btre18t b65\" \/><\/figure><\/div><div class=\"swiper-slide\" role=\"group\" aria-roledescription=\"slide\" aria-label=\"2 sur 5\"><figure class=\"swiper-slide-inner\"><img decoding=\"async\" class=\"swiper-slide-image\" src=\"https:\/\/i0.wp.com\/lasottevillaise.com\/wp-content\/uploads\/2024\/01\/fvtgbhjujnjmplokijuhgfrdeszsdefrgtyhjuki.png?fit=1920%2C1080&amp;ssl=1\" alt=\"fvtgbhjujnjmplokijuhgfrdeszsdefrgtyhjuki\" \/><\/figure><\/div><div class=\"swiper-slide\" role=\"group\" aria-roledescription=\"slide\" aria-label=\"3 sur 5\"><figure class=\"swiper-slide-inner\"><img decoding=\"async\" class=\"swiper-slide-image\" src=\"https:\/\/i0.wp.com\/lasottevillaise.com\/wp-content\/uploads\/2024\/01\/vze-yreybv-zb.png?fit=1920%2C1080&amp;ssl=1\" alt=\"vze yreybv zb\" \/><\/figure><\/div><div class=\"swiper-slide\" role=\"group\" aria-roledescription=\"slide\" aria-label=\"4 sur 5\"><figure class=\"swiper-slide-inner\"><img decoding=\"async\" class=\"swiper-slide-image\" src=\"https:\/\/i0.wp.com\/lasottevillaise.com\/wp-content\/uploads\/2024\/01\/yre7881-0-e.png?fit=1920%2C1080&amp;ssl=1\" alt=\"yre7881 0 e\" \/><\/figure><\/div><div class=\"swiper-slide\" role=\"group\" aria-roledescription=\"slide\" aria-label=\"5 sur 5\"><figure class=\"swiper-slide-inner\"><img decoding=\"async\" class=\"swiper-slide-image\" src=\"https:\/\/i0.wp.com\/lasottevillaise.com\/wp-content\/uploads\/2024\/01\/z-tb51zr77-80zre.png?fit=1920%2C1080&amp;ssl=1\" alt=\"z tb51zr77 80zre\" \/><\/figure><\/div>\t\t\t<\/div>\n\t\t\t\t\t\t\t\t\t\t\t\t<div class=\"elementor-swiper-button elementor-swiper-button-prev\" role=\"button\" tabindex=\"0\">\n\t\t\t\t\t\t<i aria-hidden=\"true\" class=\"eicon-chevron-left\"><\/i>\t\t\t\t\t<\/div>\n\t\t\t\t\t<div class=\"elementor-swiper-button elementor-swiper-button-next\" role=\"button\" tabindex=\"0\">\n\t\t\t\t\t\t<i aria-hidden=\"true\" class=\"eicon-chevron-right\"><\/i>\t\t\t\t\t<\/div>\n\t\t\t\t\n\t\t\t\t\t\t\t\t\t<div class=\"swiper-pagination\"><\/div>\n\t\t\t\t\t\t\t\t\t<\/div>\n\t\t\t\t\t\t<\/div>\n\t\t\t\t<\/div>\n\t\t\t\t\t<\/div>\n\t\t<\/div>\n\t\t\t\t\t<\/div>\n\t\t<\/section>\n\t\t\t\t<\/div>\n\t\t","protected":false},"excerpt":{"rendered":"<p>Profil Nationalit\u00e9 : arm\u00e9nien Date de naissance : 08 ao\u00fbt 1992 Participations \u00e0 9 championnats d\u2019Europe, 7 championnats du Monde et 4 JO : Londres, Rio, Tokyo et Paris Palmar\u00e8s\u00a0 Jeux olympiques M\u00e9daill\u00e9 de bronze au saut au JO de Tokyo en 2021 Vice-champion Olympique au saut au JO de Paris en 2024 2023 6\u00e8me au saut et 16\u00e8me au CG (qualifi\u00e9 pour les JO 2024) au Championnat du Monde d&#8217;Anvers 1er au saut et 3\u00e8me au cheval d\u2019ar\u00e7ons au Championnat d\u2019Europe d&#8217;Antalya (Turquie) 2022 Champion du Monde au saut \u00e0 Liverpool Vice-champion d\u2019Europe au saut et 7\u00e8me aux ar\u00e7ons \u00e0 Munich World Cup 2022 et 2023 6 victoires en world cup au saut Championnat d\u2019Europe 1er aux ar\u00e7ons en 2021, 2\u00e8me au saut en 2016 et 3\u00e8me en 2013 Biographie Artur Davtyan, n\u00e9 le 8 ao\u00fbt 1992, est un gymnaste arm\u00e9nien de renom. Il a d\u00e9j\u00e0 particip\u00e9 \u00e0 trois \u00e9ditions des Jeux Olympiques (Londres 2012, Rio 2016 et Tokyo 2021). Il a brillamment remport\u00e9 la m\u00e9daille olympique de bronze au saut en 2021. Il a particip\u00e9 \u00e0 6 championnats d&#8217;Europe et 8 championnats du monde. Il devient champion du Monde au saut \u00e0 Liverpool en 2022 et pour la premi\u00e8re fois de l\u2019histoire de son pays, un arm\u00e9nien est en or. Au championnat d\u2019Europe, il a obtenu plusieurs m\u00e9dailles : Moscou 2013 3\u00e8me au saut, Bern 2016 2\u00e8me au saut, Basel 2021 1er au cheval d\u2019ar\u00e7ons et Munich 2022 2\u00e8me au saut. Aussi, Artur a accumul\u00e9 8 titres en coupe du monde dont 4 cons\u00e9cutifs en 2022-2023 ce qui n\u2019a jamais \u00e9t\u00e9 r\u00e9alis\u00e9. Actuellement, il poursuit son entra\u00eenement dans son pays d&#8217;origine et fait partie de l&#8217;\u00e9quipe Top 12 de La Sottevillaise depuis la saison 2020-2021. Le 23 d\u00e9cembre 2022, le pr\u00e9sident arm\u00e9nien Vahagn Khatchatourian a honor\u00e9 Artur en lui remettant une m\u00e9daille pour ses services rendus \u00e0 la patrie. De mani\u00e8re significative, le pr\u00e9sident a \u00e9galement promis de faire \u00e9riger un nouveau gymnase sp\u00e9cifique pour les arm\u00e9niens car ils montent en puissance depuis 7 ann\u00e9es. Artur Davtyan travaille pour gagner la m\u00e9daille d\u2019or au saut aux JO de Paris.<\/p>\n","protected":false},"author":1,"featured_media":0,"parent":0,"menu_order":0,"comment_status":"closed","ping_status":"closed","template":"","meta":{"footnotes":""},"jetpack_sharing_enabled":true,"acf":[],"_links":{"self":[{"href":"https:\/\/lasottevillaise.com\/index.php\/wp-json\/wp\/v2\/pages\/3240"}],"collection":[{"href":"https:\/\/lasottevillaise.com\/index.php\/wp-json\/wp\/v2\/pages"}],"about":[{"href":"https:\/\/lasottevillaise.com\/index.php\/wp-json\/wp\/v2\/types\/page"}],"author":[{"embeddable":true,"href":"https:\/\/lasottevillaise.com\/index.php\/wp-json\/wp\/v2\/users\/1"}],"replies":[{"embeddable":true,"href":"https:\/\/lasottevillaise.com\/index.php\/wp-json\/wp\/v2\/comments?post=3240"}],"version-history":[{"count":28,"href":"https:\/\/lasottevillaise.com\/index.php\/wp-json\/wp\/v2\/pages\/3240\/revisions"}],"predecessor-version":[{"id":4343,"href":"https:\/\/lasottevillaise.com\/index.php\/wp-json\/wp\/v2\/pages\/3240\/revisions\/4343"}],"wp:attachment":[{"href":"https:\/\/lasottevillaise.com\/index.php\/wp-json\/wp\/v2\/media?parent=3240"}],"curies":[{"name":"wp","href":"https:\/\/api.w.org\/{rel}","templated":true}]}}