{"id":3242,"date":"2023-10-19T11:21:34","date_gmt":"2023-10-19T09:21:34","guid":{"rendered":"https:\/\/lasottevillaise.com\/?page_id=3242"},"modified":"2024-11-19T12:33:26","modified_gmt":"2024-11-19T11:33:26","slug":"felix-dolci","status":"publish","type":"page","link":"https:\/\/lasottevillaise.com\/index.php\/felix-dolci\/","title":{"rendered":"F\u00e9lix Dolci"},"content":{"rendered":"\t\t<div data-elementor-type=\"wp-page\" data-elementor-id=\"3242\" class=\"elementor elementor-3242\">\n\t\t\t\t\t\t<section class=\"elementor-section elementor-top-section elementor-element elementor-element-34c23eb elementor-section-boxed elementor-section-height-default elementor-section-height-default wpr-particle-no wpr-jarallax-no wpr-parallax-no wpr-sticky-section-no\" data-id=\"34c23eb\" data-element_type=\"section\">\n\t\t\t\t\t\t<div class=\"elementor-container elementor-column-gap-default\">\n\t\t\t\t\t<div class=\"elementor-column elementor-col-100 elementor-top-column elementor-element elementor-element-75e08df\" data-id=\"75e08df\" data-element_type=\"column\">\n\t\t\t<div class=\"elementor-widget-wrap elementor-element-populated\">\n\t\t\t\t\t\t<div class=\"elementor-element elementor-element-239d437 elementor-hidden-tablet elementor-hidden-mobile elementor-widget elementor-widget-spacer\" data-id=\"239d437\" data-element_type=\"widget\" data-widget_type=\"spacer.default\">\n\t\t\t\t<div class=\"elementor-widget-container\">\n\t\t\t\t\t\t\t<div class=\"elementor-spacer\">\n\t\t\t<div class=\"elementor-spacer-inner\"><\/div>\n\t\t<\/div>\n\t\t\t\t\t\t<\/div>\n\t\t\t\t<\/div>\n\t\t\t\t\t<\/div>\n\t\t<\/div>\n\t\t\t\t\t<\/div>\n\t\t<\/section>\n\t\t\t\t<section class=\"elementor-section elementor-top-section elementor-element elementor-element-2bf7eaa elementor-section-boxed elementor-section-height-default elementor-section-height-default wpr-particle-no wpr-jarallax-no wpr-parallax-no wpr-sticky-section-no\" data-id=\"2bf7eaa\" data-element_type=\"section\">\n\t\t\t\t\t\t<div class=\"elementor-container elementor-column-gap-default\">\n\t\t\t\t\t<div class=\"elementor-column elementor-col-50 elementor-top-column elementor-element elementor-element-f3e1afc\" data-id=\"f3e1afc\" data-element_type=\"column\">\n\t\t\t<div class=\"elementor-widget-wrap elementor-element-populated\">\n\t\t\t\t\t\t<div class=\"elementor-element elementor-element-0541004 elementor-widget elementor-widget-image\" data-id=\"0541004\" data-element_type=\"widget\" data-widget_type=\"image.default\">\n\t\t\t\t<div class=\"elementor-widget-container\">\n\t\t\t\t\t\t\t\t\t\t\t\t\t\t\t<img fetchpriority=\"high\" decoding=\"async\" width=\"1344\" height=\"2048\" src=\"https:\/\/i0.wp.com\/lasottevillaise.com\/wp-content\/uploads\/2023\/10\/Design-sans-titre-2-1.png?fit=1344%2C2048&amp;ssl=1\" class=\"attachment-2048x2048 size-2048x2048 wp-image-3458\" alt=\"\" srcset=\"https:\/\/i0.wp.com\/lasottevillaise.com\/wp-content\/uploads\/2023\/10\/Design-sans-titre-2-1.png?w=3375&amp;ssl=1 3375w, https:\/\/i0.wp.com\/lasottevillaise.com\/wp-content\/uploads\/2023\/10\/Design-sans-titre-2-1.png?resize=197%2C300&amp;ssl=1 197w, https:\/\/i0.wp.com\/lasottevillaise.com\/wp-content\/uploads\/2023\/10\/Design-sans-titre-2-1.png?resize=672%2C1024&amp;ssl=1 672w, https:\/\/i0.wp.com\/lasottevillaise.com\/wp-content\/uploads\/2023\/10\/Design-sans-titre-2-1.png?resize=768%2C1170&amp;ssl=1 768w, https:\/\/i0.wp.com\/lasottevillaise.com\/wp-content\/uploads\/2023\/10\/Design-sans-titre-2-1.png?resize=1008%2C1536&amp;ssl=1 1008w, https:\/\/i0.wp.com\/lasottevillaise.com\/wp-content\/uploads\/2023\/10\/Design-sans-titre-2-1.png?resize=1344%2C2048&amp;ssl=1 1344w, https:\/\/i0.wp.com\/lasottevillaise.com\/wp-content\/uploads\/2023\/10\/Design-sans-titre-2-1.png?resize=1140%2C1737&amp;ssl=1 1140w, https:\/\/i0.wp.com\/lasottevillaise.com\/wp-content\/uploads\/2023\/10\/Design-sans-titre-2-1.png?w=1920&amp;ssl=1 1920w, https:\/\/i0.wp.com\/lasottevillaise.com\/wp-content\/uploads\/2023\/10\/Design-sans-titre-2-1.png?w=2880&amp;ssl=1 2880w\" sizes=\"(max-width: 960px) 100vw, 960px\" \/>\t\t\t\t\t\t\t\t\t\t\t\t\t\t\t<\/div>\n\t\t\t\t<\/div>\n\t\t\t\t\t<\/div>\n\t\t<\/div>\n\t\t\t\t<div class=\"elementor-column elementor-col-50 elementor-top-column elementor-element elementor-element-d62a7f9\" data-id=\"d62a7f9\" data-element_type=\"column\">\n\t\t\t<div class=\"elementor-widget-wrap elementor-element-populated\">\n\t\t\t\t\t\t<div class=\"elementor-element elementor-element-b5da77c elementor-widget elementor-widget-text-editor\" data-id=\"b5da77c\" data-element_type=\"widget\" data-widget_type=\"text-editor.default\">\n\t\t\t\t<div class=\"elementor-widget-container\">\n\t\t\t\t\t\t\t\t\t<p><span style=\"font-size: 18pt;\"><strong><span style=\"color: #000000; font-family: georgia, palatino, serif;\">Profil<\/span><\/strong><\/span><\/p><p><span style=\"color: #000000; font-size: 12pt; font-family: georgia, palatino, serif;\">Nationalit\u00e9 : canadienne<\/span><\/p><p><span style=\"color: #000000; font-size: 12pt; font-family: georgia, palatino, serif;\">Date de naissance : 05 mai 2002<\/span><\/p><p><span style=\"font-size: 18pt; font-family: georgia, palatino, serif;\"><strong><span style=\"color: #000000;\">Palmar\u00e8s<\/span><\/strong><\/span><\/p><p><strong><span style=\"color: #000000; font-size: 14pt; font-family: georgia, palatino, serif;\">2024<\/span><\/strong><\/p><ul><li><span style=\"color: #000000; font-size: 12pt; font-family: georgia, palatino, serif;\">JO de Paris : 8\u00e8me par \u00e9quipe, 20\u00e8me au concours g\u00e9n\u00e9ral<\/span><\/li><li><span style=\"color: #000000; font-family: georgia, palatino, serif;\">Champion du Canada Elite au concours g\u00e9n\u00e9ral<\/span><\/li><\/ul><p><strong><span style=\"color: #000000; font-size: 14pt; font-family: georgia, palatino, serif;\">2023<\/span><\/strong><\/p><ul><li><span style=\"color: #000000; font-size: 12pt; font-family: georgia, palatino, serif;\">Champion Panam\u00e9ricain \u00e0 <span style=\"white-space-collapse: preserve;\">Santiago<\/span><\/span><\/li><li><span style=\"color: #000000; font-size: 12pt; font-family: georgia, palatino, serif;\">7<\/span><span style=\"color: #000000; font-size: 12pt; font-family: georgia, palatino, serif;\">\u00e8me par \u00e9quipe (qualifi\u00e9 pour les JO 2024), 5<\/span><span style=\"color: #000000; font-size: 12pt; font-family: georgia, palatino, serif;\">\u00e8me au sol et 8<\/span><span style=\"color: #000000; font-size: 12pt; font-family: georgia, palatino, serif;\">\u00e8me en fixe au Championnat du Monde Anvers<\/span><\/li><li><span style=\"color: #000000; font-size: 12pt; font-family: georgia, palatino, serif;\">Champion du Canada 18-20 ans au sol, au saut, aux barres parall\u00e8les, \u00e0 la barre fixe et 2\u00e8me aux anneaux<\/span><\/li><\/ul><p><strong><span style=\"color: #000000; font-size: 14pt; font-family: georgia, palatino, serif;\">2022<\/span><\/strong><\/p><ul><li><span style=\"color: #000000; font-size: 12pt; font-family: georgia, palatino, serif;\">M\u00e9daill\u00e9 au Championnat Panam\u00e9ricain et aux Jeux du Commonwealth<\/span><\/li><li><span style=\"color: #000000; font-size: 12pt; font-family: georgia, palatino, serif;\">Participation au Championnat du Monde \u00e0 Kitakyushu (Japon) 2021 et en 2022 \u00e0 Liverpool<\/span><\/li><\/ul><p><strong><span style=\"font-family: georgia, palatino, serif; font-size: 14pt; color: #000000;\">2021<\/span><\/strong><\/p><ul><li><span style=\"color: #000000; font-size: 12pt; font-family: georgia, palatino, serif;\">M\u00e9daill\u00e9 \u00e0 la Coupe du Monde de Koper (Slov\u00e9nie) et de Mersin (Turquie)<\/span><\/li><\/ul><p><strong><span style=\"color: #000000; font-size: 14pt; font-family: georgia, palatino, serif;\">2019 <\/span><\/strong><\/p><ul><li><span style=\"color: #000000; font-size: 12pt; font-family: georgia, palatino, serif;\">Champion du Monde junior aux anneaux et vice-champion du monde au sol \u00e0 Gyor (Hongrie)<\/span><\/li><\/ul>\t\t\t\t\t\t\t\t<\/div>\n\t\t\t\t<\/div>\n\t\t\t\t\t<\/div>\n\t\t<\/div>\n\t\t\t\t\t<\/div>\n\t\t<\/section>\n\t\t\t\t<section class=\"elementor-section elementor-top-section elementor-element elementor-element-5ba168c elementor-section-boxed elementor-section-height-default elementor-section-height-default wpr-particle-no wpr-jarallax-no wpr-parallax-no wpr-sticky-section-no\" data-id=\"5ba168c\" data-element_type=\"section\">\n\t\t\t\t\t\t<div class=\"elementor-container elementor-column-gap-default\">\n\t\t\t\t\t<div class=\"elementor-column elementor-col-100 elementor-top-column elementor-element elementor-element-ab0fc5b\" data-id=\"ab0fc5b\" data-element_type=\"column\">\n\t\t\t<div class=\"elementor-widget-wrap elementor-element-populated\">\n\t\t\t\t\t\t<div class=\"elementor-element elementor-element-2ca3945 elementor-hidden-tablet elementor-hidden-mobile elementor-widget elementor-widget-spacer\" data-id=\"2ca3945\" data-element_type=\"widget\" data-widget_type=\"spacer.default\">\n\t\t\t\t<div class=\"elementor-widget-container\">\n\t\t\t\t\t\t\t<div class=\"elementor-spacer\">\n\t\t\t<div class=\"elementor-spacer-inner\"><\/div>\n\t\t<\/div>\n\t\t\t\t\t\t<\/div>\n\t\t\t\t<\/div>\n\t\t\t\t\t<\/div>\n\t\t<\/div>\n\t\t\t\t\t<\/div>\n\t\t<\/section>\n\t\t\t\t<section class=\"elementor-section elementor-top-section elementor-element elementor-element-7cd824a elementor-section-boxed elementor-section-height-default elementor-section-height-default wpr-particle-no wpr-jarallax-no wpr-parallax-no wpr-sticky-section-no\" data-id=\"7cd824a\" data-element_type=\"section\">\n\t\t\t\t\t\t<div class=\"elementor-container elementor-column-gap-default\">\n\t\t\t\t\t<div class=\"elementor-column elementor-col-100 elementor-top-column elementor-element elementor-element-6aad627\" data-id=\"6aad627\" data-element_type=\"column\">\n\t\t\t<div class=\"elementor-widget-wrap elementor-element-populated\">\n\t\t\t\t\t\t<div class=\"elementor-element elementor-element-1b4c24a elementor-arrows-position-inside elementor-pagination-position-outside elementor-widget elementor-widget-image-carousel\" data-id=\"1b4c24a\" data-element_type=\"widget\" data-settings=\"{&quot;slides_to_show&quot;:&quot;1&quot;,&quot;navigation&quot;:&quot;both&quot;,&quot;autoplay&quot;:&quot;yes&quot;,&quot;pause_on_hover&quot;:&quot;yes&quot;,&quot;pause_on_interaction&quot;:&quot;yes&quot;,&quot;autoplay_speed&quot;:5000,&quot;infinite&quot;:&quot;yes&quot;,&quot;effect&quot;:&quot;slide&quot;,&quot;speed&quot;:500}\" data-widget_type=\"image-carousel.default\">\n\t\t\t\t<div class=\"elementor-widget-container\">\n\t\t\t\t\t\t\t<div class=\"elementor-image-carousel-wrapper swiper\" role=\"region\" aria-roledescription=\"carousel\" aria-label=\"Carrousel d\u2019images\" dir=\"ltr\">\n\t\t\t<div class=\"elementor-image-carousel swiper-wrapper\" aria-live=\"off\">\n\t\t\t\t\t\t\t\t<div class=\"swiper-slide\" role=\"group\" aria-roledescription=\"slide\" aria-label=\"1 sur 5\"><figure class=\"swiper-slide-inner\"><img decoding=\"async\" class=\"swiper-slide-image\" src=\"https:\/\/i0.wp.com\/lasottevillaise.com\/wp-content\/uploads\/2024\/01\/ap-rmad-%5Eza-japz-rna.png?fit=1920%2C1080&amp;ssl=1\" alt=\"ap rmad ^za japz rna\" \/><\/figure><\/div><div class=\"swiper-slide\" role=\"group\" aria-roledescription=\"slide\" aria-label=\"2 sur 5\"><figure class=\"swiper-slide-inner\"><img decoding=\"async\" class=\"swiper-slide-image\" src=\"https:\/\/i0.wp.com\/lasottevillaise.com\/wp-content\/uploads\/2024\/01\/cnrucsi-kre-e.png?fit=1920%2C1080&amp;ssl=1\" alt=\"cnrucsi kre e\" \/><\/figure><\/div><div class=\"swiper-slide\" role=\"group\" aria-roledescription=\"slide\" aria-label=\"3 sur 5\"><figure class=\"swiper-slide-inner\"><img decoding=\"async\" class=\"swiper-slide-image\" src=\"https:\/\/i0.wp.com\/lasottevillaise.com\/wp-content\/uploads\/2024\/01\/d-zarv-ahd.png?fit=1920%2C1080&amp;ssl=1\" alt=\"d zarv ahd\" \/><\/figure><\/div><div class=\"swiper-slide\" role=\"group\" aria-roledescription=\"slide\" aria-label=\"4 sur 5\"><figure class=\"swiper-slide-inner\"><img decoding=\"async\" class=\"swiper-slide-image\" src=\"https:\/\/i0.wp.com\/lasottevillaise.com\/wp-content\/uploads\/2024\/01\/echzeiochzio.png?fit=1920%2C1080&amp;ssl=1\" alt=\"echzeiochzio\" \/><\/figure><\/div><div class=\"swiper-slide\" role=\"group\" aria-roledescription=\"slide\" aria-label=\"5 sur 5\"><figure class=\"swiper-slide-inner\"><img decoding=\"async\" class=\"swiper-slide-image\" src=\"https:\/\/i0.wp.com\/lasottevillaise.com\/wp-content\/uploads\/2024\/01\/vbzibcianaina.png?fit=1920%2C1080&amp;ssl=1\" alt=\"vbzibcianaina\" \/><\/figure><\/div>\t\t\t<\/div>\n\t\t\t\t\t\t\t\t\t\t\t\t<div class=\"elementor-swiper-button elementor-swiper-button-prev\" role=\"button\" tabindex=\"0\">\n\t\t\t\t\t\t<i aria-hidden=\"true\" class=\"eicon-chevron-left\"><\/i>\t\t\t\t\t<\/div>\n\t\t\t\t\t<div class=\"elementor-swiper-button elementor-swiper-button-next\" role=\"button\" tabindex=\"0\">\n\t\t\t\t\t\t<i aria-hidden=\"true\" class=\"eicon-chevron-right\"><\/i>\t\t\t\t\t<\/div>\n\t\t\t\t\n\t\t\t\t\t\t\t\t\t<div class=\"swiper-pagination\"><\/div>\n\t\t\t\t\t\t\t\t\t<\/div>\n\t\t\t\t\t\t<\/div>\n\t\t\t\t<\/div>\n\t\t\t\t\t<\/div>\n\t\t<\/div>\n\t\t\t\t\t<\/div>\n\t\t<\/section>\n\t\t\t\t<\/div>\n\t\t","protected":false},"excerpt":{"rendered":"<p>Profil Nationalit\u00e9 : canadienne Date de naissance : 05 mai 2002 Palmar\u00e8s 2024 JO de Paris : 8\u00e8me par \u00e9quipe, 20\u00e8me au concours g\u00e9n\u00e9ral Champion du Canada Elite au concours g\u00e9n\u00e9ral 2023 Champion Panam\u00e9ricain \u00e0 Santiago 7\u00e8me par \u00e9quipe (qualifi\u00e9 pour les JO 2024), 5\u00e8me au sol et 8\u00e8me en fixe au Championnat du Monde Anvers Champion du Canada 18-20 ans au sol, au saut, aux barres parall\u00e8les, \u00e0 la barre fixe et 2\u00e8me aux anneaux 2022 M\u00e9daill\u00e9 au Championnat Panam\u00e9ricain et aux Jeux du Commonwealth Participation au Championnat du Monde \u00e0 Kitakyushu (Japon) 2021 et en 2022 \u00e0 Liverpool 2021 M\u00e9daill\u00e9 \u00e0 la Coupe du Monde de Koper (Slov\u00e9nie) et de Mersin (Turquie) 2019 Champion du Monde junior aux anneaux et vice-champion du monde au sol \u00e0 Gyor (Hongrie)<\/p>\n","protected":false},"author":1,"featured_media":0,"parent":0,"menu_order":0,"comment_status":"closed","ping_status":"closed","template":"","meta":{"footnotes":""},"jetpack_sharing_enabled":true,"acf":[],"_links":{"self":[{"href":"https:\/\/lasottevillaise.com\/index.php\/wp-json\/wp\/v2\/pages\/3242"}],"collection":[{"href":"https:\/\/lasottevillaise.com\/index.php\/wp-json\/wp\/v2\/pages"}],"about":[{"href":"https:\/\/lasottevillaise.com\/index.php\/wp-json\/wp\/v2\/types\/page"}],"author":[{"embeddable":true,"href":"https:\/\/lasottevillaise.com\/index.php\/wp-json\/wp\/v2\/users\/1"}],"replies":[{"embeddable":true,"href":"https:\/\/lasottevillaise.com\/index.php\/wp-json\/wp\/v2\/comments?post=3242"}],"version-history":[{"count":22,"href":"https:\/\/lasottevillaise.com\/index.php\/wp-json\/wp\/v2\/pages\/3242\/revisions"}],"predecessor-version":[{"id":4346,"href":"https:\/\/lasottevillaise.com\/index.php\/wp-json\/wp\/v2\/pages\/3242\/revisions\/4346"}],"wp:attachment":[{"href":"https:\/\/lasottevillaise.com\/index.php\/wp-json\/wp\/v2\/media?parent=3242"}],"curies":[{"name":"wp","href":"https:\/\/api.w.org\/{rel}","templated":true}]}}