{"id":398,"date":"2021-01-31T14:34:47","date_gmt":"2021-01-31T13:34:47","guid":{"rendered":"https:\/\/lasottevillaise.com\/?page_id=398"},"modified":"2022-06-20T10:29:39","modified_gmt":"2022-06-20T08:29:39","slug":"handi-gym","status":"publish","type":"page","link":"https:\/\/lasottevillaise.com\/index.php\/handi-gym\/","title":{"rendered":"Handi-Gym"},"content":{"rendered":"\n<p>La section Handi&#8217;Gym permet \u00e0 chaque enfant d&#8217;avoir <span style=\"color:#ff0004\" class=\"tadv-color\"><strong>acc\u00e8s au sport sans diff\u00e9renciation<\/strong> <\/span>de pr\u00e9sence ou non de handicap.<\/p>\n\n\n\n<p>Nous disposons d\u2019une <strong>animatrice sp\u00e9cialis\u00e9e<\/strong>, qui a suivi une formation particuli\u00e8re, et d\u2019une <strong>structure r\u00e9pondant <span style=\"color:#ff0004\" class=\"tadv-color\">aux normes<\/span><\/strong> en vigueur.<\/p>\n\n\n\n<p>Notre but est de&nbsp;<strong>permettre \u00e0 chacun de <span style=\"color:#ff0004\" class=\"tadv-color\">s&#8217;\u00e9panouir<\/span> dans un cadre sportif, convivial et s\u00e9curis\u00e9<\/strong>.<br>Les s\u00e9ances sont structur\u00e9es en&nbsp;<strong>diff\u00e9rents temps collectifs et individuels<\/strong>&nbsp;afin de laisser \u00e0 chacun le choix de ses ateliers (trampoline, barres, parcours, saut de cheval, poutre, anneaux&#8230;) tout en respectant des moments de partage avec les autres participants.<\/p>\n\n\n\n<div class=\"wp-block-buttons is-content-justification-center is-layout-flex wp-block-buttons-is-layout-flex\">\n<div class=\"wp-block-button is-style-outline\"><a class=\"wp-block-button__link has-text-color\" href=\"https:\/\/lasottevillaise.com\/index.php\/handi-gym-2\/\" style=\"color:#ff0004\"><strong><em><span style=\"color:#000000\" class=\"tadv-color\">Voir les horaires<\/span><\/em><\/strong><\/a><\/div>\n<\/div>\n\n\n\n<p><strong><em>Renseignements:<\/em><\/strong> 02 35 72 05 03 ou <a href=\"mailto:lasottevillaise@gmail.com\">lasottevillaise@gmail.com<\/a><\/p>\n\n\n\n<figure class=\"wp-block-video\"><video controls src=\"https:\/\/lasottevillaise.com\/wp-content\/uploads\/2022\/06\/video-adaptagym_CherOTVg.mp4\"><\/video><\/figure>\n\n\n\n<p><\/p>\n\n\n\n<p><\/p>\n\n\n\n<p><\/p>\n\n\n\n<p><\/p>\n","protected":false},"excerpt":{"rendered":"<p>La section Handi&#8217;Gym permet \u00e0 chaque enfant d&#8217;avoir acc\u00e8s au sport sans diff\u00e9renciation de pr\u00e9sence ou non de handicap. Nous disposons d\u2019une animatrice sp\u00e9cialis\u00e9e, qui a suivi une formation particuli\u00e8re, et d\u2019une structure r\u00e9pondant aux normes en vigueur. Notre but est de&nbsp;permettre \u00e0 chacun de s&#8217;\u00e9panouir dans un cadre sportif, convivial et s\u00e9curis\u00e9.Les s\u00e9ances sont structur\u00e9es en&nbsp;diff\u00e9rents temps collectifs et individuels&nbsp;afin de laisser \u00e0 chacun le choix de ses ateliers (trampoline, barres, parcours, saut de cheval, poutre, anneaux&#8230;) tout en respectant des moments de partage avec les autres participants. Renseignements: 02 35 72 05 03 ou lasottevillaise@gmail.com<\/p>\n","protected":false},"author":1,"featured_media":0,"parent":0,"menu_order":0,"comment_status":"closed","ping_status":"closed","template":"","meta":{"footnotes":""},"jetpack_sharing_enabled":true,"acf":[],"_links":{"self":[{"href":"https:\/\/lasottevillaise.com\/index.php\/wp-json\/wp\/v2\/pages\/398"}],"collection":[{"href":"https:\/\/lasottevillaise.com\/index.php\/wp-json\/wp\/v2\/pages"}],"about":[{"href":"https:\/\/lasottevillaise.com\/index.php\/wp-json\/wp\/v2\/types\/page"}],"author":[{"embeddable":true,"href":"https:\/\/lasottevillaise.com\/index.php\/wp-json\/wp\/v2\/users\/1"}],"replies":[{"embeddable":true,"href":"https:\/\/lasottevillaise.com\/index.php\/wp-json\/wp\/v2\/comments?post=398"}],"version-history":[{"count":9,"href":"https:\/\/lasottevillaise.com\/index.php\/wp-json\/wp\/v2\/pages\/398\/revisions"}],"predecessor-version":[{"id":2620,"href":"https:\/\/lasottevillaise.com\/index.php\/wp-json\/wp\/v2\/pages\/398\/revisions\/2620"}],"wp:attachment":[{"href":"https:\/\/lasottevillaise.com\/index.php\/wp-json\/wp\/v2\/media?parent=398"}],"curies":[{"name":"wp","href":"https:\/\/api.w.org\/{rel}","templated":true}]}}