{"id":45,"date":"2021-01-20T12:31:38","date_gmt":"2021-01-20T11:31:38","guid":{"rendered":"https:\/\/lasottevillaise.com\/?page_id=45"},"modified":"2023-11-24T12:36:20","modified_gmt":"2023-11-24T11:36:20","slug":"lequipe","status":"publish","type":"page","link":"https:\/\/lasottevillaise.com\/index.php\/lequipe\/","title":{"rendered":"L&#8217;encadrement technique"},"content":{"rendered":"\t\t<div data-elementor-type=\"wp-page\" data-elementor-id=\"45\" class=\"elementor elementor-45\">\n\t\t\t\t\t\t<section class=\"elementor-section elementor-top-section elementor-element elementor-element-c8af749 elementor-section-boxed elementor-section-height-default elementor-section-height-default wpr-particle-no wpr-jarallax-no wpr-parallax-no wpr-sticky-section-no\" data-id=\"c8af749\" data-element_type=\"section\">\n\t\t\t\t\t\t<div class=\"elementor-container elementor-column-gap-default\">\n\t\t\t\t\t<div class=\"elementor-column elementor-col-100 elementor-top-column elementor-element elementor-element-5c8b5738\" data-id=\"5c8b5738\" data-element_type=\"column\">\n\t\t\t<div class=\"elementor-widget-wrap elementor-element-populated\">\n\t\t\t\t\t\t<div class=\"elementor-element elementor-element-6958ff9 elementor-widget elementor-widget-spacer\" data-id=\"6958ff9\" data-element_type=\"widget\" data-widget_type=\"spacer.default\">\n\t\t\t\t<div class=\"elementor-widget-container\">\n\t\t\t\t\t\t\t<div class=\"elementor-spacer\">\n\t\t\t<div class=\"elementor-spacer-inner\"><\/div>\n\t\t<\/div>\n\t\t\t\t\t\t<\/div>\n\t\t\t\t<\/div>\n\t\t\t\t<div class=\"elementor-element elementor-element-2b566e26 elementor-widget elementor-widget-text-editor\" data-id=\"2b566e26\" data-element_type=\"widget\" data-widget_type=\"text-editor.default\">\n\t\t\t\t<div class=\"elementor-widget-container\">\n\t\t\t\t\t\t\t\t\t\n<p class=\"has-text-align-center has-medium-font-size\"><span class=\"tadv-color\" style=\"color: #000000; font-size: 12pt; font-family: georgia, palatino, serif;\">Voici l&#8217;ensemble de <strong>nos entraineurs<\/strong> qui assurent les cours \u00e0 La Sottevillaise. <\/span><\/p>\n<p><span style=\"font-size: 12pt; font-family: georgia, palatino, serif;\"><\/span><\/p>\n<p class=\"has-text-align-center has-medium-font-size\"><span style=\"font-size: 12pt; font-family: georgia, palatino, serif;\"><span class=\"tadv-color\" style=\"color: #ff0000;\"><strong>Tous nos encadrants sont dipl\u00f4m\u00e9s<\/strong><\/span><span class=\"tadv-color\" style=\"color: #000000;\"> et poss\u00e8dent la carte professionnelle <strong>d\u00e9livr\u00e9e par le minist\u00e8re de la jeunesse et du sport.<\/strong><\/span><\/span><\/p>\n\t\t\t\t\t\t\t\t<\/div>\n\t\t\t\t<\/div>\n\t\t\t\t\t<\/div>\n\t\t<\/div>\n\t\t\t\t\t<\/div>\n\t\t<\/section>\n\t\t\t\t<section class=\"elementor-section elementor-top-section elementor-element elementor-element-56798f1 elementor-section-boxed elementor-section-height-default elementor-section-height-default wpr-particle-no wpr-jarallax-no wpr-parallax-no wpr-sticky-section-no\" data-id=\"56798f1\" data-element_type=\"section\">\n\t\t\t\t\t\t<div class=\"elementor-container elementor-column-gap-default\">\n\t\t\t\t\t<div class=\"elementor-column elementor-col-100 elementor-top-column elementor-element elementor-element-8e40647\" data-id=\"8e40647\" data-element_type=\"column\">\n\t\t\t<div class=\"elementor-widget-wrap elementor-element-populated\">\n\t\t\t\t\t\t<div class=\"elementor-element elementor-element-acf19a9 elementor-widget elementor-widget-spacer\" data-id=\"acf19a9\" data-element_type=\"widget\" data-widget_type=\"spacer.default\">\n\t\t\t\t<div class=\"elementor-widget-container\">\n\t\t\t\t\t\t\t<div class=\"elementor-spacer\">\n\t\t\t<div class=\"elementor-spacer-inner\"><\/div>\n\t\t<\/div>\n\t\t\t\t\t\t<\/div>\n\t\t\t\t<\/div>\n\t\t\t\t\t<\/div>\n\t\t<\/div>\n\t\t\t\t\t<\/div>\n\t\t<\/section>\n\t\t\t\t<section class=\"elementor-section elementor-top-section elementor-element elementor-element-8a1a189 elementor-section-boxed elementor-section-height-default elementor-section-height-default wpr-particle-no wpr-jarallax-no wpr-parallax-no wpr-sticky-section-no\" data-id=\"8a1a189\" data-element_type=\"section\">\n\t\t\t\t\t\t<div class=\"elementor-container elementor-column-gap-default\">\n\t\t\t\t\t<div class=\"elementor-column elementor-col-33 elementor-top-column elementor-element elementor-element-5e11ac4\" data-id=\"5e11ac4\" data-element_type=\"column\">\n\t\t\t<div class=\"elementor-widget-wrap elementor-element-populated\">\n\t\t\t\t\t\t<div class=\"elementor-element elementor-element-e02e874 elementor-widget elementor-widget-image\" data-id=\"e02e874\" data-element_type=\"widget\" data-widget_type=\"image.default\">\n\t\t\t\t<div class=\"elementor-widget-container\">\n\t\t\t\t\t\t\t\t\t\t\t\t<figure class=\"wp-caption\">\n\t\t\t\t\t\t\t\t\t\t<img fetchpriority=\"high\" decoding=\"async\" width=\"2048\" height=\"2048\" src=\"https:\/\/i0.wp.com\/lasottevillaise.com\/wp-content\/uploads\/2023\/11\/P1030357-scaled.jpg?fit=2048%2C2048&amp;ssl=1\" class=\"attachment-2048x2048 size-2048x2048 wp-image-3627\" alt=\"\" srcset=\"https:\/\/i0.wp.com\/lasottevillaise.com\/wp-content\/uploads\/2023\/11\/P1030357-scaled.jpg?w=2560&amp;ssl=1 2560w, https:\/\/i0.wp.com\/lasottevillaise.com\/wp-content\/uploads\/2023\/11\/P1030357-scaled.jpg?resize=300%2C300&amp;ssl=1 300w, https:\/\/i0.wp.com\/lasottevillaise.com\/wp-content\/uploads\/2023\/11\/P1030357-scaled.jpg?resize=1024%2C1024&amp;ssl=1 1024w, https:\/\/i0.wp.com\/lasottevillaise.com\/wp-content\/uploads\/2023\/11\/P1030357-scaled.jpg?resize=150%2C150&amp;ssl=1 150w, https:\/\/i0.wp.com\/lasottevillaise.com\/wp-content\/uploads\/2023\/11\/P1030357-scaled.jpg?resize=768%2C768&amp;ssl=1 768w, https:\/\/i0.wp.com\/lasottevillaise.com\/wp-content\/uploads\/2023\/11\/P1030357-scaled.jpg?resize=1536%2C1536&amp;ssl=1 1536w, https:\/\/i0.wp.com\/lasottevillaise.com\/wp-content\/uploads\/2023\/11\/P1030357-scaled.jpg?resize=2048%2C2048&amp;ssl=1 2048w, https:\/\/i0.wp.com\/lasottevillaise.com\/wp-content\/uploads\/2023\/11\/P1030357-scaled.jpg?resize=1140%2C1140&amp;ssl=1 1140w, https:\/\/i0.wp.com\/lasottevillaise.com\/wp-content\/uploads\/2023\/11\/P1030357-scaled.jpg?resize=75%2C75&amp;ssl=1 75w, https:\/\/i0.wp.com\/lasottevillaise.com\/wp-content\/uploads\/2023\/11\/P1030357-scaled.jpg?w=1920&amp;ssl=1 1920w\" sizes=\"(max-width: 960px) 100vw, 960px\" \/>\t\t\t\t\t\t\t\t\t\t\t<figcaption class=\"widget-image-caption wp-caption-text\">- Danny Rodrigues - Entra\u00eeneur gym<\/figcaption>\n\t\t\t\t\t\t\t\t\t\t<\/figure>\n\t\t\t\t\t\t\t\t\t<\/div>\n\t\t\t\t<\/div>\n\t\t\t\t\t<\/div>\n\t\t<\/div>\n\t\t\t\t<div class=\"elementor-column elementor-col-33 elementor-top-column elementor-element elementor-element-69f8a0b\" data-id=\"69f8a0b\" data-element_type=\"column\">\n\t\t\t<div class=\"elementor-widget-wrap elementor-element-populated\">\n\t\t\t\t\t\t<div class=\"elementor-element elementor-element-7e174d1 elementor-widget elementor-widget-image\" data-id=\"7e174d1\" data-element_type=\"widget\" data-widget_type=\"image.default\">\n\t\t\t\t<div class=\"elementor-widget-container\">\n\t\t\t\t\t\t\t\t\t\t\t\t<figure class=\"wp-caption\">\n\t\t\t\t\t\t\t\t\t\t<img decoding=\"async\" width=\"2048\" height=\"2048\" src=\"https:\/\/i0.wp.com\/lasottevillaise.com\/wp-content\/uploads\/2023\/11\/P1030359-2-scaled.jpg?fit=2048%2C2048&amp;ssl=1\" class=\"attachment-2048x2048 size-2048x2048 wp-image-3629\" alt=\"\" srcset=\"https:\/\/i0.wp.com\/lasottevillaise.com\/wp-content\/uploads\/2023\/11\/P1030359-2-scaled.jpg?w=2560&amp;ssl=1 2560w, https:\/\/i0.wp.com\/lasottevillaise.com\/wp-content\/uploads\/2023\/11\/P1030359-2-scaled.jpg?resize=300%2C300&amp;ssl=1 300w, https:\/\/i0.wp.com\/lasottevillaise.com\/wp-content\/uploads\/2023\/11\/P1030359-2-scaled.jpg?resize=1024%2C1024&amp;ssl=1 1024w, https:\/\/i0.wp.com\/lasottevillaise.com\/wp-content\/uploads\/2023\/11\/P1030359-2-scaled.jpg?resize=150%2C150&amp;ssl=1 150w, https:\/\/i0.wp.com\/lasottevillaise.com\/wp-content\/uploads\/2023\/11\/P1030359-2-scaled.jpg?resize=768%2C768&amp;ssl=1 768w, https:\/\/i0.wp.com\/lasottevillaise.com\/wp-content\/uploads\/2023\/11\/P1030359-2-scaled.jpg?resize=1536%2C1536&amp;ssl=1 1536w, https:\/\/i0.wp.com\/lasottevillaise.com\/wp-content\/uploads\/2023\/11\/P1030359-2-scaled.jpg?resize=2048%2C2048&amp;ssl=1 2048w, https:\/\/i0.wp.com\/lasottevillaise.com\/wp-content\/uploads\/2023\/11\/P1030359-2-scaled.jpg?resize=1140%2C1140&amp;ssl=1 1140w, https:\/\/i0.wp.com\/lasottevillaise.com\/wp-content\/uploads\/2023\/11\/P1030359-2-scaled.jpg?resize=75%2C75&amp;ssl=1 75w, https:\/\/i0.wp.com\/lasottevillaise.com\/wp-content\/uploads\/2023\/11\/P1030359-2-scaled.jpg?w=1920&amp;ssl=1 1920w\" sizes=\"(max-width: 960px) 100vw, 960px\" \/>\t\t\t\t\t\t\t\t\t\t\t<figcaption class=\"widget-image-caption wp-caption-text\">- Arnaud Willig - Entra\u00eeneur gym<\/figcaption>\n\t\t\t\t\t\t\t\t\t\t<\/figure>\n\t\t\t\t\t\t\t\t\t<\/div>\n\t\t\t\t<\/div>\n\t\t\t\t\t<\/div>\n\t\t<\/div>\n\t\t\t\t<div class=\"elementor-column elementor-col-33 elementor-top-column elementor-element elementor-element-eda4f94\" data-id=\"eda4f94\" data-element_type=\"column\">\n\t\t\t<div class=\"elementor-widget-wrap elementor-element-populated\">\n\t\t\t\t\t\t<div class=\"elementor-element elementor-element-4ebe1c5 elementor-widget elementor-widget-image\" data-id=\"4ebe1c5\" data-element_type=\"widget\" data-widget_type=\"image.default\">\n\t\t\t\t<div class=\"elementor-widget-container\">\n\t\t\t\t\t\t\t\t\t\t\t\t<figure class=\"wp-caption\">\n\t\t\t\t\t\t\t\t\t\t<img decoding=\"async\" width=\"2048\" height=\"2048\" src=\"https:\/\/i0.wp.com\/lasottevillaise.com\/wp-content\/uploads\/2023\/11\/P1030355-2-scaled.jpg?fit=2048%2C2048&amp;ssl=1\" class=\"attachment-2048x2048 size-2048x2048 wp-image-3625\" alt=\"\" srcset=\"https:\/\/i0.wp.com\/lasottevillaise.com\/wp-content\/uploads\/2023\/11\/P1030355-2-scaled.jpg?w=2560&amp;ssl=1 2560w, https:\/\/i0.wp.com\/lasottevillaise.com\/wp-content\/uploads\/2023\/11\/P1030355-2-scaled.jpg?resize=300%2C300&amp;ssl=1 300w, https:\/\/i0.wp.com\/lasottevillaise.com\/wp-content\/uploads\/2023\/11\/P1030355-2-scaled.jpg?resize=1024%2C1024&amp;ssl=1 1024w, https:\/\/i0.wp.com\/lasottevillaise.com\/wp-content\/uploads\/2023\/11\/P1030355-2-scaled.jpg?resize=150%2C150&amp;ssl=1 150w, https:\/\/i0.wp.com\/lasottevillaise.com\/wp-content\/uploads\/2023\/11\/P1030355-2-scaled.jpg?resize=768%2C768&amp;ssl=1 768w, https:\/\/i0.wp.com\/lasottevillaise.com\/wp-content\/uploads\/2023\/11\/P1030355-2-scaled.jpg?resize=1536%2C1536&amp;ssl=1 1536w, https:\/\/i0.wp.com\/lasottevillaise.com\/wp-content\/uploads\/2023\/11\/P1030355-2-scaled.jpg?resize=2048%2C2048&amp;ssl=1 2048w, https:\/\/i0.wp.com\/lasottevillaise.com\/wp-content\/uploads\/2023\/11\/P1030355-2-scaled.jpg?resize=1140%2C1140&amp;ssl=1 1140w, https:\/\/i0.wp.com\/lasottevillaise.com\/wp-content\/uploads\/2023\/11\/P1030355-2-scaled.jpg?resize=75%2C75&amp;ssl=1 75w, https:\/\/i0.wp.com\/lasottevillaise.com\/wp-content\/uploads\/2023\/11\/P1030355-2-scaled.jpg?w=1920&amp;ssl=1 1920w\" sizes=\"(max-width: 960px) 100vw, 960px\" \/>\t\t\t\t\t\t\t\t\t\t\t<figcaption class=\"widget-image-caption wp-caption-text\">- St\u00e9phanie Bretin - Entra\u00eeneur gym<\/figcaption>\n\t\t\t\t\t\t\t\t\t\t<\/figure>\n\t\t\t\t\t\t\t\t\t<\/div>\n\t\t\t\t<\/div>\n\t\t\t\t\t<\/div>\n\t\t<\/div>\n\t\t\t\t\t<\/div>\n\t\t<\/section>\n\t\t\t\t<section class=\"elementor-section elementor-top-section elementor-element elementor-element-45dd76f elementor-section-boxed elementor-section-height-default elementor-section-height-default wpr-particle-no wpr-jarallax-no wpr-parallax-no wpr-sticky-section-no\" data-id=\"45dd76f\" data-element_type=\"section\">\n\t\t\t\t\t\t<div class=\"elementor-container elementor-column-gap-default\">\n\t\t\t\t\t<div class=\"elementor-column elementor-col-33 elementor-top-column elementor-element elementor-element-26e71df\" data-id=\"26e71df\" data-element_type=\"column\">\n\t\t\t<div class=\"elementor-widget-wrap elementor-element-populated\">\n\t\t\t\t\t\t<div class=\"elementor-element elementor-element-8de94da elementor-widget elementor-widget-image\" data-id=\"8de94da\" data-element_type=\"widget\" data-widget_type=\"image.default\">\n\t\t\t\t<div class=\"elementor-widget-container\">\n\t\t\t\t\t\t\t\t\t\t\t\t<figure class=\"wp-caption\">\n\t\t\t\t\t\t\t\t\t\t<img loading=\"lazy\" decoding=\"async\" width=\"2048\" height=\"2048\" src=\"https:\/\/i0.wp.com\/lasottevillaise.com\/wp-content\/uploads\/2023\/11\/P1030358-2-scaled.jpg?fit=2048%2C2048&amp;ssl=1\" class=\"attachment-2048x2048 size-2048x2048 wp-image-3628\" alt=\"\" srcset=\"https:\/\/i0.wp.com\/lasottevillaise.com\/wp-content\/uploads\/2023\/11\/P1030358-2-scaled.jpg?w=2560&amp;ssl=1 2560w, https:\/\/i0.wp.com\/lasottevillaise.com\/wp-content\/uploads\/2023\/11\/P1030358-2-scaled.jpg?resize=300%2C300&amp;ssl=1 300w, https:\/\/i0.wp.com\/lasottevillaise.com\/wp-content\/uploads\/2023\/11\/P1030358-2-scaled.jpg?resize=1024%2C1024&amp;ssl=1 1024w, https:\/\/i0.wp.com\/lasottevillaise.com\/wp-content\/uploads\/2023\/11\/P1030358-2-scaled.jpg?resize=150%2C150&amp;ssl=1 150w, https:\/\/i0.wp.com\/lasottevillaise.com\/wp-content\/uploads\/2023\/11\/P1030358-2-scaled.jpg?resize=768%2C768&amp;ssl=1 768w, https:\/\/i0.wp.com\/lasottevillaise.com\/wp-content\/uploads\/2023\/11\/P1030358-2-scaled.jpg?resize=1536%2C1536&amp;ssl=1 1536w, https:\/\/i0.wp.com\/lasottevillaise.com\/wp-content\/uploads\/2023\/11\/P1030358-2-scaled.jpg?resize=2048%2C2048&amp;ssl=1 2048w, https:\/\/i0.wp.com\/lasottevillaise.com\/wp-content\/uploads\/2023\/11\/P1030358-2-scaled.jpg?resize=1140%2C1140&amp;ssl=1 1140w, https:\/\/i0.wp.com\/lasottevillaise.com\/wp-content\/uploads\/2023\/11\/P1030358-2-scaled.jpg?resize=75%2C75&amp;ssl=1 75w, https:\/\/i0.wp.com\/lasottevillaise.com\/wp-content\/uploads\/2023\/11\/P1030358-2-scaled.jpg?w=1920&amp;ssl=1 1920w\" sizes=\"(max-width: 960px) 100vw, 960px\" \/>\t\t\t\t\t\t\t\t\t\t\t<figcaption class=\"widget-image-caption wp-caption-text\">- Ang\u00e9lo Bressan - Entra\u00eeneur gym<\/figcaption>\n\t\t\t\t\t\t\t\t\t\t<\/figure>\n\t\t\t\t\t\t\t\t\t<\/div>\n\t\t\t\t<\/div>\n\t\t\t\t\t<\/div>\n\t\t<\/div>\n\t\t\t\t<div class=\"elementor-column elementor-col-33 elementor-top-column elementor-element elementor-element-d0ee523\" data-id=\"d0ee523\" data-element_type=\"column\">\n\t\t\t<div class=\"elementor-widget-wrap elementor-element-populated\">\n\t\t\t\t\t\t<div class=\"elementor-element elementor-element-c6509ef elementor-widget elementor-widget-image\" data-id=\"c6509ef\" data-element_type=\"widget\" data-widget_type=\"image.default\">\n\t\t\t\t<div class=\"elementor-widget-container\">\n\t\t\t\t\t\t\t\t\t\t\t\t<figure class=\"wp-caption\">\n\t\t\t\t\t\t\t\t\t\t<img loading=\"lazy\" decoding=\"async\" width=\"2048\" height=\"2048\" src=\"https:\/\/i0.wp.com\/lasottevillaise.com\/wp-content\/uploads\/2023\/11\/P1030362-fran-scaled.jpg?fit=2048%2C2048&amp;ssl=1\" class=\"attachment-2048x2048 size-2048x2048 wp-image-3631\" alt=\"\" srcset=\"https:\/\/i0.wp.com\/lasottevillaise.com\/wp-content\/uploads\/2023\/11\/P1030362-fran-scaled.jpg?w=2560&amp;ssl=1 2560w, https:\/\/i0.wp.com\/lasottevillaise.com\/wp-content\/uploads\/2023\/11\/P1030362-fran-scaled.jpg?resize=300%2C300&amp;ssl=1 300w, https:\/\/i0.wp.com\/lasottevillaise.com\/wp-content\/uploads\/2023\/11\/P1030362-fran-scaled.jpg?resize=1024%2C1024&amp;ssl=1 1024w, https:\/\/i0.wp.com\/lasottevillaise.com\/wp-content\/uploads\/2023\/11\/P1030362-fran-scaled.jpg?resize=150%2C150&amp;ssl=1 150w, https:\/\/i0.wp.com\/lasottevillaise.com\/wp-content\/uploads\/2023\/11\/P1030362-fran-scaled.jpg?resize=768%2C768&amp;ssl=1 768w, https:\/\/i0.wp.com\/lasottevillaise.com\/wp-content\/uploads\/2023\/11\/P1030362-fran-scaled.jpg?resize=1536%2C1536&amp;ssl=1 1536w, https:\/\/i0.wp.com\/lasottevillaise.com\/wp-content\/uploads\/2023\/11\/P1030362-fran-scaled.jpg?resize=2048%2C2048&amp;ssl=1 2048w, https:\/\/i0.wp.com\/lasottevillaise.com\/wp-content\/uploads\/2023\/11\/P1030362-fran-scaled.jpg?resize=1140%2C1140&amp;ssl=1 1140w, https:\/\/i0.wp.com\/lasottevillaise.com\/wp-content\/uploads\/2023\/11\/P1030362-fran-scaled.jpg?resize=75%2C75&amp;ssl=1 75w, https:\/\/i0.wp.com\/lasottevillaise.com\/wp-content\/uploads\/2023\/11\/P1030362-fran-scaled.jpg?w=1920&amp;ssl=1 1920w\" sizes=\"(max-width: 960px) 100vw, 960px\" \/>\t\t\t\t\t\t\t\t\t\t\t<figcaption class=\"widget-image-caption wp-caption-text\">- Fran\u00e7ois Esquer - Entra\u00eeneur gym<\/figcaption>\n\t\t\t\t\t\t\t\t\t\t<\/figure>\n\t\t\t\t\t\t\t\t\t<\/div>\n\t\t\t\t<\/div>\n\t\t\t\t\t<\/div>\n\t\t<\/div>\n\t\t\t\t<div class=\"elementor-column elementor-col-33 elementor-top-column elementor-element elementor-element-4e6bff8\" data-id=\"4e6bff8\" data-element_type=\"column\">\n\t\t\t<div class=\"elementor-widget-wrap elementor-element-populated\">\n\t\t\t\t\t\t<div class=\"elementor-element elementor-element-5723ef4 elementor-widget elementor-widget-image\" data-id=\"5723ef4\" data-element_type=\"widget\" data-widget_type=\"image.default\">\n\t\t\t\t<div class=\"elementor-widget-container\">\n\t\t\t\t\t\t\t\t\t\t\t\t<figure class=\"wp-caption\">\n\t\t\t\t\t\t\t\t\t\t<img loading=\"lazy\" decoding=\"async\" width=\"2048\" height=\"2048\" src=\"https:\/\/i0.wp.com\/lasottevillaise.com\/wp-content\/uploads\/2023\/11\/P1030361-agnes-scaled.jpg?fit=2048%2C2048&amp;ssl=1\" class=\"attachment-2048x2048 size-2048x2048 wp-image-3632\" alt=\"\" srcset=\"https:\/\/i0.wp.com\/lasottevillaise.com\/wp-content\/uploads\/2023\/11\/P1030361-agnes-scaled.jpg?w=2560&amp;ssl=1 2560w, https:\/\/i0.wp.com\/lasottevillaise.com\/wp-content\/uploads\/2023\/11\/P1030361-agnes-scaled.jpg?resize=300%2C300&amp;ssl=1 300w, https:\/\/i0.wp.com\/lasottevillaise.com\/wp-content\/uploads\/2023\/11\/P1030361-agnes-scaled.jpg?resize=1024%2C1024&amp;ssl=1 1024w, https:\/\/i0.wp.com\/lasottevillaise.com\/wp-content\/uploads\/2023\/11\/P1030361-agnes-scaled.jpg?resize=150%2C150&amp;ssl=1 150w, https:\/\/i0.wp.com\/lasottevillaise.com\/wp-content\/uploads\/2023\/11\/P1030361-agnes-scaled.jpg?resize=768%2C768&amp;ssl=1 768w, https:\/\/i0.wp.com\/lasottevillaise.com\/wp-content\/uploads\/2023\/11\/P1030361-agnes-scaled.jpg?resize=1536%2C1536&amp;ssl=1 1536w, https:\/\/i0.wp.com\/lasottevillaise.com\/wp-content\/uploads\/2023\/11\/P1030361-agnes-scaled.jpg?resize=2048%2C2048&amp;ssl=1 2048w, https:\/\/i0.wp.com\/lasottevillaise.com\/wp-content\/uploads\/2023\/11\/P1030361-agnes-scaled.jpg?resize=1140%2C1140&amp;ssl=1 1140w, https:\/\/i0.wp.com\/lasottevillaise.com\/wp-content\/uploads\/2023\/11\/P1030361-agnes-scaled.jpg?resize=75%2C75&amp;ssl=1 75w, https:\/\/i0.wp.com\/lasottevillaise.com\/wp-content\/uploads\/2023\/11\/P1030361-agnes-scaled.jpg?w=1920&amp;ssl=1 1920w\" sizes=\"(max-width: 960px) 100vw, 960px\" \/>\t\t\t\t\t\t\t\t\t\t\t<figcaption class=\"widget-image-caption wp-caption-text\">Agnes Cl\u00e9ment Bouchon Entra\u00eeneur gym\/fitness<\/figcaption>\n\t\t\t\t\t\t\t\t\t\t<\/figure>\n\t\t\t\t\t\t\t\t\t<\/div>\n\t\t\t\t<\/div>\n\t\t\t\t\t<\/div>\n\t\t<\/div>\n\t\t\t\t\t<\/div>\n\t\t<\/section>\n\t\t\t\t<section class=\"elementor-section elementor-top-section elementor-element elementor-element-9623438 elementor-section-boxed elementor-section-height-default elementor-section-height-default wpr-particle-no wpr-jarallax-no wpr-parallax-no wpr-sticky-section-no\" data-id=\"9623438\" data-element_type=\"section\">\n\t\t\t\t\t\t<div class=\"elementor-container elementor-column-gap-default\">\n\t\t\t\t\t<div class=\"elementor-column elementor-col-33 elementor-top-column elementor-element elementor-element-2ec7945\" data-id=\"2ec7945\" data-element_type=\"column\">\n\t\t\t<div class=\"elementor-widget-wrap elementor-element-populated\">\n\t\t\t\t\t\t<div class=\"elementor-element elementor-element-c78fbc5 elementor-widget elementor-widget-image\" data-id=\"c78fbc5\" data-element_type=\"widget\" data-widget_type=\"image.default\">\n\t\t\t\t<div class=\"elementor-widget-container\">\n\t\t\t\t\t\t\t\t\t\t\t\t<figure class=\"wp-caption\">\n\t\t\t\t\t\t\t\t\t\t<img loading=\"lazy\" decoding=\"async\" width=\"2048\" height=\"2048\" src=\"https:\/\/i0.wp.com\/lasottevillaise.com\/wp-content\/uploads\/2023\/11\/P1030388-scaled.jpg?fit=2048%2C2048&amp;ssl=1\" class=\"attachment-2048x2048 size-2048x2048 wp-image-3664\" alt=\"\" srcset=\"https:\/\/i0.wp.com\/lasottevillaise.com\/wp-content\/uploads\/2023\/11\/P1030388-scaled.jpg?w=2560&amp;ssl=1 2560w, https:\/\/i0.wp.com\/lasottevillaise.com\/wp-content\/uploads\/2023\/11\/P1030388-scaled.jpg?resize=300%2C300&amp;ssl=1 300w, https:\/\/i0.wp.com\/lasottevillaise.com\/wp-content\/uploads\/2023\/11\/P1030388-scaled.jpg?resize=1024%2C1024&amp;ssl=1 1024w, https:\/\/i0.wp.com\/lasottevillaise.com\/wp-content\/uploads\/2023\/11\/P1030388-scaled.jpg?resize=150%2C150&amp;ssl=1 150w, https:\/\/i0.wp.com\/lasottevillaise.com\/wp-content\/uploads\/2023\/11\/P1030388-scaled.jpg?resize=768%2C768&amp;ssl=1 768w, https:\/\/i0.wp.com\/lasottevillaise.com\/wp-content\/uploads\/2023\/11\/P1030388-scaled.jpg?resize=1536%2C1536&amp;ssl=1 1536w, https:\/\/i0.wp.com\/lasottevillaise.com\/wp-content\/uploads\/2023\/11\/P1030388-scaled.jpg?resize=2048%2C2048&amp;ssl=1 2048w, https:\/\/i0.wp.com\/lasottevillaise.com\/wp-content\/uploads\/2023\/11\/P1030388-scaled.jpg?resize=1140%2C1140&amp;ssl=1 1140w, https:\/\/i0.wp.com\/lasottevillaise.com\/wp-content\/uploads\/2023\/11\/P1030388-scaled.jpg?resize=75%2C75&amp;ssl=1 75w, https:\/\/i0.wp.com\/lasottevillaise.com\/wp-content\/uploads\/2023\/11\/P1030388-scaled.jpg?w=1920&amp;ssl=1 1920w\" sizes=\"(max-width: 960px) 100vw, 960px\" \/>\t\t\t\t\t\t\t\t\t\t\t<figcaption class=\"widget-image-caption wp-caption-text\">- Marie Verdure - Entra\u00eeneur fitness<\/figcaption>\n\t\t\t\t\t\t\t\t\t\t<\/figure>\n\t\t\t\t\t\t\t\t\t<\/div>\n\t\t\t\t<\/div>\n\t\t\t\t\t<\/div>\n\t\t<\/div>\n\t\t\t\t<div class=\"elementor-column elementor-col-33 elementor-top-column elementor-element elementor-element-9f7ef01\" data-id=\"9f7ef01\" data-element_type=\"column\">\n\t\t\t<div class=\"elementor-widget-wrap elementor-element-populated\">\n\t\t\t\t\t\t<div class=\"elementor-element elementor-element-35f6be9 elementor-widget elementor-widget-image\" data-id=\"35f6be9\" data-element_type=\"widget\" data-widget_type=\"image.default\">\n\t\t\t\t<div class=\"elementor-widget-container\">\n\t\t\t\t\t\t\t\t\t\t\t\t<figure class=\"wp-caption\">\n\t\t\t\t\t\t\t\t\t\t<img loading=\"lazy\" decoding=\"async\" width=\"2048\" height=\"2048\" src=\"https:\/\/i0.wp.com\/lasottevillaise.com\/wp-content\/uploads\/2023\/11\/P1030389-scaled.jpg?fit=2048%2C2048&amp;ssl=1\" class=\"attachment-2048x2048 size-2048x2048 wp-image-3668\" alt=\"\" srcset=\"https:\/\/i0.wp.com\/lasottevillaise.com\/wp-content\/uploads\/2023\/11\/P1030389-scaled.jpg?w=2560&amp;ssl=1 2560w, https:\/\/i0.wp.com\/lasottevillaise.com\/wp-content\/uploads\/2023\/11\/P1030389-scaled.jpg?resize=300%2C300&amp;ssl=1 300w, https:\/\/i0.wp.com\/lasottevillaise.com\/wp-content\/uploads\/2023\/11\/P1030389-scaled.jpg?resize=1024%2C1024&amp;ssl=1 1024w, https:\/\/i0.wp.com\/lasottevillaise.com\/wp-content\/uploads\/2023\/11\/P1030389-scaled.jpg?resize=150%2C150&amp;ssl=1 150w, https:\/\/i0.wp.com\/lasottevillaise.com\/wp-content\/uploads\/2023\/11\/P1030389-scaled.jpg?resize=768%2C768&amp;ssl=1 768w, https:\/\/i0.wp.com\/lasottevillaise.com\/wp-content\/uploads\/2023\/11\/P1030389-scaled.jpg?resize=1536%2C1536&amp;ssl=1 1536w, https:\/\/i0.wp.com\/lasottevillaise.com\/wp-content\/uploads\/2023\/11\/P1030389-scaled.jpg?resize=2048%2C2048&amp;ssl=1 2048w, https:\/\/i0.wp.com\/lasottevillaise.com\/wp-content\/uploads\/2023\/11\/P1030389-scaled.jpg?resize=1140%2C1140&amp;ssl=1 1140w, https:\/\/i0.wp.com\/lasottevillaise.com\/wp-content\/uploads\/2023\/11\/P1030389-scaled.jpg?resize=75%2C75&amp;ssl=1 75w, https:\/\/i0.wp.com\/lasottevillaise.com\/wp-content\/uploads\/2023\/11\/P1030389-scaled.jpg?w=1920&amp;ssl=1 1920w\" sizes=\"(max-width: 960px) 100vw, 960px\" \/>\t\t\t\t\t\t\t\t\t\t\t<figcaption class=\"widget-image-caption wp-caption-text\">- Sandra Lagache - Entra\u00eeneur fitness<\/figcaption>\n\t\t\t\t\t\t\t\t\t\t<\/figure>\n\t\t\t\t\t\t\t\t\t<\/div>\n\t\t\t\t<\/div>\n\t\t\t\t\t<\/div>\n\t\t<\/div>\n\t\t\t\t<div class=\"elementor-column elementor-col-33 elementor-top-column elementor-element elementor-element-cd514ea\" data-id=\"cd514ea\" data-element_type=\"column\">\n\t\t\t<div class=\"elementor-widget-wrap\">\n\t\t\t\t\t\t\t<\/div>\n\t\t<\/div>\n\t\t\t\t\t<\/div>\n\t\t<\/section>\n\t\t\t\t<\/div>\n\t\t","protected":false},"excerpt":{"rendered":"<p>Voici l&#8217;ensemble de nos entraineurs qui assurent les cours \u00e0 La Sottevillaise. Tous nos encadrants sont dipl\u00f4m\u00e9s et poss\u00e8dent la carte professionnelle d\u00e9livr\u00e9e par le minist\u00e8re de la jeunesse et du sport. &#8211; Danny Rodrigues &#8211; Entra\u00eeneur gym &#8211; Arnaud Willig &#8211; Entra\u00eeneur gym &#8211; St\u00e9phanie Bretin &#8211; Entra\u00eeneur gym &#8211; Ang\u00e9lo Bressan &#8211; Entra\u00eeneur gym &#8211; Fran\u00e7ois Esquer &#8211; Entra\u00eeneur gym Agnes Cl\u00e9ment Bouchon Entra\u00eeneur gym\/fitness &#8211; Marie Verdure &#8211; Entra\u00eeneur fitness &#8211; Sandra Lagache &#8211; Entra\u00eeneur fitness<\/p>\n","protected":false},"author":1,"featured_media":0,"parent":0,"menu_order":0,"comment_status":"closed","ping_status":"closed","template":"","meta":{"footnotes":""},"jetpack_sharing_enabled":true,"acf":[],"_links":{"self":[{"href":"https:\/\/lasottevillaise.com\/index.php\/wp-json\/wp\/v2\/pages\/45"}],"collection":[{"href":"https:\/\/lasottevillaise.com\/index.php\/wp-json\/wp\/v2\/pages"}],"about":[{"href":"https:\/\/lasottevillaise.com\/index.php\/wp-json\/wp\/v2\/types\/page"}],"author":[{"embeddable":true,"href":"https:\/\/lasottevillaise.com\/index.php\/wp-json\/wp\/v2\/users\/1"}],"replies":[{"embeddable":true,"href":"https:\/\/lasottevillaise.com\/index.php\/wp-json\/wp\/v2\/comments?post=45"}],"version-history":[{"count":78,"href":"https:\/\/lasottevillaise.com\/index.php\/wp-json\/wp\/v2\/pages\/45\/revisions"}],"predecessor-version":[{"id":3696,"href":"https:\/\/lasottevillaise.com\/index.php\/wp-json\/wp\/v2\/pages\/45\/revisions\/3696"}],"wp:attachment":[{"href":"https:\/\/lasottevillaise.com\/index.php\/wp-json\/wp\/v2\/media?parent=45"}],"curies":[{"name":"wp","href":"https:\/\/api.w.org\/{rel}","templated":true}]}}