{"id":488,"date":"2021-02-10T19:21:56","date_gmt":"2021-02-10T18:21:56","guid":{"rendered":"https:\/\/lasottevillaise.com\/?page_id=488"},"modified":"2023-10-13T14:38:29","modified_gmt":"2023-10-13T12:38:29","slug":"competition-masculin","status":"publish","type":"page","link":"https:\/\/lasottevillaise.com\/index.php\/competition-masculin\/","title":{"rendered":"Secteur comp\u00e9tition : Masculin"},"content":{"rendered":"\n<p class=\"has-medium-font-size\">\u26a0<span class=\"tadv-color\" style=\"color:#ff0004\"><strong>Attention\u26a0 : <\/strong><\/span><strong>Pour les nouveaux arrivants<\/strong> l&#8217;acc\u00e8s \u00e0 la comp\u00e9tition se fait uniquement avec l&#8217;accord de l&#8217;entraineur. Les nouveaux gymnastes doivent donc d&#8217;abord s&#8217;inscrire dans la cat\u00e9gorie &#8220;Loisir&#8221;. En revanche, si l&#8217;entraineur estime que l&#8217;envie et le niveau sont suffisants pour pouvoir acc\u00e9der \u00e0 la comp\u00e9tition un changement vers un groupe comp\u00e9titif sera possible en cours d&#8217;ann\u00e9e.<\/p>\n\n\n\n<div style=\"height:70px\" aria-hidden=\"true\" class=\"wp-block-spacer\"><\/div>\n\n\n\n<div class=\"wp-block-buttons is-layout-flex wp-block-buttons-is-layout-flex\">\n<div class=\"wp-block-button is-style-outline\"><a class=\"wp-block-button__link has-text-color wp-element-button\" style=\"border-radius:50px;color:#ff0000\"><strong><span class=\"tadv-color\" style=\"color:#000000\">GAM 7-9 ans<\/span><\/strong><\/a><\/div>\n\n\n<\/div>\n\n\n\n<figure class=\"wp-block-table is-style-stripes has-medium-font-size\"><table><thead><tr><th class=\"has-text-align-center\" data-align=\"center\">Jours<\/th><th class=\"has-text-align-center\" data-align=\"center\">Horaires<\/th><th class=\"has-text-align-center\" data-align=\"center\">Encadrant<\/th><\/tr><\/thead><tbody><tr><td class=\"has-text-align-center\" data-align=\"center\"><strong><span class=\"tadv-color\" style=\"color:#ff0004\">LUNDI<\/span><\/strong><\/td><td class=\"has-text-align-center\" data-align=\"center\"><strong>18h00 \u00e0 19h30<\/strong><\/td><td class=\"has-text-align-center\" data-align=\"center\"><strong>Arnaud \/ Danny<\/strong><\/td><\/tr><tr><td class=\"has-text-align-center\" data-align=\"center\"><strong><span style=\"color:#ff0004\" class=\"tadv-color\">MERCREDI<\/span><\/strong><\/td><td class=\"has-text-align-center\" data-align=\"center\"><strong>10h00 \u00e0 12h00<\/strong><\/td><td class=\"has-text-align-center\" data-align=\"center\"><strong>Danny<\/strong><\/td><\/tr><tr><td class=\"has-text-align-center\" data-align=\"center\"><strong><span class=\"tadv-color\" style=\"color:#ff0004\">VENDREDI<\/span><\/strong><\/td><td class=\"has-text-align-center\" data-align=\"center\"><strong>18h00 \u00e0 19h30<\/strong><\/td><td class=\"has-text-align-center\" data-align=\"center\"><strong>Arnaud \/ Danny<\/strong><\/td><\/tr><\/tbody><\/table><\/figure>\n\n\n\n<div style=\"height:70px\" aria-hidden=\"true\" class=\"wp-block-spacer\"><\/div>\n\n\n\n<div class=\"wp-block-buttons is-layout-flex wp-block-buttons-is-layout-flex\">\n<div class=\"wp-block-button is-style-outline\"><a class=\"wp-block-button__link has-text-color wp-element-button\" style=\"border-radius:50px;color:#ff0000\"><strong><span class=\"tadv-color\" style=\"color:#000000\">GAM 10-13 ans<\/span><\/strong><\/a><\/div>\n\n\n<\/div>\n\n\n\n<figure class=\"wp-block-table is-style-stripes has-medium-font-size\"><table><thead><tr><th class=\"has-text-align-center\" data-align=\"center\">Jours<\/th><th class=\"has-text-align-center\" data-align=\"center\">Horaires<\/th><th class=\"has-text-align-center\" data-align=\"center\">Encadrant<\/th><\/tr><\/thead><tbody><tr><td class=\"has-text-align-center\" data-align=\"center\"><strong><span class=\"tadv-color\" style=\"color:#ff0004\">MARDI<\/span><\/strong><\/td><td class=\"has-text-align-center\" data-align=\"center\"><strong>18h00 \u00e0 20h00<\/strong><\/td><td class=\"has-text-align-center\" data-align=\"center\"><strong>Arnaud<\/strong><\/td><\/tr><tr><td class=\"has-text-align-center\" data-align=\"center\"><strong><span class=\"tadv-color\" style=\"color:#ff0004\">MERCREDI<\/span><\/strong><\/td><td class=\"has-text-align-center\" data-align=\"center\"><strong>10h00 \u00e0 12h00<\/strong><\/td><td class=\"has-text-align-center\" data-align=\"center\"><strong>Arnaud<\/strong><\/td><\/tr><tr><td class=\"has-text-align-center\" data-align=\"center\"><strong><span class=\"tadv-color\" style=\"color:#ff0004\">JEUDI<\/span><\/strong><\/td><td class=\"has-text-align-center\" data-align=\"center\"><strong>18h00 \u00e0 20h00<\/strong><\/td><td class=\"has-text-align-center\" data-align=\"center\"><strong>Arnaud<\/strong><\/td><\/tr><\/tbody><\/table><\/figure>\n\n\n\n<div style=\"height:70px\" aria-hidden=\"true\" class=\"wp-block-spacer\"><\/div>\n\n\n\n<div class=\"wp-block-buttons is-layout-flex wp-block-buttons-is-layout-flex\">\n<div class=\"wp-block-button is-style-outline\"><a class=\"wp-block-button__link has-text-color wp-element-button\" style=\"border-radius:50px;color:#ff0000\"><strong><span class=\"tadv-color\" style=\"color:#000000\">GAM 14 ans et +<\/span><\/strong><\/a><\/div>\n\n\n<\/div>\n\n\n\n<figure class=\"wp-block-table is-style-stripes has-medium-font-size\"><table><thead><tr><th class=\"has-text-align-center\" data-align=\"center\">Jours<\/th><th class=\"has-text-align-center\" data-align=\"center\">Horaires<\/th><th class=\"has-text-align-center\" data-align=\"center\">Encadrant<\/th><\/tr><\/thead><tbody><tr><td class=\"has-text-align-center\" data-align=\"center\"><strong><span class=\"tadv-color\" style=\"color:#ff0004\">LUNDI<\/span><\/strong><\/td><td class=\"has-text-align-center\" data-align=\"center\"><strong>18h00 \u00e0 19h30<\/strong><\/td><td class=\"has-text-align-center\" data-align=\"center\"><strong>Danny<\/strong><\/td><\/tr><tr><td class=\"has-text-align-center\" data-align=\"center\"><strong><span class=\"tadv-color\" style=\"color:#ff0004\">MARDI<\/span><\/strong><\/td><td class=\"has-text-align-center\" data-align=\"center\"><strong>18h00 \u00e0 20h00<\/strong><\/td><td class=\"has-text-align-center\" data-align=\"center\"><strong>Danny<\/strong><\/td><\/tr><tr><td class=\"has-text-align-center\" data-align=\"center\"><strong><span class=\"tadv-color\" style=\"color:#ff0004\">JEUDI<\/span><\/strong><\/td><td class=\"has-text-align-center\" data-align=\"center\"><strong>18h00 \u00e0 20h00<\/strong><\/td><td class=\"has-text-align-center\" data-align=\"center\"><strong>Danny<\/strong><\/td><\/tr><tr><td class=\"has-text-align-center\" data-align=\"center\"><strong><span class=\"tadv-color\" style=\"color:#ff0004\">VENDREDI<\/span><\/strong><\/td><td class=\"has-text-align-center\" data-align=\"center\"><strong>18h00 \u00e0 19h30<\/strong><\/td><td class=\"has-text-align-center\" data-align=\"center\"><strong>Danny<\/strong><\/td><\/tr><\/tbody><\/table><\/figure>\n\n\n\n<div style=\"height:70px\" aria-hidden=\"true\" class=\"wp-block-spacer\"><\/div>\n\n\n\n<div class=\"wp-block-buttons is-layout-flex wp-block-buttons-is-layout-flex\">\n<div class=\"wp-block-button is-style-outline\"><a class=\"wp-block-button__link has-text-color has-text-align-center wp-element-button\" style=\"border-radius:50px;color:#ff0000\"><strong><span class=\"tadv-color\" style=\"color:#000000\">Sport \u00c9tude Primaire<\/span><\/strong><\/a><\/div>\n\n\n<\/div>\n\n\n\n<figure class=\"wp-block-table is-style-stripes has-medium-font-size\"><table><thead><tr><th class=\"has-text-align-center\" data-align=\"center\">Jours<\/th><th class=\"has-text-align-center\" data-align=\"center\">Horaires<\/th><th class=\"has-text-align-center\" data-align=\"center\">Encadrant<\/th><\/tr><\/thead><tbody><tr><td class=\"has-text-align-center\" data-align=\"center\"><strong><span class=\"tadv-color\" style=\"color:#ff0004\">LUNDI<\/span><\/strong><\/td><td class=\"has-text-align-center\" data-align=\"center\"><strong>14h30 \u00e0 18h00<\/strong><\/td><td class=\"has-text-align-center\" data-align=\"center\"><strong><strong>Arnaud<\/strong><\/strong><\/td><\/tr><tr><td class=\"has-text-align-center\" data-align=\"center\"><mark style=\"background-color:rgba(0, 0, 0, 0);color:#ff0000\" class=\"has-inline-color\"><strong>MARDI<\/strong><\/mark><\/td><td class=\"has-text-align-center\" data-align=\"center\"><strong>12h00 \u00e0 14h00<\/strong><\/td><td class=\"has-text-align-center\" data-align=\"center\"><strong>Arnaud<\/strong><\/td><\/tr><tr><td class=\"has-text-align-center\" data-align=\"center\"><mark style=\"background-color:rgba(0, 0, 0, 0);color:#ff0000\" class=\"has-inline-color\"><strong>MARDI<\/strong><\/mark><\/td><td class=\"has-text-align-center\" data-align=\"center\"><strong>14h30 \u00e0 18h00<\/strong><\/td><td class=\"has-text-align-center\" data-align=\"center\"><strong>Arnaud<\/strong><\/td><\/tr><tr><td class=\"has-text-align-center\" data-align=\"center\"><mark style=\"background-color:rgba(0, 0, 0, 0);color:#ff0000\" class=\"has-inline-color\"><strong>MERCREDI<\/strong><\/mark><\/td><td class=\"has-text-align-center\" data-align=\"center\"><strong>13h30 \u00e0 17h30<\/strong><\/td><td class=\"has-text-align-center\" data-align=\"center\"><strong>Arnaud<\/strong><\/td><\/tr><tr><td class=\"has-text-align-center\" data-align=\"center\"><strong><span class=\"tadv-color\" style=\"color:#ff0004\">JEUDI<\/span><\/strong><\/td><td class=\"has-text-align-center\" data-align=\"center\"><strong>15h00 \u00e0 18h00<\/strong><\/td><td class=\"has-text-align-center\" data-align=\"center\"><strong><strong>Arnaud<\/strong><\/strong><\/td><\/tr><tr><td class=\"has-text-align-center\" data-align=\"center\"><strong><mark style=\"background-color:rgba(0, 0, 0, 0);color:#ff0000\" class=\"has-inline-color\">VENDREDI<\/mark><\/strong><\/td><td class=\"has-text-align-center\" data-align=\"center\"><strong>11h00 \u00e0 13h00<\/strong><\/td><td class=\"has-text-align-center\" data-align=\"center\"><strong><strong>Arnaud<\/strong><\/strong><\/td><\/tr><tr><td class=\"has-text-align-center\" data-align=\"center\"><strong><mark style=\"background-color:rgba(0, 0, 0, 0);color:#ff0000\" class=\"has-inline-color\">VENDREDI<\/mark><\/strong><\/td><td class=\"has-text-align-center\" data-align=\"center\"><strong>14h30 \u00e0 18h00<\/strong><\/td><td class=\"has-text-align-center\" data-align=\"center\"><strong><strong>Arnaud<\/strong><\/strong><\/td><\/tr><tr><td class=\"has-text-align-center\" data-align=\"center\"><mark style=\"background-color:rgba(0, 0, 0, 0);color:#ff0000\" class=\"has-inline-color\"><strong>SAMEDI<\/strong><\/mark><\/td><td class=\"has-text-align-center\" data-align=\"center\"><strong>10h00 \u00e0 12h00<\/strong><\/td><td class=\"has-text-align-center\" data-align=\"center\"><strong><strong>Arnaud<\/strong><\/strong><\/td><\/tr><\/tbody><\/table><\/figure>\n\n\n\n<div style=\"height:70px\" aria-hidden=\"true\" class=\"wp-block-spacer\"><\/div>\n\n\n\n<div class=\"wp-block-buttons is-layout-flex wp-block-buttons-is-layout-flex\">\n<div class=\"wp-block-button is-style-outline\"><a class=\"wp-block-button__link has-text-color wp-element-button\" style=\"border-radius:50px;color:#ff0000\"><strong><span class=\"tadv-color\" style=\"color:#000000\">Sport \u00c9tude Coll\u00e8ge<\/span><\/strong><\/a><\/div>\n\n\n<\/div>\n\n\n\n<figure class=\"wp-block-table is-style-stripes has-medium-font-size\"><table><thead><tr><th class=\"has-text-align-center\" data-align=\"center\">Jours<\/th><th class=\"has-text-align-center\" data-align=\"center\">Horaires<\/th><th class=\"has-text-align-center\" data-align=\"center\">Encadrant<\/th><\/tr><\/thead><tbody><tr><td class=\"has-text-align-center\" data-align=\"center\"><strong><span class=\"tadv-color\" style=\"color:#ff0004\">LUNDI<\/span><\/strong><\/td><td class=\"has-text-align-center\" data-align=\"center\"><strong>12h00 \u00e0 13h00<\/strong><\/td><td class=\"has-text-align-center\" data-align=\"center\"><strong>Arnaud<\/strong><\/td><\/tr><tr><td class=\"has-text-align-center\" data-align=\"center\"><mark style=\"background-color:rgba(0, 0, 0, 0);color:#ff0000\" class=\"has-inline-color\"><strong>LUNDI<\/strong><\/mark><\/td><td class=\"has-text-align-center\" data-align=\"center\"><strong>14h30 \u00e0 18h00<\/strong><\/td><td class=\"has-text-align-center\" data-align=\"center\"><strong>Arnaud<\/strong><\/td><\/tr><tr><td class=\"has-text-align-center\" data-align=\"center\"><strong><mark style=\"background-color:rgba(0, 0, 0, 0);color:#ff0000\" class=\"has-inline-color\">MARDI<\/mark><\/strong><\/td><td class=\"has-text-align-center\" data-align=\"center\"><strong>14h30 \u00e0 18h00<\/strong><\/td><td class=\"has-text-align-center\" data-align=\"center\"><strong>Arnaud<\/strong><\/td><\/tr><tr><td class=\"has-text-align-center\" data-align=\"center\"><mark style=\"background-color:rgba(0, 0, 0, 0);color:#ff0000\" class=\"has-inline-color\"><strong>MERCREDI<\/strong><\/mark><\/td><td class=\"has-text-align-center\" data-align=\"center\"><strong>13h30 \u00e0 17h30<\/strong><\/td><td class=\"has-text-align-center\" data-align=\"center\"><strong>Arnaud<\/strong><\/td><\/tr><tr><td class=\"has-text-align-center\" data-align=\"center\"><strong><mark style=\"background-color:rgba(0, 0, 0, 0);color:#ff0000\" class=\"has-inline-color\">JEUDI<\/mark><\/strong><\/td><td class=\"has-text-align-center\" data-align=\"center\"><strong>11h00 \u00e0 12h00<\/strong><\/td><td class=\"has-text-align-center\" data-align=\"center\"><strong>Arnaud<\/strong><\/td><\/tr><tr><td class=\"has-text-align-center\" data-align=\"center\"><strong><mark style=\"background-color:rgba(0, 0, 0, 0);color:#ff0000\" class=\"has-inline-color\">JEUDI<\/mark><\/strong><\/td><td class=\"has-text-align-center\" data-align=\"center\"><strong>15h00 \u00e0 18h00<\/strong><\/td><td class=\"has-text-align-center\" data-align=\"center\"><strong>Arnaud<\/strong><\/td><\/tr><tr><td class=\"has-text-align-center\" data-align=\"center\"><strong><mark style=\"background-color:rgba(0, 0, 0, 0);color:#ff0000\" class=\"has-inline-color\">VENDREDI<\/mark><\/strong><\/td><td class=\"has-text-align-center\" data-align=\"center\"><strong>10h30 \u00e0 12h30<\/strong><\/td><td class=\"has-text-align-center\" data-align=\"center\"><strong>Danny<\/strong><\/td><\/tr><tr><td class=\"has-text-align-center\" data-align=\"center\"><strong><span class=\"tadv-color\" style=\"color:#ff0004\">VENDREDI<\/span><\/strong><\/td><td class=\"has-text-align-center\" data-align=\"center\"><strong>14h30 \u00e0 18h00<\/strong><\/td><td class=\"has-text-align-center\" data-align=\"center\"><strong>Arnaud<\/strong><\/td><\/tr><tr><td class=\"has-text-align-center\" data-align=\"center\"><strong><span class=\"tadv-color\" style=\"color:#ff0004\">SAMEDI<\/span><\/strong><\/td><td class=\"has-text-align-center\" data-align=\"center\"><strong>10h00 \u00e0 12h00<\/strong><\/td><td class=\"has-text-align-center\" data-align=\"center\"><strong>Arnaud<\/strong><\/td><\/tr><\/tbody><\/table><\/figure>\n\n\n\n<div style=\"height:70px\" aria-hidden=\"true\" class=\"wp-block-spacer\"><\/div>\n\n\n\n<div class=\"wp-block-buttons is-layout-flex wp-block-buttons-is-layout-flex\">\n<div class=\"wp-block-button is-style-outline\"><a class=\"wp-block-button__link has-text-color wp-element-button\" style=\"color:#ff0004\"><strong><span class=\"tadv-color\" style=\"color:#000000\">Sport \u00c9tude Lyc\u00e9e + TOP 12<\/span><\/strong><\/a><\/div>\n<\/div>\n\n\n\n<figure class=\"wp-block-table is-style-stripes has-medium-font-size\"><table><thead><tr><th class=\"has-text-align-center\" data-align=\"center\">Jours<\/th><th class=\"has-text-align-center\" data-align=\"center\">Horaires<\/th><th class=\"has-text-align-center\" data-align=\"center\">Encadrant<\/th><\/tr><\/thead><tbody><tr><td class=\"has-text-align-center\" data-align=\"center\"><strong><span class=\"tadv-color\" style=\"color:#ff0004\">LUNDI<\/span><\/strong><\/td><td class=\"has-text-align-center\" data-align=\"center\"><strong>10h30 \u00e0 12h30<\/strong><\/td><td class=\"has-text-align-center\" data-align=\"center\"><strong>Danny<\/strong><\/td><\/tr><tr><td class=\"has-text-align-center\" data-align=\"center\"><strong><span style=\"color:#ff0004\" class=\"tadv-color\">LUNDI<\/span><\/strong><\/td><td class=\"has-text-align-center\" data-align=\"center\"><strong>14h30 \u00e0 18h30<\/strong><\/td><td class=\"has-text-align-center\" data-align=\"center\"><strong>Danny<\/strong><\/td><\/tr><tr><td class=\"has-text-align-center\" data-align=\"center\"><strong><span style=\"color:#ff0004\" class=\"tadv-color\">MARDI<\/span><\/strong><\/td><td class=\"has-text-align-center\" data-align=\"center\"><strong>10h30 \u00e0 12h30<\/strong><\/td><td class=\"has-text-align-center\" data-align=\"center\"><strong>Danny<\/strong><\/td><\/tr><tr><td class=\"has-text-align-center\" data-align=\"center\"><strong><span style=\"color:#ff0004\" class=\"tadv-color\">MARDI<\/span><\/strong><\/td><td class=\"has-text-align-center\" data-align=\"center\"><strong>14h30 \u00e0 18h30<\/strong><\/td><td class=\"has-text-align-center\" data-align=\"center\"><strong>Danny<\/strong><\/td><\/tr><tr><td class=\"has-text-align-center\" data-align=\"center\"><strong><span style=\"color:#ff0004\" class=\"tadv-color\">MERCREDI<\/span><\/strong><\/td><td class=\"has-text-align-center\" data-align=\"center\"><strong>13h30 \u00e0 17h30<\/strong><\/td><td class=\"has-text-align-center\" data-align=\"center\"><strong>Danny<\/strong><\/td><\/tr><tr><td class=\"has-text-align-center\" data-align=\"center\"><strong><span style=\"color:#ff0004\" class=\"tadv-color\">JEUDI<\/span><\/strong><\/td><td class=\"has-text-align-center\" data-align=\"center\"><strong>10h30 \u00e0 13h00<\/strong><\/td><td class=\"has-text-align-center\" data-align=\"center\"><strong>Danny<\/strong><\/td><\/tr><tr><td class=\"has-text-align-center\" data-align=\"center\"><strong><span style=\"color:#ff0004\" class=\"tadv-color\">JEUDI<\/span><\/strong><\/td><td class=\"has-text-align-center\" data-align=\"center\"><strong>15h00 \u00e0 18h30<\/strong><\/td><td class=\"has-text-align-center\" data-align=\"center\"><strong>Danny<\/strong> <\/td><\/tr><tr><td class=\"has-text-align-center\" data-align=\"center\"><strong><span class=\"tadv-color\" style=\"color:#ff0004\">VENDREDI<\/span><\/strong><\/td><td class=\"has-text-align-center\" data-align=\"center\"><strong>10h30 \u00e0 12h30<\/strong><\/td><td class=\"has-text-align-center\" data-align=\"center\"> <strong>Danny<\/strong>  <\/td><\/tr><tr><td class=\"has-text-align-center\" data-align=\"center\"><strong><span style=\"color:#ff0004\" class=\"tadv-color\">VENDREDI<\/span><\/strong><\/td><td class=\"has-text-align-center\" data-align=\"center\"><strong>14h30 \u00e0 18h30<\/strong><\/td><td class=\"has-text-align-center\" data-align=\"center\"> <strong>Danny<\/strong><\/td><\/tr><tr><td class=\"has-text-align-center\" data-align=\"center\"><strong><span style=\"color:#ff0004\" class=\"tadv-color\">SAMEDI<\/span><\/strong><\/td><td class=\"has-text-align-center\" data-align=\"center\"><strong>10h00 \u00e0 12h00<\/strong><\/td><td class=\"has-text-align-center\" data-align=\"center\"> <strong>Danny<\/strong><\/td><\/tr><\/tbody><\/table><\/figure>\n\n\n\n<p><\/p>\n","protected":false},"excerpt":{"rendered":"<p>\u26a0Attention\u26a0 : Pour les nouveaux arrivants l&#8217;acc\u00e8s \u00e0 la comp\u00e9tition se fait uniquement avec l&#8217;accord de l&#8217;entraineur. Les nouveaux gymnastes doivent donc d&#8217;abord s&#8217;inscrire dans la cat\u00e9gorie &#8220;Loisir&#8221;. En revanche, si l&#8217;entraineur estime que l&#8217;envie et le niveau sont suffisants pour pouvoir acc\u00e9der \u00e0 la comp\u00e9tition un changement vers un groupe comp\u00e9titif sera possible en cours d&#8217;ann\u00e9e. Jours Horaires Encadrant LUNDI 18h00 \u00e0 19h30 Arnaud \/ Danny MERCREDI 10h00 \u00e0 12h00 Danny VENDREDI 18h00 \u00e0 19h30 Arnaud \/ Danny Jours Horaires Encadrant MARDI 18h00 \u00e0 20h00 Arnaud MERCREDI 10h00 \u00e0 12h00 Arnaud JEUDI 18h00 \u00e0 20h00 Arnaud Jours Horaires Encadrant LUNDI 18h00 \u00e0 19h30 Danny MARDI 18h00 \u00e0 20h00 Danny JEUDI 18h00 \u00e0 20h00 Danny VENDREDI 18h00 \u00e0 19h30 Danny Jours Horaires Encadrant LUNDI 14h30 \u00e0 18h00 Arnaud MARDI 12h00 \u00e0 14h00 Arnaud MARDI 14h30 \u00e0 18h00 Arnaud MERCREDI 13h30 \u00e0 17h30 Arnaud JEUDI 15h00 \u00e0 18h00 Arnaud VENDREDI 11h00 \u00e0 13h00 Arnaud VENDREDI 14h30 \u00e0 18h00 Arnaud SAMEDI 10h00 \u00e0 12h00 Arnaud Jours Horaires Encadrant LUNDI 12h00 \u00e0 13h00 Arnaud LUNDI 14h30 \u00e0 18h00 Arnaud MARDI 14h30 \u00e0 18h00 Arnaud MERCREDI 13h30 \u00e0 17h30 Arnaud JEUDI 11h00 \u00e0 12h00 Arnaud JEUDI 15h00 \u00e0 18h00 Arnaud VENDREDI 10h30 \u00e0 12h30 Danny VENDREDI 14h30 \u00e0 18h00 Arnaud SAMEDI 10h00 \u00e0 12h00 Arnaud Jours Horaires Encadrant LUNDI 10h30 \u00e0 12h30 Danny LUNDI 14h30 \u00e0 18h30 Danny MARDI 10h30 \u00e0 12h30 Danny MARDI 14h30 \u00e0 18h30 Danny MERCREDI 13h30 \u00e0 17h30 Danny JEUDI 10h30 \u00e0 13h00 Danny JEUDI 15h00 \u00e0 18h30 Danny VENDREDI 10h30 \u00e0 12h30 Danny VENDREDI 14h30 \u00e0 18h30 Danny SAMEDI 10h00 \u00e0 12h00 Danny<\/p>\n","protected":false},"author":1,"featured_media":0,"parent":0,"menu_order":0,"comment_status":"closed","ping_status":"closed","template":"","meta":{"footnotes":""},"jetpack_sharing_enabled":true,"acf":[],"_links":{"self":[{"href":"https:\/\/lasottevillaise.com\/index.php\/wp-json\/wp\/v2\/pages\/488"}],"collection":[{"href":"https:\/\/lasottevillaise.com\/index.php\/wp-json\/wp\/v2\/pages"}],"about":[{"href":"https:\/\/lasottevillaise.com\/index.php\/wp-json\/wp\/v2\/types\/page"}],"author":[{"embeddable":true,"href":"https:\/\/lasottevillaise.com\/index.php\/wp-json\/wp\/v2\/users\/1"}],"replies":[{"embeddable":true,"href":"https:\/\/lasottevillaise.com\/index.php\/wp-json\/wp\/v2\/comments?post=488"}],"version-history":[{"count":21,"href":"https:\/\/lasottevillaise.com\/index.php\/wp-json\/wp\/v2\/pages\/488\/revisions"}],"predecessor-version":[{"id":3105,"href":"https:\/\/lasottevillaise.com\/index.php\/wp-json\/wp\/v2\/pages\/488\/revisions\/3105"}],"wp:attachment":[{"href":"https:\/\/lasottevillaise.com\/index.php\/wp-json\/wp\/v2\/media?parent=488"}],"curies":[{"name":"wp","href":"https:\/\/api.w.org\/{rel}","templated":true}]}}