{"id":49,"date":"2021-01-20T12:32:27","date_gmt":"2021-01-20T11:32:27","guid":{"rendered":"https:\/\/lasottevillaise.com\/?page_id=49"},"modified":"2024-03-18T17:59:25","modified_gmt":"2024-03-18T16:59:25","slug":"contacts","status":"publish","type":"page","link":"https:\/\/lasottevillaise.com\/index.php\/contacts\/","title":{"rendered":"Pr\u00e9sentation du club"},"content":{"rendered":"\t\t<div data-elementor-type=\"wp-page\" data-elementor-id=\"49\" class=\"elementor elementor-49\">\n\t\t\t\t\t\t<section class=\"elementor-section elementor-top-section elementor-element elementor-element-5beb276d elementor-section-boxed elementor-section-height-default elementor-section-height-default wpr-particle-no wpr-jarallax-no wpr-parallax-no wpr-sticky-section-no\" data-id=\"5beb276d\" data-element_type=\"section\">\n\t\t\t\t\t\t<div class=\"elementor-container elementor-column-gap-default\">\n\t\t\t\t\t<div class=\"elementor-column elementor-col-100 elementor-top-column elementor-element elementor-element-17801fc1\" data-id=\"17801fc1\" data-element_type=\"column\">\n\t\t\t<div class=\"elementor-widget-wrap elementor-element-populated\">\n\t\t\t\t\t\t<div class=\"elementor-element elementor-element-bcf7031 elementor-widget elementor-widget-spacer\" data-id=\"bcf7031\" data-element_type=\"widget\" data-widget_type=\"spacer.default\">\n\t\t\t\t<div class=\"elementor-widget-container\">\n\t\t\t\t\t\t\t<div class=\"elementor-spacer\">\n\t\t\t<div class=\"elementor-spacer-inner\"><\/div>\n\t\t<\/div>\n\t\t\t\t\t\t<\/div>\n\t\t\t\t<\/div>\n\t\t\t\t<div class=\"elementor-element elementor-element-7507e340 elementor-widget elementor-widget-text-editor\" data-id=\"7507e340\" data-element_type=\"widget\" data-widget_type=\"text-editor.default\">\n\t\t\t\t<div class=\"elementor-widget-container\">\n\t\t\t\t\t\t\t\t\t\n<p class=\"has-black-color has-text-color has-medium-font-size\">\u00a0\u00a0\u00a0\u00a0\u00a0\u00a0\u00a0\u00a0\u00a0\u00a0\u00a0\u00a0\u00a0\u00a0\u00a0\u00a0\u00a0\u00a0\u00a0\u00a0\u00a0\u00a0\u00a0<span style=\"font-family: georgia, palatino, serif; font-size: 12pt;\"><strong> Cr\u00e9\u00e9e en <span class=\"tadv-color\" style=\"color: #ff0004;\">1884<\/span><\/strong>, <span style=\"color: #000000;\">La Sottevillaise est une association r\u00e9gie par la loi 1901 qui est sp\u00e9cialis\u00e9e dans l\u2019enseignement et la pratique de la gymnastique. C\u2019est un des clubs phares de la r\u00e9gion Normandie. Son \u00e9quipe premi\u00e8re masculine \u00e9volue dans le championnat TOP 12 qui regroupe les <strong>12 meilleures \u00e9quipes fran\u00e7aises<\/strong>. Plusieurs gymnastes du club sont internationaux.<\/span><\/span><\/p>\n<p><span style=\"font-family: georgia, palatino, serif; font-size: 12pt;\"><\/span><\/p>\n<div class=\"wp-block-spacer\" style=\"height: 30px;\" aria-hidden=\"true\">\u00a0<\/div>\n<p><span style=\"font-family: georgia, palatino, serif; font-size: 12pt;\"><\/span><\/p>\n<p class=\"has-black-color has-text-color has-medium-font-size\"><span style=\"font-family: georgia, palatino, serif; font-size: 12pt;\">\u00a0 \u00a0 \u00a0 \u00a0 \u00a0 \u00a0 \u00a0 \u00a0 \u00a0 \u00a0 \u00a0 \u00a0 Le fonctionnement du club est d\u00e9fini par ses statuts et un r\u00e8glement int\u00e9rieur. Le club est dirig\u00e9 par un conseil d\u2019administration qui nomme le bureau directeur et est anim\u00e9 par 12 salari\u00e9s et de nombreux b\u00e9n\u00e9voles. Il compte <strong>plus de 1200 licenci\u00e9s <\/strong>\u00e0 la F\u00e9d\u00e9ration Fran\u00e7aise de Gymnastique se r\u00e9partissant dans les diff\u00e9rentes activit\u00e9s encadr\u00e9es par des <strong><span class=\"tadv-color\" style=\"color: #ff0004;\">entra\u00eeneurs dipl\u00f4m\u00e9s<\/span><\/strong>. La Sottevillaise est labellis\u00e9e comme <strong>club formateur <\/strong>masculin, f\u00e9minin et centre d\u2019entrainement TOP 12.<\/span><\/p>\n<p><span style=\"font-family: georgia, palatino, serif; font-size: 12pt;\"><\/span><\/p>\n<div class=\"wp-block-spacer\" style=\"height: 30px;\" aria-hidden=\"true\">\u00a0<\/div>\n<p><span style=\"font-family: georgia, palatino, serif; font-size: 12pt;\"><\/span><\/p>\n<p class=\"has-black-color has-text-color has-medium-font-size\"><span style=\"font-family: georgia, palatino, serif; font-size: 12pt;\">\u00a0\u00a0\u00a0\u00a0\u00a0\u00a0\u00a0\u00a0\u00a0\u00a0\u00a0 \u00a0\u00a0\u00a0\u00a0\u00a0\u00a0\u00a0\u00a0\u00a0\u00a0\u00a0 La <strong><mark class=\"has-inline-color\" style=\"background-color: rgba(0, 0, 0, 0); color: #ff0000;\">gymnastique artistique<\/mark><\/strong> propos\u00e9e en loisir et en comp\u00e9tition aux gar\u00e7ons et filles est l\u2019activit\u00e9 principale de La Sottevillaise mais celle-ci propose \u00e9galement des cours de gymnastique pour les plus jeunes enfants avec l\u2019activit\u00e9 <strong><span class=\"tadv-color\" style=\"color: #ff0004;\">Baby Gym<\/span><\/strong>, pour les adultes avec le<span class=\"tadv-color\" style=\"color: #ff0004;\"> <strong>Fitness<\/strong><\/span>, la <strong><span class=\"tadv-color\" style=\"color: #ff0004;\">Gym adultes<\/span><\/strong> et la <strong><span class=\"tadv-color\" style=\"color: #ff0004;\">Gym Sant\u00e9<\/span><\/strong>, pour les ados avec le <strong><span class=\"tadv-color\" style=\"color: #ff0004;\">Parkour<\/span><\/strong> et pour les personnes en situation de handicap avec l\u2019<strong><span class=\"tadv-color\" style=\"color: #ff0004;\">Handi Gym<\/span><\/strong>. Rendez-vous dans l\u2019onglet <strong>\u00ab\u00a0activit\u00e9s\u00a0\u00bb<\/strong> o\u00f9 vous retrouverez des vid\u00e9os illustrant ces diff\u00e9rentes activit\u00e9s.\u00a0\u00a0\u00a0\u00a0\u00a0\u00a0\u00a0\u00a0\u00a0\u00a0\u00a0\u00a0\u00a0\u00a0\u00a0\u00a0\u00a0\u00a0\u00a0\u00a0\u00a0\u00a0<\/span><\/p>\n<p><span style=\"font-family: georgia, palatino, serif; font-size: 12pt;\"><\/span><\/p>\n<div class=\"wp-block-spacer\" style=\"height: 30px;\" aria-hidden=\"true\">\u00a0<\/div>\n<p><span style=\"font-family: georgia, palatino, serif; font-size: 12pt;\"><\/span><\/p>\n<p class=\"has-black-color has-text-color has-medium-font-size\"><span style=\"font-family: georgia, palatino, serif; font-size: 12pt;\">\u00a0\u00a0\u00a0\u00a0\u00a0\u00a0\u00a0\u00a0\u00a0\u00a0\u00a0\u00a0\u00a0\u00a0\u00a0\u00a0\u00a0\u00a0\u00a0\u00a0\u00a0\u00a0\u00a0 La Sottevillaise accueille donc tous ceux qui souhaitent pratiquer une activit\u00e9 gymnique quel que soit l\u2019\u00e2ge et le niveau dans le magnifique <strong>gymnase municipa<\/strong><mark class=\"has-inline-color has-black-color\" style=\"background-color: rgba(0, 0, 0, 0);\"><strong>l<\/strong> <\/mark><strong><mark class=\"has-inline-color has-black-color\" style=\"background-color: rgba(0, 0, 0, 0);\">Jean-Claude Bauer<\/mark> <\/strong>d\u2019une surface de 3450 m\u00b2. Il est compos\u00e9 d\u2019une salle d\u2019entrainement de 1250 m\u00b2, d\u2019une salle baby gym de 150 m\u00b2, d\u2019une salle fitness de 150 m\u00b2 ainsi que de nombreux vestiaires, d\u2019un secr\u00e9tariat, d\u2019une salle de r\u00e9union, d\u2019un espace musculation et d\u2019un espace buvette.\u00a0<\/span><\/p>\n<p>\u00a0<\/p>\n<p><span style=\"font-family: georgia, palatino, serif; font-size: 12pt; color: #000000;\">\u00a0 \u00a0 \u00a0 \u00a0 \u00a0 \u00a0 \u00a0 \u00a0 \u00a0 \u00a0 \u00a0 \u00a0 Nous esp\u00e9rons vous compter prochainement parmi nos adh\u00e9rents<\/span><\/p>\n<p>\u00a0<\/p>\n<p><span style=\"font-family: georgia, palatino, serif; font-size: 12pt;\"><\/span><\/p>\n<p><span style=\"font-family: georgia, palatino, serif; font-size: 12pt;\"><\/span><\/p>\n<p class=\"has-text-align-center\" style=\"font-size: 21px;\"><span style=\"font-family: georgia, palatino, serif; font-size: 12pt;\"><strong><span class=\"tadv-color\" style=\"color: #000000;\">T\u00e9l\u00e9phone <\/span><em><span class=\"tadv-color\" style=\"color: #000000;\">:<\/span><\/em> <span class=\"tadv-color\" style=\"color: #ff0004;\">02 35 72 05 03<\/span><\/strong><\/span><\/p>\n<p><span style=\"font-family: georgia, palatino, serif; font-size: 12pt;\"><\/span><\/p>\n<p class=\"has-text-align-center has-text-color has-medium-font-size\" style=\"color: #ff0004;\"><span style=\"font-family: georgia, palatino, serif; font-size: 12pt;\"><span class=\"tadv-color\" style=\"color: #000000;\"> <strong>Adresse :<\/strong><\/span> <strong>38 Rue Gaston Contremoulins<\/strong> <strong>76300 Sotteville-L\u00e8s-Rouen<\/strong><\/span><\/p>\n<p><span style=\"font-family: georgia, palatino, serif; font-size: 12pt;\"><\/span><\/p>\n<p class=\"has-text-align-center has-black-color has-text-color has-medium-font-size\"><span style=\"font-family: georgia, palatino, serif; font-size: 12pt;\"><strong>Mail <em>:<\/em><span class=\"tadv-color\" style=\"color: #ff0004;\"> <a href=\"mailto:lasottevillaise@gmail.com\u00a0\u00a0\u00a0\u00a0\u00a0\u00a0\u00a0\u00a0\u00a0\u00a0\u00a0\u00a0\u00a0\u00a0\u00a0\u00a0\u00a0\u00a0\u00a0\u00a0\">lasottevillaise@gmail.com<\/a><\/span><\/strong><\/span><\/p>\n\t\t\t\t\t\t\t\t<\/div>\n\t\t\t\t<\/div>\n\t\t\t\t\t<\/div>\n\t\t<\/div>\n\t\t\t\t\t<\/div>\n\t\t<\/section>\n\t\t\t\t<section class=\"elementor-section elementor-top-section elementor-element elementor-element-ba18133 elementor-section-boxed elementor-section-height-default elementor-section-height-default wpr-particle-no wpr-jarallax-no wpr-parallax-no wpr-sticky-section-no\" data-id=\"ba18133\" data-element_type=\"section\">\n\t\t\t\t\t\t<div class=\"elementor-container elementor-column-gap-default\">\n\t\t\t\t\t<div class=\"elementor-column elementor-col-100 elementor-top-column elementor-element elementor-element-7961a10\" data-id=\"7961a10\" data-element_type=\"column\">\n\t\t\t<div class=\"elementor-widget-wrap elementor-element-populated\">\n\t\t\t\t\t\t<div class=\"elementor-element elementor-element-d4f95b4 elementor-widget elementor-widget-spacer\" data-id=\"d4f95b4\" data-element_type=\"widget\" data-widget_type=\"spacer.default\">\n\t\t\t\t<div class=\"elementor-widget-container\">\n\t\t\t\t\t\t\t<div class=\"elementor-spacer\">\n\t\t\t<div class=\"elementor-spacer-inner\"><\/div>\n\t\t<\/div>\n\t\t\t\t\t\t<\/div>\n\t\t\t\t<\/div>\n\t\t\t\t\t<\/div>\n\t\t<\/div>\n\t\t\t\t\t<\/div>\n\t\t<\/section>\n\t\t\t\t<section class=\"elementor-section elementor-top-section elementor-element elementor-element-9f683f2 elementor-section-boxed elementor-section-height-default elementor-section-height-default wpr-particle-no wpr-jarallax-no wpr-parallax-no wpr-sticky-section-no\" data-id=\"9f683f2\" data-element_type=\"section\">\n\t\t\t\t\t\t<div class=\"elementor-container elementor-column-gap-default\">\n\t\t\t\t\t<div class=\"elementor-column elementor-col-100 elementor-top-column elementor-element elementor-element-75a3a65\" data-id=\"75a3a65\" data-element_type=\"column\">\n\t\t\t<div class=\"elementor-widget-wrap elementor-element-populated\">\n\t\t\t\t\t\t<div class=\"elementor-element elementor-element-5a78348 elementor-arrows-position-inside elementor-pagination-position-outside elementor-widget elementor-widget-image-carousel\" data-id=\"5a78348\" data-element_type=\"widget\" data-settings=\"{&quot;slides_to_show&quot;:&quot;1&quot;,&quot;navigation&quot;:&quot;both&quot;,&quot;autoplay&quot;:&quot;yes&quot;,&quot;pause_on_hover&quot;:&quot;yes&quot;,&quot;pause_on_interaction&quot;:&quot;yes&quot;,&quot;autoplay_speed&quot;:5000,&quot;infinite&quot;:&quot;yes&quot;,&quot;effect&quot;:&quot;slide&quot;,&quot;speed&quot;:500}\" data-widget_type=\"image-carousel.default\">\n\t\t\t\t<div class=\"elementor-widget-container\">\n\t\t\t\t\t\t\t<div class=\"elementor-image-carousel-wrapper swiper\" role=\"region\" aria-roledescription=\"carousel\" aria-label=\"Carrousel d\u2019images\" dir=\"ltr\">\n\t\t\t<div class=\"elementor-image-carousel swiper-wrapper\" aria-live=\"off\">\n\t\t\t\t\t\t\t\t<div class=\"swiper-slide\" role=\"group\" aria-roledescription=\"slide\" aria-label=\"1 sur 5\"><figure class=\"swiper-slide-inner\"><img decoding=\"async\" class=\"swiper-slide-image\" src=\"https:\/\/i0.wp.com\/lasottevillaise.com\/wp-content\/uploads\/2023\/10\/P1030198-scaled.jpg?fit=2048%2C1151&amp;ssl=1\" alt=\"P1030198\" \/><\/figure><\/div><div class=\"swiper-slide\" role=\"group\" aria-roledescription=\"slide\" aria-label=\"2 sur 5\"><figure class=\"swiper-slide-inner\"><img decoding=\"async\" class=\"swiper-slide-image\" src=\"https:\/\/i0.wp.com\/lasottevillaise.com\/wp-content\/uploads\/2023\/10\/P1030199-scaled.jpg?fit=2048%2C1151&amp;ssl=1\" alt=\"P1030199\" \/><\/figure><\/div><div class=\"swiper-slide\" role=\"group\" aria-roledescription=\"slide\" aria-label=\"3 sur 5\"><figure class=\"swiper-slide-inner\"><img decoding=\"async\" class=\"swiper-slide-image\" src=\"https:\/\/i0.wp.com\/lasottevillaise.com\/wp-content\/uploads\/2023\/10\/P1030201-scaled.jpg?fit=2048%2C1151&amp;ssl=1\" alt=\"P1030201\" \/><\/figure><\/div><div class=\"swiper-slide\" role=\"group\" aria-roledescription=\"slide\" aria-label=\"4 sur 5\"><figure class=\"swiper-slide-inner\"><img decoding=\"async\" class=\"swiper-slide-image\" src=\"https:\/\/i0.wp.com\/lasottevillaise.com\/wp-content\/uploads\/2023\/10\/P1030202-scaled.jpg?fit=2048%2C1151&amp;ssl=1\" alt=\"P1030202\" \/><\/figure><\/div><div class=\"swiper-slide\" role=\"group\" aria-roledescription=\"slide\" aria-label=\"5 sur 5\"><figure class=\"swiper-slide-inner\"><img decoding=\"async\" class=\"swiper-slide-image\" src=\"https:\/\/i0.wp.com\/lasottevillaise.com\/wp-content\/uploads\/2023\/10\/P1030203-scaled.jpg?fit=2048%2C1151&amp;ssl=1\" alt=\"P1030203\" \/><\/figure><\/div>\t\t\t<\/div>\n\t\t\t\t\t\t\t\t\t\t\t\t<div class=\"elementor-swiper-button elementor-swiper-button-prev\" role=\"button\" tabindex=\"0\">\n\t\t\t\t\t\t<i aria-hidden=\"true\" class=\"eicon-chevron-left\"><\/i>\t\t\t\t\t<\/div>\n\t\t\t\t\t<div class=\"elementor-swiper-button elementor-swiper-button-next\" role=\"button\" tabindex=\"0\">\n\t\t\t\t\t\t<i aria-hidden=\"true\" class=\"eicon-chevron-right\"><\/i>\t\t\t\t\t<\/div>\n\t\t\t\t\n\t\t\t\t\t\t\t\t\t<div class=\"swiper-pagination\"><\/div>\n\t\t\t\t\t\t\t\t\t<\/div>\n\t\t\t\t\t\t<\/div>\n\t\t\t\t<\/div>\n\t\t\t\t\t<\/div>\n\t\t<\/div>\n\t\t\t\t\t<\/div>\n\t\t<\/section>\n\t\t\t\t<\/div>\n\t\t","protected":false},"excerpt":{"rendered":"<p>\u00a0\u00a0\u00a0\u00a0\u00a0\u00a0\u00a0\u00a0\u00a0\u00a0\u00a0\u00a0\u00a0\u00a0\u00a0\u00a0\u00a0\u00a0\u00a0\u00a0\u00a0\u00a0\u00a0 Cr\u00e9\u00e9e en 1884, La Sottevillaise est une association r\u00e9gie par la loi 1901 qui est sp\u00e9cialis\u00e9e dans l\u2019enseignement et la pratique de la gymnastique. C\u2019est un des clubs phares de la r\u00e9gion Normandie. Son \u00e9quipe premi\u00e8re masculine \u00e9volue dans le championnat TOP 12 qui regroupe les 12 meilleures \u00e9quipes fran\u00e7aises. Plusieurs gymnastes du club sont internationaux. \u00a0 \u00a0 \u00a0 \u00a0 \u00a0 \u00a0 \u00a0 \u00a0 \u00a0 \u00a0 \u00a0 \u00a0 Le fonctionnement du club est d\u00e9fini par ses statuts et un r\u00e8glement int\u00e9rieur. Le club est dirig\u00e9 par un conseil d\u2019administration qui nomme le bureau directeur et est anim\u00e9 par 12 salari\u00e9s et de nombreux b\u00e9n\u00e9voles. Il compte plus de 1200 licenci\u00e9s \u00e0 la F\u00e9d\u00e9ration Fran\u00e7aise de Gymnastique se r\u00e9partissant dans les diff\u00e9rentes activit\u00e9s encadr\u00e9es par des entra\u00eeneurs dipl\u00f4m\u00e9s. La Sottevillaise est labellis\u00e9e comme club formateur masculin, f\u00e9minin et centre d\u2019entrainement TOP 12. \u00a0\u00a0\u00a0\u00a0\u00a0\u00a0\u00a0\u00a0\u00a0\u00a0\u00a0 \u00a0\u00a0\u00a0\u00a0\u00a0\u00a0\u00a0\u00a0\u00a0\u00a0\u00a0 La gymnastique artistique propos\u00e9e en loisir et en comp\u00e9tition aux gar\u00e7ons et filles est l\u2019activit\u00e9 principale de La Sottevillaise mais celle-ci propose \u00e9galement des cours de gymnastique pour les plus jeunes enfants avec l\u2019activit\u00e9 Baby Gym, pour les adultes avec le Fitness, la Gym adultes et la Gym Sant\u00e9, pour les ados avec le Parkour et pour les personnes en situation de handicap avec l\u2019Handi Gym. Rendez-vous dans l\u2019onglet \u00ab\u00a0activit\u00e9s\u00a0\u00bb o\u00f9 vous retrouverez des vid\u00e9os illustrant ces diff\u00e9rentes activit\u00e9s.\u00a0\u00a0\u00a0\u00a0\u00a0\u00a0\u00a0\u00a0\u00a0\u00a0\u00a0\u00a0\u00a0\u00a0\u00a0\u00a0\u00a0\u00a0\u00a0\u00a0\u00a0\u00a0 \u00a0\u00a0\u00a0\u00a0\u00a0\u00a0\u00a0\u00a0\u00a0\u00a0\u00a0\u00a0\u00a0\u00a0\u00a0\u00a0\u00a0\u00a0\u00a0\u00a0\u00a0\u00a0\u00a0 La Sottevillaise accueille donc tous ceux qui souhaitent pratiquer une activit\u00e9 gymnique quel que soit l\u2019\u00e2ge et le niveau dans le magnifique gymnase municipal Jean-Claude Bauer d\u2019une surface de 3450 m\u00b2. Il est compos\u00e9 d\u2019une salle d\u2019entrainement de 1250 m\u00b2, d\u2019une salle baby gym de 150 m\u00b2, d\u2019une salle fitness de 150 m\u00b2 ainsi que de nombreux vestiaires, d\u2019un secr\u00e9tariat, d\u2019une salle de r\u00e9union, d\u2019un espace musculation et d\u2019un espace buvette.\u00a0 \u00a0 \u00a0 \u00a0 \u00a0 \u00a0 \u00a0 \u00a0 \u00a0 \u00a0 \u00a0 \u00a0 \u00a0 \u00a0 Nous esp\u00e9rons vous compter prochainement parmi nos adh\u00e9rents \u00a0 T\u00e9l\u00e9phone : 02 35 72 05 03 Adresse : 38 Rue Gaston Contremoulins 76300 Sotteville-L\u00e8s-Rouen Mail : lasottevillaise@gmail.com<\/p>\n","protected":false},"author":1,"featured_media":0,"parent":0,"menu_order":0,"comment_status":"closed","ping_status":"closed","template":"","meta":{"footnotes":""},"jetpack_sharing_enabled":true,"acf":[],"_links":{"self":[{"href":"https:\/\/lasottevillaise.com\/index.php\/wp-json\/wp\/v2\/pages\/49"}],"collection":[{"href":"https:\/\/lasottevillaise.com\/index.php\/wp-json\/wp\/v2\/pages"}],"about":[{"href":"https:\/\/lasottevillaise.com\/index.php\/wp-json\/wp\/v2\/types\/page"}],"author":[{"embeddable":true,"href":"https:\/\/lasottevillaise.com\/index.php\/wp-json\/wp\/v2\/users\/1"}],"replies":[{"embeddable":true,"href":"https:\/\/lasottevillaise.com\/index.php\/wp-json\/wp\/v2\/comments?post=49"}],"version-history":[{"count":34,"href":"https:\/\/lasottevillaise.com\/index.php\/wp-json\/wp\/v2\/pages\/49\/revisions"}],"predecessor-version":[{"id":4061,"href":"https:\/\/lasottevillaise.com\/index.php\/wp-json\/wp\/v2\/pages\/49\/revisions\/4061"}],"wp:attachment":[{"href":"https:\/\/lasottevillaise.com\/index.php\/wp-json\/wp\/v2\/media?parent=49"}],"curies":[{"name":"wp","href":"https:\/\/api.w.org\/{rel}","templated":true}]}}