{"id":490,"date":"2021-02-10T19:22:25","date_gmt":"2021-02-10T18:22:25","guid":{"rendered":"https:\/\/lasottevillaise.com\/?page_id=490"},"modified":"2025-06-26T16:31:11","modified_gmt":"2025-06-26T14:31:11","slug":"competition-feminine","status":"publish","type":"page","link":"https:\/\/lasottevillaise.com\/index.php\/competition-feminine\/","title":{"rendered":"Secteur comp\u00e9tition : f\u00e9minin"},"content":{"rendered":"\t\t<div data-elementor-type=\"wp-page\" data-elementor-id=\"490\" class=\"elementor elementor-490\">\n\t\t\t\t\t\t<section class=\"elementor-section elementor-top-section elementor-element elementor-element-5e2642c9 elementor-section-boxed elementor-section-height-default elementor-section-height-default wpr-particle-no wpr-jarallax-no wpr-parallax-no wpr-sticky-section-no\" data-id=\"5e2642c9\" data-element_type=\"section\">\n\t\t\t\t\t\t<div class=\"elementor-container elementor-column-gap-default\">\n\t\t\t\t\t<div class=\"elementor-column elementor-col-100 elementor-top-column elementor-element elementor-element-3318e771\" data-id=\"3318e771\" data-element_type=\"column\">\n\t\t\t<div class=\"elementor-widget-wrap elementor-element-populated\">\n\t\t\t\t\t\t<div class=\"elementor-element elementor-element-4b5e7d7f elementor-widget elementor-widget-text-editor\" data-id=\"4b5e7d7f\" data-element_type=\"widget\" data-widget_type=\"text-editor.default\">\n\t\t\t\t<div class=\"elementor-widget-container\">\n\t\t\t\t\t\t\t\t\t<p><\/p>\n<p class=\"has-medium-font-size\">\u26a0<span class=\"tadv-color\" style=\"font-weight: bold; color: #ff0004;\">Attention<mark class=\"has-inline-color has-black-color\" style=\"background-color: rgba(0, 0, 0, 0);\">\u26a0 <\/mark>:<\/span> <strong>Pour les nouveaux arrivants<\/strong>, l&#8217;acc\u00e8s \u00e0 la comp\u00e9tition se fait uniquement avec l&#8217;accord de l&#8217;entraineur. Les nouveaux gymnastes doivent donc d&#8217;abord s&#8217;inscrire dans la cat\u00e9gorie &#8220;Loisir&#8221;. En revanche, si l&#8217;entraineur estime que l&#8217;envie et le niveau sont suffisants pour pouvoir acc\u00e9der \u00e0 la comp\u00e9tition un changement vers un groupe comp\u00e9titif sera possible en cours d&#8217;ann\u00e9e.<\/p>\n<p><\/p>\n<div class=\"wp-block-spacer\" style=\"height: 70px;\" aria-hidden=\"true\">&nbsp;<\/div>\n<p><\/p>\n<div class=\"wp-block-buttons is-layout-flex wp-block-buttons-is-layout-flex\">\n<p><\/p>\n<div class=\"wp-block-button is-style-outline\"><a class=\"wp-block-button__link has-text-color wp-element-button\" style=\"border-radius: 50px; color: #ff0000;\"><strong><span class=\"tadv-color\" style=\"color: #000000;\">Poussine 1<\/span><\/strong><\/a><\/div>\n<p><\/p>\n<div class=\"wp-block-button is-style-outline\"><a class=\"wp-block-button__link has-white-color has-text-color wp-element-button\"><strong><span class=\"tadv-color\" style=\"color: #000000;\"><strong>\u00c2g\u00e9s de 7 \u00e0 8 ans<\/strong><\/span><\/strong><\/a><\/div>\n<p><\/p>\n<\/div>\n<p><\/p>\n<p><\/p>\n<figure class=\"wp-block-table is-style-stripes has-medium-font-size\">\n<table>\n<thead>\n<tr>\n<th class=\"has-text-align-center\" data-align=\"center\">Jours<\/th>\n<th class=\"has-text-align-center\" data-align=\"center\">Horaires<\/th>\n<th class=\"has-text-align-center\" data-align=\"center\">Encadrant<\/th>\n<\/tr>\n<\/thead>\n<tbody>\n<tr>\n<td class=\"has-text-align-center\" data-align=\"center\"><strong><span class=\"tadv-color\" style=\"color: #ff0004;\">LUNDI<\/span><\/strong><\/td>\n<td class=\"has-text-align-center\" data-align=\"center\"><strong>18h00 \u00e0 19h30<\/strong><\/td>\n<td class=\"has-text-align-center\" data-align=\"center\"><strong>Angelo<\/strong><\/td>\n<\/tr>\n<tr>\n<td class=\"has-text-align-center\" data-align=\"center\"><span class=\"tadv-color\" style=\"color: #ff0004;\"><strong>MERCREDI<\/strong><\/span><\/td>\n<td class=\"has-text-align-center\" data-align=\"center\"><strong>9h30 \u00e0 12h00<\/strong><\/td>\n<td class=\"has-text-align-center\" data-align=\"center\"><strong>Angelo<\/strong><\/td>\n<\/tr>\n<tr>\n<td class=\"has-text-align-center\" data-align=\"center\"><strong><span class=\"tadv-color\" style=\"color: #ff0004;\">VENDREDI<\/span><\/strong><\/td>\n<td class=\"has-text-align-center\" data-align=\"center\"><strong>18h00 \u00e0 20h00<\/strong><\/td>\n<td class=\"has-text-align-center\" data-align=\"center\"><strong>Angelo<\/strong><\/td>\n<\/tr>\n<\/tbody>\n<\/table>\n<\/figure>\n<p><\/p>\n<div class=\"wp-block-spacer\" style=\"height: 70px;\" aria-hidden=\"true\">&nbsp;<\/div>\n<p><\/p>\n<div class=\"wp-block-buttons is-layout-flex wp-block-buttons-is-layout-flex\">\n<p><\/p>\n<div class=\"wp-block-button is-style-outline\"><a class=\"wp-block-button__link has-text-color wp-element-button\" style=\"border-radius: 50px; color: #ff0000;\"><strong><span class=\"tadv-color\" style=\"color: #000000;\">Poussine 2<\/span><\/strong><\/a><\/div>\n<p><\/p>\n<div class=\"wp-block-button is-style-outline\"><a class=\"wp-block-button__link has-white-color has-text-color wp-element-button\"><strong><span class=\"tadv-color\" style=\"color: #000000;\"><strong>\u00c2g\u00e9s de 6 \u00e0 7 ans<\/strong><\/span><\/strong><\/a><\/div>\n<p><\/p>\n<\/div>\n<p><\/p>\n<figure class=\"wp-block-table is-style-stripes has-medium-font-size\">\n<table>\n<thead>\n<tr>\n<th class=\"has-text-align-center\" data-align=\"center\">Jours<\/th>\n<th class=\"has-text-align-center\" data-align=\"center\">Horaires<\/th>\n<th class=\"has-text-align-center\" data-align=\"center\">Encadrant<\/th>\n<\/tr>\n<\/thead>\n<tbody>\n<tr>\n<td class=\"has-text-align-center\" data-align=\"center\"><strong><span class=\"tadv-color\" style=\"color: #ff0000;\">LUNDI<\/span><\/strong><\/td>\n<td class=\"has-text-align-center\" data-align=\"center\"><strong>17h30 \u00e0 19h30<\/strong><\/td>\n<td class=\"has-text-align-center\" data-align=\"center\"><strong>Cindy<\/strong><\/td>\n<\/tr>\n<tr>\n<td class=\"has-text-align-center\" data-align=\"center\">\n<h1><span style=\"font-family: 'arial black', sans-serif; font-size: 14pt;\"><strong><span style=\"color: #ff0000;\">JEUDI<\/span><\/strong><\/span><\/h1>\n<\/td>\n<td class=\"has-text-align-center\" data-align=\"center\"><strong>17h15 \u00e0 19h15<\/strong><\/td>\n<td class=\"has-text-align-center\" data-align=\"center\"><strong>Cindy<\/strong><\/td>\n<\/tr>\n<\/tbody>\n<\/table>\n<\/figure>\n<p><\/p>\n<div class=\"wp-block-spacer\" style=\"height: 70px;\" aria-hidden=\"true\">&nbsp;<\/div>\n<p><\/p>\n<div class=\"wp-block-buttons is-layout-flex wp-block-buttons-is-layout-flex\">\n<p><\/p>\n<div class=\"wp-block-button is-style-outline\"><a class=\"wp-block-button__link has-text-color wp-element-button\" style=\"border-radius: 50px; color: #ff0000;\"><strong><span class=\"tadv-color\" style=\"color: #000000;\">GAF Perf<\/span><\/strong> <strong><span class=\"tadv-color\" style=\"color: #000000;\">1<\/span><\/strong><\/a><\/div>\n<p><\/p>\n<div class=\"wp-block-button is-style-outline\"><a class=\"wp-block-button__link has-white-color has-text-color wp-element-button\"><strong><span class=\"tadv-color\" style=\"color: #000000;\"><strong>\u00c2g\u00e9s de 9 \u00e0 11 ans<\/strong><\/span><\/strong><\/a><\/div>\n<p><\/p>\n<\/div>\n<p><\/p>\n<figure class=\"wp-block-table is-style-stripes has-medium-font-size\">\n<table>\n<thead>\n<tr>\n<th class=\"has-text-align-center\" data-align=\"center\">Jours<\/th>\n<th class=\"has-text-align-center\" data-align=\"center\">Horaires<\/th>\n<th class=\"has-text-align-center\" data-align=\"center\">Encadrant<\/th>\n<\/tr>\n<\/thead>\n<tbody>\n<tr>\n<td class=\"has-text-align-center\" data-align=\"center\"><strong><span class=\"tadv-color\" style=\"color: #ff0004;\">LUNDI<\/span><\/strong><\/td>\n<td class=\"has-text-align-center\" data-align=\"center\"><strong>18h00 \u00e0 19h30<\/strong><\/td>\n<td class=\"has-text-align-center\" data-align=\"center\"><strong>St\u00e9phanie<\/strong><\/td>\n<\/tr>\n<tr>\n<td class=\"has-text-align-center\" data-align=\"center\"><span class=\"tadv-color\" style=\"color: #ff0004;\"><strong>MERCREDI<\/strong><\/span><\/td>\n<td class=\"has-text-align-center\" data-align=\"center\"><strong>13h30 \u00e0 15h30<\/strong><\/td>\n<td class=\"has-text-align-center\" data-align=\"center\"><strong><strong>St\u00e9phanie<\/strong><\/strong><\/td>\n<\/tr>\n<tr>\n<td class=\"has-text-align-center\" data-align=\"center\"><strong><span class=\"tadv-color\" style=\"color: #ff0004;\">VENDREDI<\/span><\/strong><\/td>\n<td class=\"has-text-align-center\" data-align=\"center\"><strong>18h00 \u00e0 19h30<\/strong><\/td>\n<td class=\"has-text-align-center\" data-align=\"center\"><strong>St\u00e9phanie<\/strong><\/td>\n<\/tr>\n<\/tbody>\n<\/table>\n<\/figure>\n<p><\/p>\n<div class=\"wp-block-spacer\" style=\"height: 70px;\" aria-hidden=\"true\">&nbsp;<\/div>\n<p><\/p>\n<div class=\"wp-block-buttons is-layout-flex wp-block-buttons-is-layout-flex\">\n<p><\/p>\n<div class=\"wp-block-button is-style-outline\"><a class=\"wp-block-button__link has-text-color wp-element-button\" style=\"border-radius: 50px; color: #ff0000;\"><strong><span class=\"tadv-color\" style=\"color: #000000;\">GAF Perf<\/span><\/strong> <strong><span class=\"tadv-color\" style=\"color: #000000;\">2<\/span><\/strong><\/a><\/div>\n<p><\/p>\n<div class=\"wp-block-button is-style-outline\"><a class=\"wp-block-button__link has-white-color has-text-color wp-element-button\"><strong><span class=\"tadv-color\" style=\"color: #000000;\"><strong>\u00c2g\u00e9s de 10 ans<\/strong><\/span><\/strong><\/a><\/div>\n<p><\/p>\n<\/div>\n<p><\/p>\n<figure class=\"wp-block-table is-style-stripes has-medium-font-size\">\n<table>\n<thead>\n<tr>\n<th class=\"has-text-align-center\" data-align=\"center\">Jours<\/th>\n<th class=\"has-text-align-center\" data-align=\"center\">Horaires<\/th>\n<th class=\"has-text-align-center\" data-align=\"center\">Encadrant<\/th>\n<\/tr>\n<\/thead>\n<tbody>\n<tr>\n<td class=\"has-text-align-center\" data-align=\"center\"><strong><span class=\"tadv-color\" style=\"color: #ff0004;\">MARDI<\/span><\/strong><\/td>\n<td class=\"has-text-align-center\" data-align=\"center\"><strong>18h00 \u00e0 19h30<\/strong><\/td>\n<td class=\"has-text-align-center\" data-align=\"center\"><strong><strong>St\u00e9phanie<\/strong><\/strong><\/td>\n<\/tr>\n<tr>\n<td class=\"has-text-align-center\" data-align=\"center\"><strong><span class=\"tadv-color\" style=\"color: #ff0004;\">MERCREDI<\/span><\/strong><\/td>\n<td class=\"has-text-align-center\" data-align=\"center\"><strong>16h30 \u00e0 18h30<\/strong><\/td>\n<td class=\"has-text-align-center\" data-align=\"center\"><strong><strong>St\u00e9phanie<\/strong><\/strong><\/td>\n<\/tr>\n<tr>\n<td class=\"has-text-align-center\" data-align=\"center\"><strong><span class=\"tadv-color\" style=\"color: #ff0004;\">VENDREDI<\/span><\/strong><\/td>\n<td class=\"has-text-align-center\" data-align=\"center\"><strong>19h30 \u00e0 21h00<\/strong><\/td>\n<td class=\"has-text-align-center\" data-align=\"center\"><strong><strong>St\u00e9phanie<\/strong><\/strong><\/td>\n<\/tr>\n<\/tbody>\n<\/table>\n<\/figure>\n<p><\/p>\n<div class=\"wp-block-spacer\" style=\"height: 70px;\" aria-hidden=\"true\">&nbsp;<\/div>\n<p><\/p>\n<div class=\"wp-block-buttons is-layout-flex wp-block-buttons-is-layout-flex\">\n<p><\/p>\n<div class=\"wp-block-button is-style-outline\"><a class=\"wp-block-button__link has-text-color wp-element-button\" style=\"border-radius: 50px; color: #ff0000;\"><strong><span class=\"tadv-color\" style=\"color: #000000;\">GAF DN \/ FED<\/span><\/strong><\/a><\/div>\n<p><\/p>\n<div class=\"wp-block-button is-style-outline\"><a class=\"wp-block-button__link has-white-color has-text-color wp-element-button\"><strong><span class=\"tadv-color\" style=\"color: #000000;\"><strong>\u00c2g\u00e9s de 16 \u00e0 29 ans<\/strong><\/span><\/strong><\/a><\/div>\n<p><\/p>\n<\/div>\n<p><\/p>\n<figure class=\"wp-block-table is-style-stripes has-medium-font-size\">\n<table>\n<thead>\n<tr>\n<th class=\"has-text-align-center\" data-align=\"center\">Jours<\/th>\n<th class=\"has-text-align-center\" data-align=\"center\">Horaires<\/th>\n<th class=\"has-text-align-center\" data-align=\"center\">Encadrant<\/th>\n<\/tr>\n<\/thead>\n<tbody>\n<tr>\n<td class=\"has-text-align-center\" data-align=\"center\"><strong><span class=\"tadv-color\" style=\"color: #ff0004;\">MARDI<\/span><\/strong><\/td>\n<td class=\"has-text-align-center\" data-align=\"center\"><strong>18h00 \u00e0 20h30<\/strong><\/td>\n<td class=\"has-text-align-center\" data-align=\"center\"><strong>Angelo<\/strong><\/td>\n<\/tr>\n<tr>\n<td class=\"has-text-align-center\" data-align=\"center\"><strong><span class=\"tadv-color\" style=\"color: #ff0004;\">MERCREDI<\/span><\/strong><\/td>\n<td class=\"has-text-align-center\" data-align=\"center\"><strong>16h00 \u00e0 18h30<\/strong><\/td>\n<td class=\"has-text-align-center\" data-align=\"center\"><strong>Angelo<\/strong><\/td>\n<\/tr>\n<tr>\n<td class=\"has-text-align-center\" data-align=\"center\"><strong><span class=\"tadv-color\" style=\"color: #ff0004;\">JEUDI<\/span><\/strong><\/td>\n<td class=\"has-text-align-center\" data-align=\"center\"><strong>18h00 \u00e0 20h00<\/strong><\/td>\n<td class=\"has-text-align-center\" data-align=\"center\"><strong>Angelo<\/strong><\/td>\n<\/tr>\n<\/tbody>\n<\/table>\n<\/figure>\n<p><\/p>\n<div class=\"wp-block-spacer\" style=\"height: 70px;\" aria-hidden=\"true\">&nbsp;<\/div>\n<p><\/p>\n<div class=\"wp-block-buttons is-layout-flex wp-block-buttons-is-layout-flex\">\n<p><\/p>\n<div class=\"wp-block-button is-style-outline\"><a class=\"wp-block-button__link has-text-color wp-element-button\" style=\"color: #ff0004;\"><strong><span class=\"tadv-color\" style=\"color: #000000;\">Sport \u00c9tude primaire<\/span><\/strong><\/a><\/div>\n<p><\/p>\n<\/div>\n<p><\/p>\n<figure class=\"wp-block-table is-style-stripes has-medium-font-size\">\n<table>\n<thead>\n<tr>\n<th class=\"has-text-align-center\" data-align=\"center\">Jours<\/th>\n<th class=\"has-text-align-center\" data-align=\"center\">Horaires<\/th>\n<th class=\"has-text-align-center\" data-align=\"center\">Encadrant<\/th>\n<\/tr>\n<\/thead>\n<tbody>\n<tr>\n<td class=\"has-text-align-center\" data-align=\"center\"><strong><span class=\"tadv-color\" style=\"color: #ff0004;\">LUNDI<\/span><\/strong><\/td>\n<td class=\"has-text-align-center\" data-align=\"center\"><strong>15h15 \u00e0 18h00<\/strong><\/td>\n<td class=\"has-text-align-center\" data-align=\"center\"><strong> <strong>St\u00e9phanie<\/strong><\/strong><\/td>\n<\/tr>\n<tr>\n<td class=\"has-text-align-center\" data-align=\"center\"><strong><span class=\"tadv-color\" style=\"color: #ff0004;\">MARDI<\/span><\/strong><\/td>\n<td class=\"has-text-align-center\" data-align=\"center\"><strong>12h00 \u00e0 13h00<\/strong><\/td>\n<td class=\"has-text-align-center\" data-align=\"center\"><strong> <strong>St\u00e9phanie<\/strong><\/strong><\/td>\n<\/tr>\n<tr>\n<td class=\"has-text-align-center\" data-align=\"center\"><strong><span class=\"tadv-color\" style=\"color: #ff0004;\">MARDI<\/span><\/strong><\/td>\n<td class=\"has-text-align-center\" data-align=\"center\"><strong>15h15 \u00e0 18h00<\/strong><\/td>\n<td class=\"has-text-align-center\" data-align=\"center\"><strong> <strong>St\u00e9phanie<\/strong><\/strong><\/td>\n<\/tr>\n<tr>\n<td class=\"has-text-align-center\" data-align=\"center\"><strong><span class=\"tadv-color\" style=\"color: #ff0004;\">MERCREDI<\/span><\/strong><\/td>\n<td class=\"has-text-align-center\" data-align=\"center\"><strong>09h30 \u00e0 12h30<\/strong><\/td>\n<td class=\"has-text-align-center\" data-align=\"center\"><strong>St\u00e9phanie<\/strong><\/td>\n<\/tr>\n<tr>\n<td class=\"has-text-align-center\" data-align=\"center\"><strong><span class=\"tadv-color\" style=\"color: #ff0004;\">JEUDI<\/span><\/strong><\/td>\n<td class=\"has-text-align-center\" data-align=\"center\"><strong>15h15 \u00e0 18h00<\/strong><\/td>\n<td class=\"has-text-align-center\" data-align=\"center\"><strong>Angelo<\/strong><\/td>\n<\/tr>\n<tr>\n<td class=\"has-text-align-center\" data-align=\"center\"><strong><span class=\"tadv-color\" style=\"color: #ff0004;\">VENDREDI<\/span><\/strong><\/td>\n<td class=\"has-text-align-center\" data-align=\"center\"><strong>12h00 \u00e0 13h00<\/strong><\/td>\n<td class=\"has-text-align-center\" data-align=\"center\"><strong>St\u00e9phanie<\/strong><\/td>\n<\/tr>\n<tr>\n<td class=\"has-text-align-center\" data-align=\"center\"><span class=\"tadv-color\" style=\"color: #ff0004;\"><strong>VENDREDI<\/strong><\/span><\/td>\n<td class=\"has-text-align-center\" data-align=\"center\"><strong>15h15 \u00e0 18h00<\/strong><\/td>\n<td class=\"has-text-align-center\" data-align=\"center\"><strong>St\u00e9phanie<\/strong><\/td>\n<\/tr>\n<\/tbody>\n<\/table>\n<\/figure>\n<p><\/p>\n<div class=\"wp-block-spacer\" style=\"height: 70px;\" aria-hidden=\"true\">&nbsp;<\/div>\n<p><\/p>\n<div class=\"wp-block-buttons is-layout-flex wp-block-buttons-is-layout-flex\">\n<p><\/p>\n<div class=\"wp-block-button is-style-outline\"><a class=\"wp-block-button__link has-text-color wp-element-button\" style=\"color: #ff0004;\"><strong><span class=\"tadv-color\" style=\"color: #000000;\">Sport \u00c9tude coll\u00e8ge<\/span><\/strong><\/a><\/div>\n<p><\/p>\n<\/div>\n<p><\/p>\n<figure class=\"wp-block-table is-style-stripes has-medium-font-size\">\n<table>\n<thead>\n<tr>\n<th class=\"has-text-align-center\" data-align=\"center\">Jours<\/th>\n<th class=\"has-text-align-center\" data-align=\"center\">Horaires<\/th>\n<th class=\"has-text-align-center\" data-align=\"center\">Encadrant<\/th>\n<\/tr>\n<\/thead>\n<tbody>\n<tr>\n<td class=\"has-text-align-center\" data-align=\"center\"><strong><span class=\"tadv-color\" style=\"color: #ff0004;\">LUNDI<\/span><\/strong><\/td>\n<td class=\"has-text-align-center\" data-align=\"center\"><strong>14h30 \u00e0 18h00<\/strong><\/td>\n<td class=\"has-text-align-center\" data-align=\"center\"><strong>Angelo<\/strong><\/td>\n<\/tr>\n<tr>\n<td class=\"has-text-align-center\" data-align=\"center\"><strong><span class=\"tadv-color\" style=\"color: #ff0004;\">MARDI<\/span><\/strong><\/td>\n<td class=\"has-text-align-center\" data-align=\"center\"><strong>14h30 \u00e0 18h00<\/strong><\/td>\n<td class=\"has-text-align-center\" data-align=\"center\"><strong>Angelo<\/strong><\/td>\n<\/tr>\n<tr>\n<td class=\"has-text-align-center\" data-align=\"center\"><strong><span class=\"tadv-color\" style=\"color: #ff0004;\">MERCREDI<\/span><\/strong><\/td>\n<td class=\"has-text-align-center\" data-align=\"center\"><strong>14h00 \u00e0 17h00<\/strong><\/td>\n<td class=\"has-text-align-center\" data-align=\"center\"><strong>Angelo<\/strong><\/td>\n<\/tr>\n<tr>\n<td class=\"has-text-align-center\" data-align=\"center\"><strong><span class=\"tadv-color\" style=\"color: #ff0004;\">VENDREDI<\/span><\/strong><\/td>\n<td class=\"has-text-align-center\" data-align=\"center\"><strong>14h30 \u00e0 18h00<\/strong><\/td>\n<td class=\"has-text-align-center\" data-align=\"center\"><strong>Angelo<\/strong><\/td>\n<\/tr>\n<\/tbody>\n<\/table>\n<\/figure>\n<p><\/p>\t\t\t\t\t\t\t\t<\/div>\n\t\t\t\t<\/div>\n\t\t\t\t\t<\/div>\n\t\t<\/div>\n\t\t\t\t\t<\/div>\n\t\t<\/section>\n\t\t\t\t<\/div>\n\t\t","protected":false},"excerpt":{"rendered":"<p>\u26a0Attention\u26a0 : Pour les nouveaux arrivants, l&#8217;acc\u00e8s \u00e0 la comp\u00e9tition se fait uniquement avec l&#8217;accord de l&#8217;entraineur. Les nouveaux gymnastes doivent donc d&#8217;abord s&#8217;inscrire dans la cat\u00e9gorie &#8220;Loisir&#8221;. En revanche, si l&#8217;entraineur estime que l&#8217;envie et le niveau sont suffisants pour pouvoir acc\u00e9der \u00e0 la comp\u00e9tition un changement vers un groupe comp\u00e9titif sera possible en cours d&#8217;ann\u00e9e. Jours Horaires Encadrant LUNDI 18h00 \u00e0 19h30 Angelo MERCREDI 9h30 \u00e0 12h00 Angelo VENDREDI 18h00 \u00e0 20h00 Angelo Jours Horaires Encadrant LUNDI 17h30 \u00e0 19h30 Cindy JEUDI 17h15 \u00e0 19h15 Cindy Jours Horaires Encadrant LUNDI 18h00 \u00e0 19h30 St\u00e9phanie MERCREDI 13h30 \u00e0 15h30 St\u00e9phanie VENDREDI 18h00 \u00e0 19h30 St\u00e9phanie Jours Horaires Encadrant MARDI 18h00 \u00e0 19h30 St\u00e9phanie MERCREDI 16h30 \u00e0 18h30 St\u00e9phanie VENDREDI 19h30 \u00e0 21h00 St\u00e9phanie Jours Horaires Encadrant MARDI 18h00 \u00e0 20h30 Angelo MERCREDI 16h00 \u00e0 18h30 Angelo JEUDI 18h00 \u00e0 20h00 Angelo Jours Horaires Encadrant LUNDI 15h15 \u00e0 18h00 St\u00e9phanie MARDI 12h00 \u00e0 13h00 St\u00e9phanie MARDI 15h15 \u00e0 18h00 St\u00e9phanie MERCREDI 09h30 \u00e0 12h30 St\u00e9phanie JEUDI 15h15 \u00e0 18h00 Angelo VENDREDI 12h00 \u00e0 13h00 St\u00e9phanie VENDREDI 15h15 \u00e0 18h00 St\u00e9phanie Jours Horaires Encadrant LUNDI 14h30 \u00e0 18h00 Angelo MARDI 14h30 \u00e0 18h00 Angelo MERCREDI 14h00 \u00e0 17h00 Angelo VENDREDI 14h30 \u00e0 18h00 Angelo<\/p>\n","protected":false},"author":1,"featured_media":0,"parent":0,"menu_order":0,"comment_status":"closed","ping_status":"closed","template":"","meta":{"footnotes":""},"jetpack_sharing_enabled":true,"acf":[],"_links":{"self":[{"href":"https:\/\/lasottevillaise.com\/index.php\/wp-json\/wp\/v2\/pages\/490"}],"collection":[{"href":"https:\/\/lasottevillaise.com\/index.php\/wp-json\/wp\/v2\/pages"}],"about":[{"href":"https:\/\/lasottevillaise.com\/index.php\/wp-json\/wp\/v2\/types\/page"}],"author":[{"embeddable":true,"href":"https:\/\/lasottevillaise.com\/index.php\/wp-json\/wp\/v2\/users\/1"}],"replies":[{"embeddable":true,"href":"https:\/\/lasottevillaise.com\/index.php\/wp-json\/wp\/v2\/comments?post=490"}],"version-history":[{"count":38,"href":"https:\/\/lasottevillaise.com\/index.php\/wp-json\/wp\/v2\/pages\/490\/revisions"}],"predecessor-version":[{"id":4576,"href":"https:\/\/lasottevillaise.com\/index.php\/wp-json\/wp\/v2\/pages\/490\/revisions\/4576"}],"wp:attachment":[{"href":"https:\/\/lasottevillaise.com\/index.php\/wp-json\/wp\/v2\/media?parent=490"}],"curies":[{"name":"wp","href":"https:\/\/api.w.org\/{rel}","templated":true}]}}