{"id":55,"date":"2021-01-20T12:35:07","date_gmt":"2021-01-20T11:35:07","guid":{"rendered":"https:\/\/lasottevillaise.com\/?page_id=55"},"modified":"2023-10-17T15:06:19","modified_gmt":"2023-10-17T13:06:19","slug":"nos-labels","status":"publish","type":"page","link":"https:\/\/lasottevillaise.com\/index.php\/nos-labels\/","title":{"rendered":"Nos labels"},"content":{"rendered":"\n<div class=\"wp-block-media-text alignwide is-stacked-on-mobile\" style=\"grid-template-columns:15% auto\"><figure class=\"wp-block-media-text__media\"><img data-recalc-dims=\"1\" fetchpriority=\"high\" decoding=\"async\" width=\"240\" height=\"239\" src=\"https:\/\/i0.wp.com\/lasottevillaise.com\/wp-content\/uploads\/2023\/10\/Baby-gym.png?resize=240%2C239&#038;ssl=1\" alt=\"\" class=\"wp-image-3182 size-full\" srcset=\"https:\/\/i0.wp.com\/lasottevillaise.com\/wp-content\/uploads\/2023\/10\/Baby-gym.png?w=240&amp;ssl=1 240w, https:\/\/i0.wp.com\/lasottevillaise.com\/wp-content\/uploads\/2023\/10\/Baby-gym.png?resize=150%2C150&amp;ssl=1 150w, https:\/\/i0.wp.com\/lasottevillaise.com\/wp-content\/uploads\/2023\/10\/Baby-gym.png?resize=75%2C75&amp;ssl=1 75w\" sizes=\"(max-width: 240px) 100vw, 240px\" \/><\/figure><div class=\"wp-block-media-text__content\">\n<p style=\"font-size:19px\">Ce Label a \u00e9t\u00e9 d\u00e9livr\u00e9 au club par la <strong>f\u00e9d\u00e9ration fran\u00e7aise de gymnastique<\/strong> pour ses<strong> <span class=\"tadv-color\" style=\"color:#ff0004\">encadrants dipl\u00f4m\u00e9s<\/span> <\/strong>et son <strong><span class=\"tadv-color\" style=\"color:#ff0004\">fort engagement<\/span> envers les plus jeunes<\/strong> d&#8217;entre nous.<\/p>\n<\/div><\/div>\n\n\n\n<p><span style=\"color:#ffffff\" class=\"tadv-color\">a<\/span><\/p>\n\n\n\n<div class=\"wp-block-media-text alignwide has-media-on-the-right is-stacked-on-mobile\" style=\"grid-template-columns:auto 18%\"><div class=\"wp-block-media-text__content\">\n<p style=\"font-size:19px\">Gr\u00e2ce \u00e0 la<strong><span class=\"tadv-color\" style=\"color:#ff0004\"> formation de sa professionnel<\/span><\/strong> de la Gym Sant\u00e9, l&#8217;association \u00e0 obtenu le Label &#8220;Gym Sant\u00e9&#8221; par la<strong> f\u00e9d\u00e9ration fran\u00e7aise de gymnastique<\/strong> et vous propose des <strong>cours adapt\u00e9s \u00e0 vos attentes<\/strong>.<\/p>\n<\/div><figure class=\"wp-block-media-text__media\"><img data-recalc-dims=\"1\" decoding=\"async\" width=\"452\" height=\"116\" src=\"https:\/\/i0.wp.com\/lasottevillaise.com\/wp-content\/uploads\/2021\/03\/1606229426-GymSante.jpg?resize=452%2C116&#038;ssl=1\" alt=\"\" class=\"wp-image-849 size-full\" srcset=\"https:\/\/i0.wp.com\/lasottevillaise.com\/wp-content\/uploads\/2021\/03\/1606229426-GymSante.jpg?w=452&amp;ssl=1 452w, https:\/\/i0.wp.com\/lasottevillaise.com\/wp-content\/uploads\/2021\/03\/1606229426-GymSante.jpg?resize=300%2C77&amp;ssl=1 300w\" sizes=\"(max-width: 452px) 100vw, 452px\" \/><\/figure><\/div>\n\n\n\n<p><span style=\"color:#ffffff\" class=\"tadv-color\">a<\/span><\/p>\n\n\n\n<div class=\"wp-block-media-text alignwide is-stacked-on-mobile\" style=\"grid-template-columns:18% auto\"><figure class=\"wp-block-media-text__media\"><img data-recalc-dims=\"1\" decoding=\"async\" width=\"300\" height=\"180\" src=\"https:\/\/i0.wp.com\/lasottevillaise.com\/wp-content\/uploads\/2021\/03\/clubs-metropole-rouen-normandie-eco-responsable-1.jpg?resize=300%2C180&#038;ssl=1\" alt=\"\" class=\"wp-image-897 size-full\"\/><\/figure><div class=\"wp-block-media-text__content\">\n<p style=\"font-size:19px\">La <strong>m\u00e9tropole de Rouen<\/strong> a d\u00e9livr\u00e9 le<span class=\"tadv-color\" style=\"color:#ff0004\"><strong> Label &#8220;Eco-sport&#8221;<\/strong><\/span> au club car elle a prouv\u00e9 son soutien \u00e9cologique par son <strong>engagement<\/strong> en visant une<span class=\"tadv-background-color\" style=\"background-color:#ffffff\"><span class=\"tadv-color\" style=\"color:#ff0004\"><strong> plan\u00e8te plus propre<\/strong> <\/span><\/span>notamment par la <strong><span class=\"tadv-color\" style=\"color:#000000\">diminution<\/span><\/strong> des <strong><span class=\"tadv-color\" style=\"color:#000000\">d\u00e9chets plastiques<\/span><\/strong>.<\/p>\n<\/div><\/div>\n\n\n\n<p><span style=\"color:#ffffff\" class=\"tadv-color\">a<\/span><\/p>\n\n\n\n<div class=\"wp-block-media-text alignwide has-media-on-the-right is-stacked-on-mobile\" style=\"grid-template-columns:auto 15%\"><div class=\"wp-block-media-text__content\">\n<p style=\"font-size:19px\">L&#8217;association est en cours d&#8217;obtention du Label Qualiclub. Gr\u00e2ce \u00e0 l&#8217;\u00e9valuation de la structure nous obtiendrons sous peu <strong><span class=\"tadv-color\" style=\"color:#ff0004\">la plus haute distinction<\/span><\/strong> de reconnaissance d&#8217;un<strong><span class=\"tadv-color\" style=\"color:#ff0004\"> club de qualit\u00e9<\/span><\/strong> par la <strong>f\u00e9d\u00e9ration fran\u00e7aise de gymnastique<\/strong>. C&#8217;est-\u00e0-dire le <strong>club affili\u00e9 Or.<\/strong><\/p>\n<\/div><figure class=\"wp-block-media-text__media\"><img data-recalc-dims=\"1\" loading=\"lazy\" decoding=\"async\" width=\"200\" height=\"158\" src=\"https:\/\/i0.wp.com\/lasottevillaise.com\/wp-content\/uploads\/2021\/03\/1567084861-Logo-ClubAffilie-OR.jpg?resize=200%2C158&#038;ssl=1\" alt=\"\" class=\"wp-image-844 size-full\"\/><\/figure><\/div>\n\n\n\n<p><\/p>\n\n\n\n<p><\/p>\n","protected":false},"excerpt":{"rendered":"<p>Ce Label a \u00e9t\u00e9 d\u00e9livr\u00e9 au club par la f\u00e9d\u00e9ration fran\u00e7aise de gymnastique pour ses encadrants dipl\u00f4m\u00e9s et son fort engagement envers les plus jeunes d&#8217;entre nous. a Gr\u00e2ce \u00e0 la formation de sa professionnel de la Gym Sant\u00e9, l&#8217;association \u00e0 obtenu le Label &#8220;Gym Sant\u00e9&#8221; par la f\u00e9d\u00e9ration fran\u00e7aise de gymnastique et vous propose des cours adapt\u00e9s \u00e0 vos attentes. a La m\u00e9tropole de Rouen a d\u00e9livr\u00e9 le Label &#8220;Eco-sport&#8221; au club car elle a prouv\u00e9 son soutien \u00e9cologique par son engagement en visant une plan\u00e8te plus propre notamment par la diminution des d\u00e9chets plastiques. a L&#8217;association est en cours d&#8217;obtention du Label Qualiclub. Gr\u00e2ce \u00e0 l&#8217;\u00e9valuation de la structure nous obtiendrons sous peu la plus haute distinction de reconnaissance d&#8217;un club de qualit\u00e9 par la f\u00e9d\u00e9ration fran\u00e7aise de gymnastique. C&#8217;est-\u00e0-dire le club affili\u00e9 Or.<\/p>\n","protected":false},"author":1,"featured_media":0,"parent":0,"menu_order":0,"comment_status":"closed","ping_status":"closed","template":"","meta":{"footnotes":""},"jetpack_sharing_enabled":true,"acf":[],"_links":{"self":[{"href":"https:\/\/lasottevillaise.com\/index.php\/wp-json\/wp\/v2\/pages\/55"}],"collection":[{"href":"https:\/\/lasottevillaise.com\/index.php\/wp-json\/wp\/v2\/pages"}],"about":[{"href":"https:\/\/lasottevillaise.com\/index.php\/wp-json\/wp\/v2\/types\/page"}],"author":[{"embeddable":true,"href":"https:\/\/lasottevillaise.com\/index.php\/wp-json\/wp\/v2\/users\/1"}],"replies":[{"embeddable":true,"href":"https:\/\/lasottevillaise.com\/index.php\/wp-json\/wp\/v2\/comments?post=55"}],"version-history":[{"count":16,"href":"https:\/\/lasottevillaise.com\/index.php\/wp-json\/wp\/v2\/pages\/55\/revisions"}],"predecessor-version":[{"id":3183,"href":"https:\/\/lasottevillaise.com\/index.php\/wp-json\/wp\/v2\/pages\/55\/revisions\/3183"}],"wp:attachment":[{"href":"https:\/\/lasottevillaise.com\/index.php\/wp-json\/wp\/v2\/media?parent=55"}],"curies":[{"name":"wp","href":"https:\/\/api.w.org\/{rel}","templated":true}]}}