{"id":77,"date":"2021-01-20T15:15:34","date_gmt":"2021-01-20T14:15:34","guid":{"rendered":"https:\/\/lasottevillaise.com\/?page_id=77"},"modified":"2022-04-12T14:23:21","modified_gmt":"2022-04-12T12:23:21","slug":"parkour","status":"publish","type":"page","link":"https:\/\/lasottevillaise.com\/index.php\/parkour\/","title":{"rendered":"Parkour"},"content":{"rendered":"\n<p>Tel des<strong><em> ninjas ! <\/em><\/strong>Venez apprendre \u00e0 maitriser l&#8217;art du d\u00e9placement ! Le Parkour est<strong><em><span style=\"color:#ff0004\" class=\"tadv-color\"> une discipline LIBRE<\/span><\/em><\/strong> o\u00f9 vous pourrez <strong><em>vous exprimez comme vous le souhaiterez<\/em><\/strong>.<\/p>\n\n\n\n<p><strong><em>Franchir des obstacles<\/em><\/strong>,<strong><em> sauter<\/em><\/strong>, <strong><em>\u00eatre le plus rapide<\/em><\/strong> et <strong>r<em>\u00e9aliser des acrobaties<\/em><\/strong> sont au c\u0153ur du Parkour. Gr\u00e2ce aux cours et <strong><em><span style=\"color:#ff0004\" class=\"tadv-color\">aux \u00e9quipements sp\u00e9cialis\u00e9s<\/span><\/em><\/strong> pr\u00e9vu pour la discipline, vous pourrez apprendre tout ce dont vous avez besoin pour devenir le Tracer de vos r\u00eaves<strong><em> en toute s\u00e9curit\u00e9.<\/em><\/strong><\/p>\n\n\n\n<div class=\"wp-block-buttons is-content-justification-center is-layout-flex wp-block-buttons-is-layout-flex\">\n<div class=\"wp-block-button is-style-outline\"><a class=\"wp-block-button__link has-text-color\" href=\"https:\/\/lasottevillaise.com\/index.php\/parkour-2\/\" style=\"color:#ff0004\"><strong><em><span style=\"color:#000000\" class=\"tadv-color\">Voir les horaires<\/span><\/em><\/strong><\/a><\/div>\n<\/div>\n\n\n\n<p>Les <strong><em><span style=\"color:#ff0004\" class=\"tadv-color\">cours sont limit\u00e9s \u00e0 15 pratiquants pour 1 encadrant<\/span><\/em><\/strong> afin de toujours vous <em><strong>assurer des interventions de <span style=\"color:#ff0004\" class=\"tadv-color\">qualit\u00e9s<\/span><\/strong><\/em>.<\/p>\n\n\n\n<p><strong><em>Renseignements:<\/em><\/strong> 02 35 72 05 03 ou <a href=\"mailto:lasottevillaise@gmail.com\">lasottevillaise@gmail.com<\/a><\/p>\n\n\n\n<div class=\"wp-block-columns is-layout-flex wp-container-core-columns-is-layout-1 wp-block-columns-is-layout-flex\">\n<div class=\"wp-block-column is-layout-flow wp-block-column-is-layout-flow\"><\/div>\n\n\n\n<div class=\"wp-block-column is-layout-flow wp-block-column-is-layout-flow\">\n<figure class=\"wp-block-video\"><video controls src=\"https:\/\/lasottevillaise.com\/wp-content\/uploads\/2021\/06\/Teaser-Parkour-Sottevillaise-1.mp4\"><\/video><\/figure>\n<\/div>\n\n\n\n<div class=\"wp-block-column is-layout-flow wp-block-column-is-layout-flow\"><\/div>\n<\/div>\n\n\n\n<div class=\"wp-block-jetpack-tiled-gallery aligncenter is-style-rectangular\"><div class=\"tiled-gallery__gallery\"><div class=\"tiled-gallery__row\"><div class=\"tiled-gallery__col\" style=\"flex-basis:65.28647%\"><figure class=\"tiled-gallery__item\"><img decoding=\"async\" srcset=\"https:\/\/i1.wp.com\/lasottevillaise.com\/wp-content\/uploads\/2021\/06\/Screenshot_20210609_152624.jpg?strip=info&#038;w=600&#038;ssl=1 600w,https:\/\/i1.wp.com\/lasottevillaise.com\/wp-content\/uploads\/2021\/06\/Screenshot_20210609_152624.jpg?strip=info&#038;w=900&#038;ssl=1 900w,https:\/\/i1.wp.com\/lasottevillaise.com\/wp-content\/uploads\/2021\/06\/Screenshot_20210609_152624.jpg?strip=info&#038;w=1080&#038;ssl=1 1080w\" alt=\"\" data-height=\"801\" data-id=\"1774\" data-link=\"https:\/\/lasottevillaise.com\/index.php\/parkour\/screenshot_20210609_152624\/\" data-url=\"https:\/\/lasottevillaise.com\/wp-content\/uploads\/2021\/06\/Screenshot_20210609_152624.jpg\" data-width=\"1080\" src=\"https:\/\/i1.wp.com\/lasottevillaise.com\/wp-content\/uploads\/2021\/06\/Screenshot_20210609_152624.jpg?ssl=1\" data-amp-layout=\"responsive\"\/><\/figure><\/div><div class=\"tiled-gallery__col\" style=\"flex-basis:34.71353%\"><figure class=\"tiled-gallery__item\"><img decoding=\"async\" srcset=\"https:\/\/i2.wp.com\/lasottevillaise.com\/wp-content\/uploads\/2021\/06\/Screenshot_20210609_152825.jpg?strip=info&#038;w=600&#038;ssl=1 600w,https:\/\/i2.wp.com\/lasottevillaise.com\/wp-content\/uploads\/2021\/06\/Screenshot_20210609_152825.jpg?strip=info&#038;w=900&#038;ssl=1 900w,https:\/\/i2.wp.com\/lasottevillaise.com\/wp-content\/uploads\/2021\/06\/Screenshot_20210609_152825.jpg?strip=info&#038;w=1080&#038;ssl=1 1080w\" alt=\"\" data-height=\"1509\" data-id=\"1777\" data-link=\"https:\/\/lasottevillaise.com\/index.php\/parkour\/screenshot_20210609_152825\/\" data-url=\"https:\/\/lasottevillaise.com\/wp-content\/uploads\/2021\/06\/Screenshot_20210609_152825.jpg\" data-width=\"1080\" src=\"https:\/\/i2.wp.com\/lasottevillaise.com\/wp-content\/uploads\/2021\/06\/Screenshot_20210609_152825.jpg?ssl=1\" data-amp-layout=\"responsive\"\/><\/figure><\/div><\/div><div class=\"tiled-gallery__row\"><div class=\"tiled-gallery__col\" style=\"flex-basis:46.04764%\"><figure class=\"tiled-gallery__item\"><img decoding=\"async\" srcset=\"https:\/\/i0.wp.com\/lasottevillaise.com\/wp-content\/uploads\/2021\/06\/Screenshot_20210609_152741.jpg?strip=info&#038;w=600&#038;ssl=1 600w,https:\/\/i0.wp.com\/lasottevillaise.com\/wp-content\/uploads\/2021\/06\/Screenshot_20210609_152741.jpg?strip=info&#038;w=900&#038;ssl=1 900w,https:\/\/i0.wp.com\/lasottevillaise.com\/wp-content\/uploads\/2021\/06\/Screenshot_20210609_152741.jpg?strip=info&#038;w=1080&#038;ssl=1 1080w\" alt=\"\" data-height=\"798\" data-id=\"1776\" data-link=\"https:\/\/lasottevillaise.com\/index.php\/parkour\/screenshot_20210609_152741\/\" data-url=\"https:\/\/lasottevillaise.com\/wp-content\/uploads\/2021\/06\/Screenshot_20210609_152741.jpg\" data-width=\"1080\" src=\"https:\/\/i0.wp.com\/lasottevillaise.com\/wp-content\/uploads\/2021\/06\/Screenshot_20210609_152741.jpg?ssl=1\" data-amp-layout=\"responsive\"\/><\/figure><figure class=\"tiled-gallery__item\"><img decoding=\"async\" srcset=\"https:\/\/i1.wp.com\/lasottevillaise.com\/wp-content\/uploads\/2021\/06\/Screenshot_20210609_153022.jpg?strip=info&#038;w=600&#038;ssl=1 600w,https:\/\/i1.wp.com\/lasottevillaise.com\/wp-content\/uploads\/2021\/06\/Screenshot_20210609_153022.jpg?strip=info&#038;w=900&#038;ssl=1 900w,https:\/\/i1.wp.com\/lasottevillaise.com\/wp-content\/uploads\/2021\/06\/Screenshot_20210609_153022.jpg?strip=info&#038;w=1080&#038;ssl=1 1080w\" alt=\"\" data-height=\"796\" data-id=\"1781\" data-link=\"https:\/\/lasottevillaise.com\/index.php\/parkour\/screenshot_20210609_153022\/\" data-url=\"https:\/\/lasottevillaise.com\/wp-content\/uploads\/2021\/06\/Screenshot_20210609_153022.jpg\" data-width=\"1080\" src=\"https:\/\/i1.wp.com\/lasottevillaise.com\/wp-content\/uploads\/2021\/06\/Screenshot_20210609_153022.jpg?ssl=1\" data-amp-layout=\"responsive\"\/><\/figure><figure class=\"tiled-gallery__item\"><img decoding=\"async\" srcset=\"https:\/\/i1.wp.com\/lasottevillaise.com\/wp-content\/uploads\/2021\/06\/Screenshot_20210609_152906.jpg?strip=info&#038;w=600&#038;ssl=1 600w,https:\/\/i1.wp.com\/lasottevillaise.com\/wp-content\/uploads\/2021\/06\/Screenshot_20210609_152906.jpg?strip=info&#038;w=900&#038;ssl=1 900w,https:\/\/i1.wp.com\/lasottevillaise.com\/wp-content\/uploads\/2021\/06\/Screenshot_20210609_152906.jpg?strip=info&#038;w=1080&#038;ssl=1 1080w\" alt=\"\" data-height=\"599\" data-id=\"1779\" data-link=\"https:\/\/lasottevillaise.com\/index.php\/parkour\/screenshot_20210609_152906\/\" data-url=\"https:\/\/lasottevillaise.com\/wp-content\/uploads\/2021\/06\/Screenshot_20210609_152906.jpg\" data-width=\"1080\" src=\"https:\/\/i1.wp.com\/lasottevillaise.com\/wp-content\/uploads\/2021\/06\/Screenshot_20210609_152906.jpg?ssl=1\" data-amp-layout=\"responsive\"\/><\/figure><\/div><div class=\"tiled-gallery__col\" style=\"flex-basis:53.95236%\"><figure class=\"tiled-gallery__item\"><img decoding=\"async\" srcset=\"https:\/\/i1.wp.com\/lasottevillaise.com\/wp-content\/uploads\/2021\/06\/Screenshot_20210609_153115.jpg?strip=info&#038;w=600&#038;ssl=1 600w,https:\/\/i1.wp.com\/lasottevillaise.com\/wp-content\/uploads\/2021\/06\/Screenshot_20210609_153115.jpg?strip=info&#038;w=900&#038;ssl=1 900w,https:\/\/i1.wp.com\/lasottevillaise.com\/wp-content\/uploads\/2021\/06\/Screenshot_20210609_153115.jpg?strip=info&#038;w=1080&#038;ssl=1 1080w\" alt=\"\" data-height=\"1889\" data-id=\"1782\" data-link=\"https:\/\/lasottevillaise.com\/index.php\/parkour\/screenshot_20210609_153115\/\" data-url=\"https:\/\/lasottevillaise.com\/wp-content\/uploads\/2021\/06\/Screenshot_20210609_153115.jpg\" data-width=\"1080\" src=\"https:\/\/i1.wp.com\/lasottevillaise.com\/wp-content\/uploads\/2021\/06\/Screenshot_20210609_153115.jpg?ssl=1\" data-amp-layout=\"responsive\"\/><\/figure><\/div><\/div><div class=\"tiled-gallery__row\"><div class=\"tiled-gallery__col\" style=\"flex-basis:41.31426%\"><figure class=\"tiled-gallery__item\"><img decoding=\"async\" srcset=\"https:\/\/i0.wp.com\/lasottevillaise.com\/wp-content\/uploads\/2021\/06\/Screenshot_20210609_152959.jpg?strip=info&#038;w=600&#038;ssl=1 600w,https:\/\/i0.wp.com\/lasottevillaise.com\/wp-content\/uploads\/2021\/06\/Screenshot_20210609_152959.jpg?strip=info&#038;w=900&#038;ssl=1 900w,https:\/\/i0.wp.com\/lasottevillaise.com\/wp-content\/uploads\/2021\/06\/Screenshot_20210609_152959.jpg?strip=info&#038;w=1080&#038;ssl=1 1080w\" alt=\"\" data-height=\"798\" data-id=\"1780\" data-link=\"https:\/\/lasottevillaise.com\/index.php\/parkour\/screenshot_20210609_152959\/\" data-url=\"https:\/\/lasottevillaise.com\/wp-content\/uploads\/2021\/06\/Screenshot_20210609_152959.jpg\" data-width=\"1080\" src=\"https:\/\/i0.wp.com\/lasottevillaise.com\/wp-content\/uploads\/2021\/06\/Screenshot_20210609_152959.jpg?ssl=1\" data-amp-layout=\"responsive\"\/><\/figure><\/div><div class=\"tiled-gallery__col\" style=\"flex-basis:17.47443%\"><figure class=\"tiled-gallery__item\"><img decoding=\"async\" srcset=\"https:\/\/i2.wp.com\/lasottevillaise.com\/wp-content\/uploads\/2021\/06\/Screenshot_20210609_152845.jpg?strip=info&#038;w=600&#038;ssl=1 600w,https:\/\/i2.wp.com\/lasottevillaise.com\/wp-content\/uploads\/2021\/06\/Screenshot_20210609_152845.jpg?strip=info&#038;w=900&#038;ssl=1 900w,https:\/\/i2.wp.com\/lasottevillaise.com\/wp-content\/uploads\/2021\/06\/Screenshot_20210609_152845.jpg?strip=info&#038;w=1080&#038;ssl=1 1080w\" alt=\"\" data-height=\"1895\" data-id=\"1778\" data-link=\"https:\/\/lasottevillaise.com\/index.php\/parkour\/screenshot_20210609_152845\/\" data-url=\"https:\/\/lasottevillaise.com\/wp-content\/uploads\/2021\/06\/Screenshot_20210609_152845.jpg\" data-width=\"1080\" src=\"https:\/\/i2.wp.com\/lasottevillaise.com\/wp-content\/uploads\/2021\/06\/Screenshot_20210609_152845.jpg?ssl=1\" data-amp-layout=\"responsive\"\/><\/figure><\/div><div class=\"tiled-gallery__col\" style=\"flex-basis:41.21131%\"><figure class=\"tiled-gallery__item\"><img decoding=\"async\" srcset=\"https:\/\/i2.wp.com\/lasottevillaise.com\/wp-content\/uploads\/2021\/06\/Screenshot_20210609_152713.jpg?strip=info&#038;w=600&#038;ssl=1 600w,https:\/\/i2.wp.com\/lasottevillaise.com\/wp-content\/uploads\/2021\/06\/Screenshot_20210609_152713.jpg?strip=info&#038;w=900&#038;ssl=1 900w,https:\/\/i2.wp.com\/lasottevillaise.com\/wp-content\/uploads\/2021\/06\/Screenshot_20210609_152713.jpg?strip=info&#038;w=1080&#038;ssl=1 1080w\" alt=\"\" data-height=\"800\" data-id=\"1775\" data-link=\"https:\/\/lasottevillaise.com\/index.php\/parkour\/screenshot_20210609_152713\/\" data-url=\"https:\/\/lasottevillaise.com\/wp-content\/uploads\/2021\/06\/Screenshot_20210609_152713.jpg\" data-width=\"1080\" src=\"https:\/\/i2.wp.com\/lasottevillaise.com\/wp-content\/uploads\/2021\/06\/Screenshot_20210609_152713.jpg?ssl=1\" data-amp-layout=\"responsive\"\/><\/figure><\/div><\/div><\/div><\/div>\n","protected":false},"excerpt":{"rendered":"<p>Tel des ninjas ! Venez apprendre \u00e0 maitriser l&#8217;art du d\u00e9placement ! Le Parkour est une discipline LIBRE o\u00f9 vous pourrez vous exprimez comme vous le souhaiterez. Franchir des obstacles, sauter, \u00eatre le plus rapide et r\u00e9aliser des acrobaties sont au c\u0153ur du Parkour. Gr\u00e2ce aux cours et aux \u00e9quipements sp\u00e9cialis\u00e9s pr\u00e9vu pour la discipline, vous pourrez apprendre tout ce dont vous avez besoin pour devenir le Tracer de vos r\u00eaves en toute s\u00e9curit\u00e9. Les cours sont limit\u00e9s \u00e0 15 pratiquants pour 1 encadrant afin de toujours vous assurer des interventions de qualit\u00e9s. Renseignements: 02 35 72 05 03 ou lasottevillaise@gmail.com<\/p>\n","protected":false},"author":1,"featured_media":0,"parent":0,"menu_order":0,"comment_status":"closed","ping_status":"closed","template":"","meta":{"footnotes":""},"jetpack_sharing_enabled":true,"acf":[],"_links":{"self":[{"href":"https:\/\/lasottevillaise.com\/index.php\/wp-json\/wp\/v2\/pages\/77"}],"collection":[{"href":"https:\/\/lasottevillaise.com\/index.php\/wp-json\/wp\/v2\/pages"}],"about":[{"href":"https:\/\/lasottevillaise.com\/index.php\/wp-json\/wp\/v2\/types\/page"}],"author":[{"embeddable":true,"href":"https:\/\/lasottevillaise.com\/index.php\/wp-json\/wp\/v2\/users\/1"}],"replies":[{"embeddable":true,"href":"https:\/\/lasottevillaise.com\/index.php\/wp-json\/wp\/v2\/comments?post=77"}],"version-history":[{"count":28,"href":"https:\/\/lasottevillaise.com\/index.php\/wp-json\/wp\/v2\/pages\/77\/revisions"}],"predecessor-version":[{"id":2424,"href":"https:\/\/lasottevillaise.com\/index.php\/wp-json\/wp\/v2\/pages\/77\/revisions\/2424"}],"wp:attachment":[{"href":"https:\/\/lasottevillaise.com\/index.php\/wp-json\/wp\/v2\/media?parent=77"}],"curies":[{"name":"wp","href":"https:\/\/api.w.org\/{rel}","templated":true}]}}