{"id":81,"date":"2021-01-20T15:16:17","date_gmt":"2021-01-20T14:16:17","guid":{"rendered":"https:\/\/lasottevillaise.com\/?page_id=81"},"modified":"2022-04-12T14:24:47","modified_gmt":"2022-04-12T12:24:47","slug":"gym-adulte","status":"publish","type":"page","link":"https:\/\/lasottevillaise.com\/index.php\/gym-adulte\/","title":{"rendered":"Gym Agr\u00e8s Adulte"},"content":{"rendered":"\n<p>Cette pratique convient \u00e0 tous ceux qui souhaitent<strong><em><span style=\"color:#ff0004\" class=\"tadv-color\"> pratiquer la Gymnastique<\/span><\/em><\/strong> ainsi que se maintenir en<span style=\"color:#ff0004\" class=\"tadv-color\"> <\/span><strong><span style=\"color:#000000\" class=\"tadv-color\">bonne san<\/span><\/strong><span style=\"color:#000000\" class=\"tadv-color\"><strong>t\u00e9<\/strong>,<\/span><span style=\"color:#ff0004\" class=\"tadv-color\"> <\/span><strong><span style=\"color:#000000\" class=\"tadv-color\">se d\u00e9fouler<\/span><\/strong> ou encore <strong><span style=\"color:#000000\" class=\"tadv-color\">d\u00e9velopper ses capacit\u00e9s physiques<\/span><\/strong>. Venez trouver ou <strong><em><span style=\"color:#ff0004\" class=\"tadv-color\">retrouver toutes les sensations forte<\/span><\/em><\/strong>s qu&#8217;apportent les diff\u00e9rents agr\u00e8s.<\/p>\n\n\n\n<p>C&#8217;est une&nbsp;<strong><span style=\"color:#ff0004\" class=\"tadv-color\">activit\u00e9 dynamique<\/span><\/strong> avec des<span style=\"color:#ff0004\" class=\"tadv-color\"> <strong>exercices vari\u00e9s<\/strong><\/span> qui permet de garantir une pratique <strong>s\u00e9curis\u00e9e<\/strong>. <\/p>\n\n\n\n<p>Les s\u00e9ances sont constitu\u00e9es de <strong>renforcement<\/strong> <strong>musculaire<\/strong>, de pratique sur <strong><em><span style=\"color:#ff0004\" class=\"tadv-color\">vos objectifs personnels<\/span><\/em><\/strong> et d<strong>\u2019\u00e9tirements<\/strong> dans un<span style=\"color:#ff0004\" class=\"tadv-color\"> <strong>esprit d&#8217;\u00e9quipe<\/strong><\/span> et de coh\u00e9sion.<\/p>\n\n\n\n<p><\/p>\n\n\n\n<div class=\"wp-block-buttons is-content-justification-center is-layout-flex wp-block-buttons-is-layout-flex\">\n<div class=\"wp-block-button is-style-outline\"><a class=\"wp-block-button__link has-text-color\" href=\"https:\/\/lasottevillaise.com\/index.php\/gym-adulte-2\/\" style=\"color:#ff0004\"><strong><em><span style=\"color:#000000\" class=\"tadv-color\">Voir les horaires<\/span><\/em><\/strong><\/a><\/div>\n<\/div>\n\n\n\n<p><strong><em>Renseignements:<\/em><\/strong> 02 35 72 05 03 ou <a href=\"mailto:lasottevillaise@gmail.com\">lasottevillaise@gmail.com<\/a><\/p>\n\n\n\n<div class=\"wp-block-jetpack-tiled-gallery aligncenter is-style-rectangular\"><div class=\"tiled-gallery__gallery\"><div class=\"tiled-gallery__row\"><div class=\"tiled-gallery__col\" style=\"flex-basis:69.96304%\"><figure class=\"tiled-gallery__item\"><img decoding=\"async\" srcset=\"https:\/\/i2.wp.com\/lasottevillaise.com\/wp-content\/uploads\/2021\/06\/image-GYMadulte-4.png?strip=info&#038;w=600&#038;ssl=1 600w,https:\/\/i2.wp.com\/lasottevillaise.com\/wp-content\/uploads\/2021\/06\/image-GYMadulte-4.png?strip=info&#038;w=703&#038;ssl=1 703w\" alt=\"\" data-height=\"576\" data-id=\"1905\" data-link=\"https:\/\/lasottevillaise.com\/index.php\/gym-adulte\/image-gymadulte-4\/\" data-url=\"https:\/\/lasottevillaise.com\/wp-content\/uploads\/2021\/06\/image-GYMadulte-4.png\" data-width=\"703\" src=\"https:\/\/i2.wp.com\/lasottevillaise.com\/wp-content\/uploads\/2021\/06\/image-GYMadulte-4.png?ssl=1\" data-amp-layout=\"responsive\"\/><\/figure><\/div><div class=\"tiled-gallery__col\" style=\"flex-basis:30.03696%\"><figure class=\"tiled-gallery__item\"><img decoding=\"async\" srcset=\"https:\/\/i0.wp.com\/lasottevillaise.com\/wp-content\/uploads\/2021\/06\/image-GYMadulte-6.png?strip=info&#038;w=600&#038;ssl=1 600w,https:\/\/i0.wp.com\/lasottevillaise.com\/wp-content\/uploads\/2021\/06\/image-GYMadulte-6.png?strip=info&#038;w=757&#038;ssl=1 757w\" alt=\"\" data-height=\"663\" data-id=\"1908\" data-link=\"https:\/\/lasottevillaise.com\/index.php\/gym-adulte\/image-gymadulte-6\/\" data-url=\"https:\/\/lasottevillaise.com\/wp-content\/uploads\/2021\/06\/image-GYMadulte-6.png\" data-width=\"757\" src=\"https:\/\/i0.wp.com\/lasottevillaise.com\/wp-content\/uploads\/2021\/06\/image-GYMadulte-6.png?ssl=1\" data-amp-layout=\"responsive\"\/><\/figure><figure class=\"tiled-gallery__item\"><img decoding=\"async\" srcset=\"https:\/\/i1.wp.com\/lasottevillaise.com\/wp-content\/uploads\/2021\/06\/image-GYMadulte-9.png?strip=info&#038;w=600&#038;ssl=1 600w,https:\/\/i1.wp.com\/lasottevillaise.com\/wp-content\/uploads\/2021\/06\/image-GYMadulte-9.png?strip=info&#038;w=614&#038;ssl=1 614w\" alt=\"\" data-height=\"630\" data-id=\"1912\" data-link=\"https:\/\/lasottevillaise.com\/index.php\/gym-adulte\/image-gymadulte-9\/\" data-url=\"https:\/\/lasottevillaise.com\/wp-content\/uploads\/2021\/06\/image-GYMadulte-9.png\" data-width=\"614\" src=\"https:\/\/i1.wp.com\/lasottevillaise.com\/wp-content\/uploads\/2021\/06\/image-GYMadulte-9.png?ssl=1\" data-amp-layout=\"responsive\"\/><\/figure><\/div><\/div><div class=\"tiled-gallery__row\"><div class=\"tiled-gallery__col\" style=\"flex-basis:19.46296%\"><figure class=\"tiled-gallery__item\"><img decoding=\"async\" srcset=\"https:\/\/i2.wp.com\/lasottevillaise.com\/wp-content\/uploads\/2021\/06\/image-GYMadulte.png?strip=info&#038;w=482&#038;ssl=1 482w\" alt=\"\" data-height=\"590\" data-id=\"1910\" data-link=\"https:\/\/lasottevillaise.com\/index.php\/gym-adulte\/image-gymadulte\/\" data-url=\"https:\/\/lasottevillaise.com\/wp-content\/uploads\/2021\/06\/image-GYMadulte.png\" data-width=\"482\" src=\"https:\/\/i2.wp.com\/lasottevillaise.com\/wp-content\/uploads\/2021\/06\/image-GYMadulte.png?ssl=1\" data-amp-layout=\"responsive\"\/><\/figure><\/div><div class=\"tiled-gallery__col\" style=\"flex-basis:22.32992%\"><figure class=\"tiled-gallery__item\"><img decoding=\"async\" srcset=\"https:\/\/i0.wp.com\/lasottevillaise.com\/wp-content\/uploads\/2021\/06\/image-GYMadulte-2.png?strip=info&#038;w=500&#038;ssl=1 500w\" alt=\"\" data-height=\"533\" data-id=\"1903\" data-link=\"https:\/\/lasottevillaise.com\/index.php\/gym-adulte\/image-gymadulte-2\/\" data-url=\"https:\/\/lasottevillaise.com\/wp-content\/uploads\/2021\/06\/image-GYMadulte-2.png\" data-width=\"500\" src=\"https:\/\/i0.wp.com\/lasottevillaise.com\/wp-content\/uploads\/2021\/06\/image-GYMadulte-2.png?ssl=1\" data-amp-layout=\"responsive\"\/><\/figure><\/div><div class=\"tiled-gallery__col\" style=\"flex-basis:34.89161%\"><figure class=\"tiled-gallery__item\"><img decoding=\"async\" srcset=\"https:\/\/i0.wp.com\/lasottevillaise.com\/wp-content\/uploads\/2021\/06\/image-GYMadulte-5.png?strip=info&#038;w=600&#038;ssl=1 600w,https:\/\/i0.wp.com\/lasottevillaise.com\/wp-content\/uploads\/2021\/06\/image-GYMadulte-5.png?strip=info&#038;w=896&#038;ssl=1 896w\" alt=\"\" data-height=\"610\" data-id=\"1907\" data-link=\"https:\/\/lasottevillaise.com\/index.php\/gym-adulte\/image-gymadulte-5\/\" data-url=\"https:\/\/lasottevillaise.com\/wp-content\/uploads\/2021\/06\/image-GYMadulte-5.png\" data-width=\"896\" src=\"https:\/\/i0.wp.com\/lasottevillaise.com\/wp-content\/uploads\/2021\/06\/image-GYMadulte-5.png?ssl=1\" data-amp-layout=\"responsive\"\/><\/figure><\/div><div class=\"tiled-gallery__col\" style=\"flex-basis:23.31550%\"><figure class=\"tiled-gallery__item\"><img decoding=\"async\" srcset=\"https:\/\/i0.wp.com\/lasottevillaise.com\/wp-content\/uploads\/2021\/06\/image-GYMadulte-3.png?strip=info&#038;w=580&#038;ssl=1 580w\" alt=\"\" data-height=\"592\" data-id=\"1904\" data-link=\"https:\/\/lasottevillaise.com\/index.php\/gym-adulte\/image-gymadulte-3\/\" data-url=\"https:\/\/lasottevillaise.com\/wp-content\/uploads\/2021\/06\/image-GYMadulte-3.png\" data-width=\"580\" src=\"https:\/\/i0.wp.com\/lasottevillaise.com\/wp-content\/uploads\/2021\/06\/image-GYMadulte-3.png?ssl=1\" data-amp-layout=\"responsive\"\/><\/figure><\/div><\/div><\/div><\/div>\n\n\n\n<p><\/p>\n","protected":false},"excerpt":{"rendered":"<p>Cette pratique convient \u00e0 tous ceux qui souhaitent pratiquer la Gymnastique ainsi que se maintenir en bonne sant\u00e9, se d\u00e9fouler ou encore d\u00e9velopper ses capacit\u00e9s physiques. Venez trouver ou retrouver toutes les sensations fortes qu&#8217;apportent les diff\u00e9rents agr\u00e8s. C&#8217;est une&nbsp;activit\u00e9 dynamique avec des exercices vari\u00e9s qui permet de garantir une pratique s\u00e9curis\u00e9e. Les s\u00e9ances sont constitu\u00e9es de renforcement musculaire, de pratique sur vos objectifs personnels et d\u2019\u00e9tirements dans un esprit d&#8217;\u00e9quipe et de coh\u00e9sion. Renseignements: 02 35 72 05 03 ou lasottevillaise@gmail.com<\/p>\n","protected":false},"author":1,"featured_media":0,"parent":0,"menu_order":0,"comment_status":"closed","ping_status":"closed","template":"","meta":{"footnotes":""},"jetpack_sharing_enabled":true,"acf":[],"_links":{"self":[{"href":"https:\/\/lasottevillaise.com\/index.php\/wp-json\/wp\/v2\/pages\/81"}],"collection":[{"href":"https:\/\/lasottevillaise.com\/index.php\/wp-json\/wp\/v2\/pages"}],"about":[{"href":"https:\/\/lasottevillaise.com\/index.php\/wp-json\/wp\/v2\/types\/page"}],"author":[{"embeddable":true,"href":"https:\/\/lasottevillaise.com\/index.php\/wp-json\/wp\/v2\/users\/1"}],"replies":[{"embeddable":true,"href":"https:\/\/lasottevillaise.com\/index.php\/wp-json\/wp\/v2\/comments?post=81"}],"version-history":[{"count":23,"href":"https:\/\/lasottevillaise.com\/index.php\/wp-json\/wp\/v2\/pages\/81\/revisions"}],"predecessor-version":[{"id":2425,"href":"https:\/\/lasottevillaise.com\/index.php\/wp-json\/wp\/v2\/pages\/81\/revisions\/2425"}],"wp:attachment":[{"href":"https:\/\/lasottevillaise.com\/index.php\/wp-json\/wp\/v2\/media?parent=81"}],"curies":[{"name":"wp","href":"https:\/\/api.w.org\/{rel}","templated":true}]}}